{"id":4689,"date":"2021-01-03T21:19:37","date_gmt":"2021-01-03T20:19:37","guid":{"rendered":"https:\/\/ed.aulablog.com\/aguilar2025\/?page_id=4689"},"modified":"2024-11-09T11:30:36","modified_gmt":"2024-11-09T10:30:36","slug":"que-es-juntos-sumamos","status":"publish","type":"page","link":"https:\/\/ed.aulablog.com\/aguilar2025\/que-es-juntos-sumamos\/","title":{"rendered":"\u00bfQu\u00e9 es EDaulaBLOG?"},"content":{"rendered":"<p>[et_pb_section fb_built=\u00bb1&#8243; _builder_version=\u00bb4.16&#8243; _module_preset=\u00bbdefault\u00bb global_colors_info=\u00bb{}\u00bb][et_pb_row column_structure=\u00bb3_4,1_4&#8243; _builder_version=\u00bb4.20.2&#8243; _module_preset=\u00bbdefault\u00bb global_colors_info=\u00bb{}\u00bb][et_pb_column type=\u00bb3_4&#8243; _builder_version=\u00bb4.20.2&#8243; _module_preset=\u00bbdefault\u00bb global_colors_info=\u00bb{}\u00bb][et_pb_post_title author=\u00bboff\u00bb date=\u00bboff\u00bb comments=\u00bboff\u00bb text_color=\u00bblight\u00bb _builder_version=\u00bb4.24.0&#8243; title_font=\u00bbVerdana|700|||||||\u00bb title_font_size=\u00bb55px\u00bb title_line_height=\u00bb2em\u00bb background_color=\u00bb#0da0c5&#8243; hover_enabled=\u00bb0&#8243; box_shadow_style=\u00bbpreset1&#8243; text_shadow_style=\u00bbpreset1&#8243; locked=\u00bboff\u00bb global_colors_info=\u00bb{}\u00bb sticky_enabled=\u00bb0&#8243;][\/et_pb_post_title][et_pb_text _builder_version=\u00bb4.24.0&#8243; _module_preset=\u00bbdefault\u00bb global_colors_info=\u00bb{}\u00bb]<\/p>\n<p>EDaulaBLOG es un evento organizado por la Asociaci\u00f3n aulaBLOG que pretende ser un espacio para hablar de educaci\u00f3n, innovaci\u00f3n, arte y creatividad, orientada especialmente para el profesorado en general y cualquier persona interesada en la educaci\u00f3n.<\/p>\n<p>En Aguilar de Campoo ser\u00e1 <strong>la s\u00e9ptima edici\u00f3n<\/strong> tras las anteriores organizadas en Oviedo, A Coru\u00f1a, Plasencia, en 2021 que se realiz\u00f3 de manera online, Madrid y Bilbao.<\/p>\n<p>Es una sesi\u00f3n en la que se suceder\u00e1n una serie de ponencias de 20 minutos de duraci\u00f3n cada una en tres bloques tem\u00e1ticos a lo largo de la ma\u00f1ana intercalando propuestas musicales y\/o art\u00edsticas entre cada bloque.<\/p>\n<h2>Nos vemos en Aguilar de Campoo el 26 de abril de 2025.<\/h2>\n<p>[\/et_pb_text][\/et_pb_column][et_pb_column type=\u00bb1_4&#8243; _builder_version=\u00bb4.20.2&#8243; _module_preset=\u00bbdefault\u00bb global_colors_info=\u00bb{}\u00bb][et_pb_image src=\u00bbhttps:\/\/ed.aulablog.com\/aguilar2025\/wp-content\/uploads\/sites\/18\/2021\/01\/logo_aulablog_1024.png\u00bb title_text=\u00bblogo_aulablog_1024&#8243; _builder_version=\u00bb4.20.2&#8243; _module_preset=\u00bbdefault\u00bb global_colors_info=\u00bb{}\u00bb][\/et_pb_image][\/et_pb_column][\/et_pb_row][et_pb_row _builder_version=\u00bb4.24.0&#8243; _module_preset=\u00bbdefault\u00bb][et_pb_column _builder_version=\u00bb4.24.0&#8243; _module_preset=\u00bbdefault\u00bb type=\u00bb4_4&#8243; hover_enabled=\u00bb0&#8243; sticky_enabled=\u00bb0&#8243;][\/et_pb_column][\/et_pb_row][\/et_pb_section]<\/p>\n","protected":false},"excerpt":{"rendered":"<p>EDaulaBLOG es un evento organizado por la Asociaci\u00f3n aulaBLOG que pretende ser un espacio para hablar de educaci\u00f3n, innovaci\u00f3n, arte y creatividad, orientada especialmente para el profesorado en general y cualquier persona interesada en la educaci\u00f3n. En Aguilar de Campoo ser\u00e1 la s\u00e9ptima edici\u00f3n tras las anteriores organizadas en Oviedo, A Coru\u00f1a, Plasencia, en 2021 [&hellip;]<\/p>\n","protected":false},"author":3,"featured_media":0,"parent":0,"menu_order":0,"comment_status":"closed","ping_status":"closed","template":"","meta":{"_et_pb_use_builder":"on","_et_pb_old_content":"","_et_gb_content_width":"","footnotes":""},"class_list":["post-4689","page","type-page","status-publish","hentry"],"_links":{"self":[{"href":"https:\/\/ed.aulablog.com\/aguilar2025\/wp-json\/wp\/v2\/pages\/4689","targetHints":{"allow":["GET"]}}],"collection":[{"href":"https:\/\/ed.aulablog.com\/aguilar2025\/wp-json\/wp\/v2\/pages"}],"about":[{"href":"https:\/\/ed.aulablog.com\/aguilar2025\/wp-json\/wp\/v2\/types\/page"}],"author":[{"embeddable":true,"href":"https:\/\/ed.aulablog.com\/aguilar2025\/wp-json\/wp\/v2\/users\/3"}],"replies":[{"embeddable":true,"href":"https:\/\/ed.aulablog.com\/aguilar2025\/wp-json\/wp\/v2\/comments?post=4689"}],"version-history":[{"count":11,"href":"https:\/\/ed.aulablog.com\/aguilar2025\/wp-json\/wp\/v2\/pages\/4689\/revisions"}],"predecessor-version":[{"id":23232,"href":"https:\/\/ed.aulablog.com\/aguilar2025\/wp-json\/wp\/v2\/pages\/4689\/revisions\/23232"}],"wp:attachment":[{"href":"https:\/\/ed.aulablog.com\/aguilar2025\/wp-json\/wp\/v2\/media?parent=4689"}],"curies":[{"name":"wp","href":"https:\/\/api.w.org\/{rel}","templated":true}]}}