{"id":4689,"date":"2021-01-03T21:19:37","date_gmt":"2021-01-03T20:19:37","guid":{"rendered":"https:\/\/ed.aulablog.com\/bilbao2024\/?page_id=4689"},"modified":"2023-12-09T11:38:47","modified_gmt":"2023-12-09T10:38:47","slug":"que-es-juntos-sumamos","status":"publish","type":"page","link":"https:\/\/ed.aulablog.com\/bilbao2024\/que-es-juntos-sumamos\/","title":{"rendered":"\u00bfQU\u00c9 ES EDaulaBLOG?"},"content":{"rendered":"<p>[et_pb_section fb_built=\u00bb1&#8243; _builder_version=\u00bb4.16&#8243; _module_preset=\u00bbdefault\u00bb global_colors_info=\u00bb{}\u00bb][et_pb_row column_structure=\u00bb2_3,1_3&#8243; _builder_version=\u00bb4.20.2&#8243; _module_preset=\u00bbdefault\u00bb global_colors_info=\u00bb{}\u00bb][et_pb_column type=\u00bb2_3&#8243; _builder_version=\u00bb4.20.2&#8243; _module_preset=\u00bbdefault\u00bb global_colors_info=\u00bb{}\u00bb][et_pb_text _builder_version=\u00bb4.20.2&#8243; _module_preset=\u00bbdefault\u00bb global_colors_info=\u00bb{}\u00bb]<\/p>\n<p>EDaulaBLOG es un evento organizado por la Asociaci\u00f3n aulaBLOG que pretende ser un espacio para hablar de educaci\u00f3n, innovaci\u00f3n, arte y creatividad, orientada especialmente para el profesorado en general y cualquier persona interesada en la educaci\u00f3n.<\/p>\n<p>En Bilbao ser\u00e1 <strong>la sexta edici\u00f3n<\/strong> tras las anteriores organizadas en Oviedo, A Coru\u00f1a, Plasencia, en 2021que se realiz\u00f3 de manera online y Madrid.<\/p>\n<p>Es una sesi\u00f3n en la que se suceder\u00e1n una serie de ponencias de 20 minutos de duraci\u00f3n cada una en dos bloques tem\u00e1ticos a lo largo de la ma\u00f1ana intercalando propuestas musicales y\/o art\u00edsticas entre cada bloque.<\/p>\n<p>[\/et_pb_text][\/et_pb_column][et_pb_column type=\u00bb1_3&#8243; _builder_version=\u00bb4.20.2&#8243; _module_preset=\u00bbdefault\u00bb global_colors_info=\u00bb{}\u00bb][et_pb_image src=\u00bbhttps:\/\/ed.aulablog.com\/bilbao2024\/wp-content\/uploads\/sites\/17\/2021\/01\/logo_aulablog_1024.png\u00bb title_text=\u00bblogo_aulablog_1024&#8243; _builder_version=\u00bb4.20.2&#8243; _module_preset=\u00bbdefault\u00bb global_colors_info=\u00bb{}\u00bb][\/et_pb_image][\/et_pb_column][\/et_pb_row][\/et_pb_section]<\/p>\n","protected":false},"excerpt":{"rendered":"<p>EDaulaBLOG es un evento organizado por la Asociaci\u00f3n aulaBLOG que pretende ser un espacio para hablar de educaci\u00f3n, innovaci\u00f3n, arte y creatividad, orientada especialmente para el profesorado en general y cualquier persona interesada en la educaci\u00f3n. En Bilbao ser\u00e1 la sexta edici\u00f3n tras las anteriores organizadas en Oviedo, A Coru\u00f1a, Plasencia, en 2021que se realiz\u00f3 [&hellip;]<\/p>\n","protected":false},"author":3,"featured_media":0,"parent":0,"menu_order":0,"comment_status":"closed","ping_status":"closed","template":"","meta":{"_et_pb_use_builder":"on","_et_pb_old_content":"","_et_gb_content_width":"","footnotes":""},"class_list":["post-4689","page","type-page","status-publish","hentry"],"_links":{"self":[{"href":"https:\/\/ed.aulablog.com\/bilbao2024\/wp-json\/wp\/v2\/pages\/4689","targetHints":{"allow":["GET"]}}],"collection":[{"href":"https:\/\/ed.aulablog.com\/bilbao2024\/wp-json\/wp\/v2\/pages"}],"about":[{"href":"https:\/\/ed.aulablog.com\/bilbao2024\/wp-json\/wp\/v2\/types\/page"}],"author":[{"embeddable":true,"href":"https:\/\/ed.aulablog.com\/bilbao2024\/wp-json\/wp\/v2\/users\/3"}],"replies":[{"embeddable":true,"href":"https:\/\/ed.aulablog.com\/bilbao2024\/wp-json\/wp\/v2\/comments?post=4689"}],"version-history":[{"count":7,"href":"https:\/\/ed.aulablog.com\/bilbao2024\/wp-json\/wp\/v2\/pages\/4689\/revisions"}],"predecessor-version":[{"id":23166,"href":"https:\/\/ed.aulablog.com\/bilbao2024\/wp-json\/wp\/v2\/pages\/4689\/revisions\/23166"}],"wp:attachment":[{"href":"https:\/\/ed.aulablog.com\/bilbao2024\/wp-json\/wp\/v2\/media?parent=4689"}],"curies":[{"name":"wp","href":"https:\/\/api.w.org\/{rel}","templated":true}]}}