{"id":4689,"date":"2021-01-03T21:19:37","date_gmt":"2021-01-03T20:19:37","guid":{"rendered":"https:\/\/ed.aulablog.com\/edaulablognodosur2021\/?page_id=4689"},"modified":"2021-01-03T21:21:52","modified_gmt":"2021-01-03T20:21:52","slug":"que-es-juntos-sumamos","status":"publish","type":"page","link":"https:\/\/ed.aulablog.com\/edaulablognodosur2021\/que-es-juntos-sumamos\/","title":{"rendered":"\u00bfQU\u00c9 ES JUNTOS SUMAMOS?"},"content":{"rendered":"<p>[et_pb_section fb_built=\u00bb1&#8243; _builder_version=\u00bb4.7.7&#8243; _module_preset=\u00bbdefault\u00bb][et_pb_row column_structure=\u00bb1_2,1_2&#8243; _builder_version=\u00bb4.7.7&#8243; _module_preset=\u00bbdefault\u00bb][et_pb_column type=\u00bb1_2&#8243; _builder_version=\u00bb4.7.7&#8243; _module_preset=\u00bbdefault\u00bb][et_pb_image src=\u00bbhttps:\/\/ed.aulablog.com\/edaulablognodosur2021\/wp-content\/uploads\/sites\/14\/2021\/01\/unnamed.jpg\u00bb title_text=\u00bbunnamed\u00bb _builder_version=\u00bb4.7.7&#8243; _module_preset=\u00bbdefault\u00bb][\/et_pb_image][\/et_pb_column][et_pb_column type=\u00bb1_2&#8243; _builder_version=\u00bb4.7.7&#8243; _module_preset=\u00bbdefault\u00bb][et_pb_slider _builder_version=\u00bb4.7.7&#8243; _module_preset=\u00bbdefault\u00bb background_color=\u00bb#12876f\u00bb][et_pb_slide heading=\u00bbJUNTOS SUMAMOS\u00bb _builder_version=\u00bb4.7.7&#8243; _module_preset=\u00bbdefault\u00bb sticky_transition=\u00bbon\u00bb]<\/p>\n<p><span style=\"font-weight: 400;\">La \u201carbonaida\u201d, la blanca y verde, en nuestra lengua romance (aljam\u00eda).<\/span><\/p>\n<p><span style=\"font-weight: 400;\">El de nuestras campi\u00f1as y tierras, el del pend\u00f3n omeya para convocar al pueblo.<\/span><\/p>\n<p><span style=\"font-weight: 400;\">El blanco de nuestros pueblos encalados, color del perd\u00f3n almohade, de la paz y de la asamblea.<\/span><\/p>\n<p><span style=\"font-weight: 400;\">Nuestros deseos para este nuevo a\u00f1o: concordia y esperanza.<\/span><\/p>\n<p><span style=\"font-weight: 400;\">Al que a\u00f1adimos el color p\u00farpura. El de los tintes fenicios extra\u00eddos de los b\u00fazanos. El color de la nobleza. El rojo nazar\u00ed.<\/span><\/p>\n<p><span style=\"font-weight: 400;\">Todo unido nos dice que : <strong>\u201cJuntos sumamos m\u00e1s\u201d.<\/strong><\/span><\/p>\n<p>[\/et_pb_slide][\/et_pb_slider][\/et_pb_column][\/et_pb_row][\/et_pb_section]<\/p>\n","protected":false},"excerpt":{"rendered":"<p>La \u201carbonaida\u201d, la blanca y verde, en nuestra lengua romance (aljam\u00eda). El de nuestras campi\u00f1as y tierras, el del pend\u00f3n omeya para convocar al pueblo. El blanco de nuestros pueblos encalados, color del perd\u00f3n almohade, de la paz y de la asamblea. Nuestros deseos para este nuevo a\u00f1o: concordia y esperanza. Al que a\u00f1adimos el [&hellip;]<\/p>\n","protected":false},"author":3,"featured_media":0,"parent":0,"menu_order":0,"comment_status":"closed","ping_status":"closed","template":"","meta":{"_et_pb_use_builder":"on","_et_pb_old_content":"","_et_gb_content_width":"","footnotes":""},"class_list":["post-4689","page","type-page","status-publish","hentry"],"_links":{"self":[{"href":"https:\/\/ed.aulablog.com\/edaulablognodosur2021\/wp-json\/wp\/v2\/pages\/4689","targetHints":{"allow":["GET"]}}],"collection":[{"href":"https:\/\/ed.aulablog.com\/edaulablognodosur2021\/wp-json\/wp\/v2\/pages"}],"about":[{"href":"https:\/\/ed.aulablog.com\/edaulablognodosur2021\/wp-json\/wp\/v2\/types\/page"}],"author":[{"embeddable":true,"href":"https:\/\/ed.aulablog.com\/edaulablognodosur2021\/wp-json\/wp\/v2\/users\/3"}],"replies":[{"embeddable":true,"href":"https:\/\/ed.aulablog.com\/edaulablognodosur2021\/wp-json\/wp\/v2\/comments?post=4689"}],"version-history":[{"count":3,"href":"https:\/\/ed.aulablog.com\/edaulablognodosur2021\/wp-json\/wp\/v2\/pages\/4689\/revisions"}],"predecessor-version":[{"id":4698,"href":"https:\/\/ed.aulablog.com\/edaulablognodosur2021\/wp-json\/wp\/v2\/pages\/4689\/revisions\/4698"}],"wp:attachment":[{"href":"https:\/\/ed.aulablog.com\/edaulablognodosur2021\/wp-json\/wp\/v2\/media?parent=4689"}],"curies":[{"name":"wp","href":"https:\/\/api.w.org\/{rel}","templated":true}]}}