{"id":192,"date":"2017-08-06T08:56:18","date_gmt":"2017-08-06T07:56:18","guid":{"rendered":"http:\/\/www.tedxoviedoed.es\/?page_id=192"},"modified":"2018-12-26T13:52:38","modified_gmt":"2018-12-26T12:52:38","slug":"fermin-gonzalez","status":"publish","type":"page","link":"https:\/\/ed.aulablog.com\/finisterrae2019\/ponentes\/fermin-gonzalez\/","title":{"rendered":"Ferm\u00edn Gonz\u00e1lez"},"content":{"rendered":"<p>[et_pb_section fb_built=\u00bb1&#8243; _builder_version=\u00bb3.0.47&#8243;][et_pb_row _builder_version=\u00bb3.18.8&#8243;][et_pb_column type=\u00bb1_2&#8243; _builder_version=\u00bb3.18.8&#8243; parallax=\u00bboff\u00bb parallax_method=\u00bbon\u00bb][et_pb_image src=\u00bbhttps:\/\/ed.aulablog.com\/finisterrae2019\/wp-content\/uploads\/sites\/10\/2018\/12\/FERMI\u0301NBLANCO.jpg\u00bb _builder_version=\u00bb3.18.8&#8243;][\/et_pb_image][\/et_pb_column][et_pb_column type=\u00bb1_2&#8243; _builder_version=\u00bb3.18.8&#8243; parallax=\u00bboff\u00bb parallax_method=\u00bbon\u00bb][et_pb_image src=\u00bbhttps:\/\/ed.aulablog.com\/finisterrae2019\/wp-content\/uploads\/sites\/10\/2018\/12\/logo_tendencias-copia-4.png\u00bb _builder_version=\u00bb3.18.8&#8243;][\/et_pb_image][\/et_pb_column][\/et_pb_row][et_pb_row _builder_version=\u00bb3.18.8&#8243;][et_pb_column type=\u00bb4_4&#8243; _builder_version=\u00bb3.18.8&#8243; parallax=\u00bboff\u00bb parallax_method=\u00bbon\u00bb][et_pb_text _builder_version=\u00bb3.18.8&#8243;]<\/p>\n<blockquote>\n<h1>Ferm\u00edn Gonz\u00e1lez Blanco\/Mr LUPO<\/h1>\n<p>&nbsp;<\/p>\n<p><span style=\"font-weight: 400\"><strong>Centro de trabajo<\/strong>:\u00a0 IE University \/Sistemas constructivos<\/span><\/p>\n<p><span style=\"font-weight: 400\"><a href=\"http:\/\/www.ferminblanco.com\">www.ferminblanco.com<\/a><a href=\"http:\/\/www.ferminblanco.com\/\"><\/a><\/span><\/p>\n<p><span style=\"font-weight: 400\">\u00a0 \u00a0\u00a0<\/span><\/p>\n<p style=\"text-align: justify\"><span style=\"font-weight: 400\">Es doctor arquitecto por la Universidad Polite\u0301cnica de Madrid y arquitecto por la ETSAVA. Su trayectoria profesional esta\u0301 impregnada por el cara\u0301cter educativo y divulgativo de sus proyectos, siempre en un a\u0301mbito hi\u0301brido entre disciplinas. Desde 2011 es profesor de Sistemas de Construccio\u0301n en la IE School of Architecture and Design. Comienza su experiencia profesional con el arquitecto Manuel Gallego (2003-2006) y a partir de 2006 ejerce la profesio\u0301n desde su propio estudio de arquitectura en A Corun\u0303a. Durante estos an\u0303os ha realizado exposiciones e impartido cursos y conferencias relacionados con la arquitectura, el disen\u0303o y la dida\u0301ctica.<\/span><\/p>\n<p style=\"text-align: justify\"><span style=\"font-weight: 400\"> En 2008 funda Sistema Lupo, un paraguas bajo el que actualmente se cobija un excelente equipo de profesionales implicados en el binomio arquitectura-educacio\u0301n. Su premiada tesis doctoral, \u201cLos huesos de Fisac: la bu\u0301squeda de la pieza ideal\u201d, marco\u0301 el inicio de una serie de proyectos de cara\u0301cter cienti\u0301fico-divulgativo sobre la transferencia del conocimiento desde la te\u0301cnica y el arte a la sociedad. En la actualidad coordina entre otros los programas \u00abNenoarquitectura\u00bben la Fundacio\u0301n Lui\u0301s Seoane de A Corun\u0303a, y \u00abMIES e\u0301 +\u00bb no CGAC y es presidente-coordinador (ocasional) de la Asociacio\u0301n Ludantia Arquitectura y Educacio\u0301n.<\/span><\/p>\n<p style=\"text-align: justify\"><span style=\"font-weight: 400\">\u00a0 \u00a0 \u00a0\u00a0<\/span><\/p>\n<p style=\"text-align: justify\"><span style=\"font-weight: 400\"><strong>T\u00edtulo de la charla<\/strong>:\u00a0<span style=\"color: #e09900\">Lo cooperativo desde la arquitectura<\/span><\/span><\/p>\n<\/blockquote>\n<p>[\/et_pb_text][\/et_pb_column][\/et_pb_row][\/et_pb_section]<\/p>\n","protected":false},"excerpt":{"rendered":"<p>Ferm\u00edn Gonz\u00e1lez Blanco\/Mr LUPO &nbsp; Centro de trabajo:\u00a0 IE University \/Sistemas constructivos www.ferminblanco.com \u00a0 \u00a0\u00a0 Es doctor arquitecto por la Universidad Polite\u0301cnica de Madrid y arquitecto por la ETSAVA. Su trayectoria profesional esta\u0301 impregnada por el cara\u0301cter educativo y divulgativo de sus proyectos, siempre en un a\u0301mbito hi\u0301brido entre disciplinas. Desde 2011 es profesor de [&hellip;]<\/p>\n","protected":false},"author":10,"featured_media":0,"parent":51,"menu_order":5,"comment_status":"closed","ping_status":"closed","template":"","meta":{"_et_pb_use_builder":"on","_et_pb_old_content":"<div class=\"\"><strong>\u00a0<\/strong><\/div><div class=\"\">Artista y Formador. Con amplia experiencia docente, conjuga el mimo, la expresi\u00f3n corporal, el teatro, la pintura, la fotograf\u00eda y el dise\u00f1o. Especializado en creatividad y comunicaci\u00f3n.<\/div><div class=\"\">Tiene varias exposiciones itinerantes de pintura sobre Derechos Humanos y de fotograf\u00eda. Ha actuado en diferentes pa\u00edses como mimo: en teatros, c\u00e1rceles, hospitales, campos de refugiados, etc.<\/div><div class=\"\">\u00a0<\/div><div class=\"\">Su p\u00e1gina web es <span class=\"\"><b class=\"\"><a class=\"\" href=\"http:\/\/www.sirolopez.com\/\">www.sirolopez.com<\/a><\/b><\/span>, donde encontrar\u00e9is much\u00edsimo material de su obra art\u00edstica. En redes sociales: @_Sirolopez_<\/div><div class=\"\">\u00a0<\/div><div class=\"\"><b class=\"\">Posee varios LIBROS publicados<\/b><span class=\"\">:<\/span><\/div><div class=\"\">\u00a0<\/div><div class=\"\"><b class=\"\">Nos miran<\/b>. 2002.<\/div><div class=\"\"><b class=\"\">Cuerpo y Sangre<\/b>. Ed. Siglo XXI, 2003.<\/div><div class=\"\"><b class=\"\">Cara y Cruz<\/b>. Ed. Siglo XXI, 2005.<\/div><div class=\"\"><b class=\"\">Contenedor de silencios<\/b>. Ediciones Khaf, Edelvives, 2009.<\/div><div class=\"\"><b class=\"\">S\u00f3lo respirar<\/b>. Seguir Caminando, 2014.<\/div><div class=\"\"><b class=\"\">Crea<\/b>. Ed. Edelvives, 2015.<\/div><div class=\"\"><b class=\"\">Crucificados de hoy<\/b>. Ed. San Pablo, 2017.<\/div>","_et_gb_content_width":"","footnotes":""},"class_list":["post-192","page","type-page","status-publish","hentry"],"_links":{"self":[{"href":"https:\/\/ed.aulablog.com\/finisterrae2019\/wp-json\/wp\/v2\/pages\/192","targetHints":{"allow":["GET"]}}],"collection":[{"href":"https:\/\/ed.aulablog.com\/finisterrae2019\/wp-json\/wp\/v2\/pages"}],"about":[{"href":"https:\/\/ed.aulablog.com\/finisterrae2019\/wp-json\/wp\/v2\/types\/page"}],"author":[{"embeddable":true,"href":"https:\/\/ed.aulablog.com\/finisterrae2019\/wp-json\/wp\/v2\/users\/10"}],"replies":[{"embeddable":true,"href":"https:\/\/ed.aulablog.com\/finisterrae2019\/wp-json\/wp\/v2\/comments?post=192"}],"version-history":[{"count":8,"href":"https:\/\/ed.aulablog.com\/finisterrae2019\/wp-json\/wp\/v2\/pages\/192\/revisions"}],"predecessor-version":[{"id":4433,"href":"https:\/\/ed.aulablog.com\/finisterrae2019\/wp-json\/wp\/v2\/pages\/192\/revisions\/4433"}],"up":[{"embeddable":true,"href":"https:\/\/ed.aulablog.com\/finisterrae2019\/wp-json\/wp\/v2\/pages\/51"}],"wp:attachment":[{"href":"https:\/\/ed.aulablog.com\/finisterrae2019\/wp-json\/wp\/v2\/media?parent=192"}],"curies":[{"name":"wp","href":"https:\/\/api.w.org\/{rel}","templated":true}]}}