{"id":301,"date":"2017-09-03T18:54:37","date_gmt":"2017-09-03T17:54:37","guid":{"rendered":"http:\/\/www.tedxoviedoed.es\/?page_id=301"},"modified":"2018-12-26T13:46:01","modified_gmt":"2018-12-26T12:46:01","slug":"raquel-quintela","status":"publish","type":"page","link":"https:\/\/ed.aulablog.com\/finisterrae2019\/ponentes\/raquel-quintela\/","title":{"rendered":"Raquel Quintela"},"content":{"rendered":"<p>[et_pb_section fb_built=\u00bb1&#8243; _builder_version=\u00bb3.0.47&#8243;][et_pb_row _builder_version=\u00bb3.18.8&#8243;][et_pb_column type=\u00bb1_2&#8243; _builder_version=\u00bb3.18.8&#8243; parallax=\u00bboff\u00bb parallax_method=\u00bbon\u00bb][et_pb_image src=\u00bbhttps:\/\/ed.aulablog.com\/finisterrae2019\/wp-content\/uploads\/sites\/10\/2018\/12\/RAQUEL-1.jpg\u00bb _builder_version=\u00bb3.18.8&#8243;][\/et_pb_image][\/et_pb_column][et_pb_column type=\u00bb1_2&#8243; _builder_version=\u00bb3.18.8&#8243; parallax=\u00bboff\u00bb parallax_method=\u00bbon\u00bb][et_pb_image src=\u00bbhttps:\/\/ed.aulablog.com\/finisterrae2019\/wp-content\/uploads\/sites\/10\/2018\/12\/logo_tendencias-copia-4.png\u00bb _builder_version=\u00bb3.18.8&#8243;][\/et_pb_image][\/et_pb_column][\/et_pb_row][et_pb_row _builder_version=\u00bb3.0.48&#8243; background_size=\u00bbinitial\u00bb background_position=\u00bbtop_left\u00bb background_repeat=\u00bbrepeat\u00bb][et_pb_column type=\u00bb2_3&#8243; _builder_version=\u00bb3.0.47&#8243; parallax=\u00bboff\u00bb parallax_method=\u00bbon\u00bb][et_pb_text _builder_version=\u00bb3.0.87&#8243; border_style=\u00bbsolid\u00bb]<\/p>\n<blockquote>\n<h2 style=\"text-align: justify\">Raquel Quintela L\u00f3pez<\/h2>\n<p>&nbsp;<\/p>\n<p style=\"text-align: justify\"><b>Centro de trabajo: <\/b><span style=\"font-weight: 400\">CEE Ntra Sra de Lourdes (ASPRONAGA) A Coru\u00f1a<\/span><\/p>\n<p style=\"text-align: justify\"><span style=\"font-weight: 400\">\u00a0\u00a0<\/span><\/p>\n<p style=\"text-align: justify\"><span style=\"font-weight: 400\">Soy maestra especialista en pedagog\u00eda terap\u00e9utica. Llevo 15 a\u00f1os trabajando como tutora de aula, en el colegio de educaci\u00f3n especial Ntra Sra de Lourdes (pertenciente a la Asociaci\u00f3n Aspronaga). Gran amante de mi trabajo, orgullosa de los logros de mis alumnos, incansable viajeira y sempre al lado de aquel que lo necesita.<\/span><\/p>\n<p style=\"text-align: justify\"><span style=\"font-weight: 400\">\u00a0\u00a0<\/span><\/p>\n<p style=\"text-align: justify\"><b>T\u00edtulo da charla\/ponencia: <\/b><span style=\"font-weight: 400;color: #f7a900\">La solidaridad desde las aulas<\/span><\/p>\n<p style=\"text-align: justify\"><span style=\"font-weight: 400\">\u00a0\u00a0<\/span><\/p>\n<p dir=\"ltr\" style=\"text-align: justify\"><b>Breve resumen<\/b>:<\/p>\n<p dir=\"ltr\">El<span style=\"font-weight: 400\">\u00a0<\/span><span style=\"font-weight: 400\">principal objetivo de estas acciones solidarias, es promover los valores de solidaridad, participaci\u00f3n, compromiso social y el\u00a0 voluntariado, entre toda la comunidad educativa.<\/span><\/p>\n<\/blockquote>\n<p>[\/et_pb_text][\/et_pb_column][et_pb_column type=\u00bb1_3&#8243; _builder_version=\u00bb3.0.47&#8243; parallax=\u00bboff\u00bb parallax_method=\u00bbon\u00bb][et_pb_image src=\u00bbhttps:\/\/ed.aulablog.com\/finisterrae2019\/wp-content\/uploads\/sites\/10\/2017\/07\/Charo7.jpg\u00bb _builder_version=\u00bb3.0.87&#8243; animation_style=\u00bbslide\u00bb animation_direction=\u00bbleft\u00bb animation_duration=\u00bb500ms\u00bb animation_intensity_slide=\u00bb10%\u00bb sticky=\u00bboff\u00bb border_style=\u00bbsolid\u00bb][\/et_pb_image][\/et_pb_column][\/et_pb_row][\/et_pb_section]<\/p>\n","protected":false},"excerpt":{"rendered":"<p>Raquel Quintela L\u00f3pez &nbsp; Centro de trabajo: CEE Ntra Sra de Lourdes (ASPRONAGA) A Coru\u00f1a \u00a0\u00a0 Soy maestra especialista en pedagog\u00eda terap\u00e9utica. Llevo 15 a\u00f1os trabajando como tutora de aula, en el colegio de educaci\u00f3n especial Ntra Sra de Lourdes (pertenciente a la Asociaci\u00f3n Aspronaga). Gran amante de mi trabajo, orgullosa de los logros de [&hellip;]<\/p>\n","protected":false},"author":10,"featured_media":0,"parent":51,"menu_order":3,"comment_status":"closed","ping_status":"closed","template":"","meta":{"_et_pb_use_builder":"on","_et_pb_old_content":"","_et_gb_content_width":"","footnotes":""},"class_list":["post-301","page","type-page","status-publish","hentry"],"_links":{"self":[{"href":"https:\/\/ed.aulablog.com\/finisterrae2019\/wp-json\/wp\/v2\/pages\/301","targetHints":{"allow":["GET"]}}],"collection":[{"href":"https:\/\/ed.aulablog.com\/finisterrae2019\/wp-json\/wp\/v2\/pages"}],"about":[{"href":"https:\/\/ed.aulablog.com\/finisterrae2019\/wp-json\/wp\/v2\/types\/page"}],"author":[{"embeddable":true,"href":"https:\/\/ed.aulablog.com\/finisterrae2019\/wp-json\/wp\/v2\/users\/10"}],"replies":[{"embeddable":true,"href":"https:\/\/ed.aulablog.com\/finisterrae2019\/wp-json\/wp\/v2\/comments?post=301"}],"version-history":[{"count":8,"href":"https:\/\/ed.aulablog.com\/finisterrae2019\/wp-json\/wp\/v2\/pages\/301\/revisions"}],"predecessor-version":[{"id":1015,"href":"https:\/\/ed.aulablog.com\/finisterrae2019\/wp-json\/wp\/v2\/pages\/301\/revisions\/1015"}],"up":[{"embeddable":true,"href":"https:\/\/ed.aulablog.com\/finisterrae2019\/wp-json\/wp\/v2\/pages\/51"}],"wp:attachment":[{"href":"https:\/\/ed.aulablog.com\/finisterrae2019\/wp-json\/wp\/v2\/media?parent=301"}],"curies":[{"name":"wp","href":"https:\/\/api.w.org\/{rel}","templated":true}]}}