{"id":342,"date":"2017-10-20T09:31:52","date_gmt":"2017-10-20T08:31:52","guid":{"rendered":"http:\/\/www.tedxoviedoed.es\/?page_id=342"},"modified":"2018-12-26T13:49:56","modified_gmt":"2018-12-26T12:49:56","slug":"thais-pousada","status":"publish","type":"page","link":"https:\/\/ed.aulablog.com\/finisterrae2019\/ponentes\/thais-pousada\/","title":{"rendered":"Thais Pousada"},"content":{"rendered":"<p>[et_pb_section fb_built=\u00bb1&#8243; _builder_version=\u00bb3.0.47&#8243;][et_pb_row _builder_version=\u00bb3.18.8&#8243;][et_pb_column type=\u00bb1_2&#8243; _builder_version=\u00bb3.18.8&#8243; parallax=\u00bboff\u00bb parallax_method=\u00bbon\u00bb][et_pb_image src=\u00bbhttps:\/\/ed.aulablog.com\/finisterrae2019\/wp-content\/uploads\/sites\/10\/2018\/12\/THAIS-1.jpg\u00bb _builder_version=\u00bb3.18.8&#8243;][\/et_pb_image][\/et_pb_column][et_pb_column type=\u00bb1_2&#8243; _builder_version=\u00bb3.18.8&#8243; parallax=\u00bboff\u00bb parallax_method=\u00bbon\u00bb][et_pb_image src=\u00bbhttps:\/\/ed.aulablog.com\/finisterrae2019\/wp-content\/uploads\/sites\/10\/2018\/12\/logo_tendencias-copia-4.png\u00bb _builder_version=\u00bb3.18.8&#8243;][\/et_pb_image][\/et_pb_column][\/et_pb_row][et_pb_row _builder_version=\u00bb3.18.8&#8243;][et_pb_column type=\u00bb4_4&#8243; _builder_version=\u00bb3.18.8&#8243; parallax=\u00bboff\u00bb parallax_method=\u00bbon\u00bb][et_pb_text _builder_version=\u00bb3.18.8&#8243;]<\/p>\n<blockquote>\n<h1>Thais Pousada Garc\u00eda<\/h1>\n<p><span style=\"font-size: 14px\"><strong>Centro de trabajo<\/strong>: <\/span><\/p>\n<p><span style=\"font-size: 14px\">Universidad de A Coru\u00f1a. Facultad de <\/span><span style=\"font-size: 14px\">Ciencias<\/span><span style=\"font-size: 14px\"> de la salud.<\/span><\/p>\n<p><span style=\"font-size: 14px;text-align: justify\">\u00a0 \u00a0\u00a0<\/span><\/p>\n<p style=\"text-align: justify\"><span style=\"font-size: 14px;text-align: justify\">Terapeuta ocupacional por vocaci\u00f3n, profesora universitaria por tentaci\u00f3n del destino, enfermera y <\/span><span style=\"font-size: 14px;text-align: justify\">clarinetista<\/span><span style=\"font-size: 14px;text-align: justify\"> en los tiempos de ocio. Actualmente trabajo en la Universidad de A Coru\u00f1a, impartiendo docencia en el Grado de Terapia Ocupacional en las materias sobre los adultos con discapacidad f\u00edsica y sobre la intervenci\u00f3n de la terapia ocupacional en la infancia y en la adolescencia. Mi experiencia profesional estuvo ligada a las asociaciones <\/span><span style=\"font-size: 14px;text-align: justify\">ASEM<\/span><span style=\"font-size: 14px;text-align: justify\"> Galicia (de enfermedades <\/span><span style=\"font-size: 14px;text-align: justify\">neuromusculares<\/span><span style=\"font-size: 14px;text-align: justify\">) y <\/span><span style=\"font-size: 14px;text-align: justify\">ASPACE<\/span><span style=\"font-size: 14px;text-align: justify\"> Coru\u00f1a, as\u00ed como en residencias geri\u00e1tricas. El trabajo en las asociaciones me permiti\u00f3 tener contacto con la realidad de los ni\u00f1os y ni\u00f1as con diversidad funcional y su inclusi\u00f3n (o falta de ella) en las aulas educativas de primaria y secundaria. Por eso, naci\u00f3 mi inter\u00e9s sobre posibilidades de las adaptaciones del acceso al curr\u00edculo, recursos de apoyo e ideas, desde la perspectiva ocupacional, para la atenci\u00f3n a la diversidad.<\/span><\/p>\n<p style=\"text-align: justify\"><span style=\"font-size: 14px;text-align: justify\">\u00a0 \u00a0 \u00a0 \u00a0 \u00a0 \u00a0 \u00a0 \u00a0\u00a0<\/span><\/p>\n<p style=\"text-align: justify\"><span style=\"font-size: 14px;text-align: justify\"><\/span><\/p>\n<div class=\"col_b\">\n<div class=\"textbox\">\n<div class=\"textarea unknown\"><strong>T\u00edtulo de la charla:\u00a0<span style=\"color: #e09900\">\u00a0<\/span><\/strong><span style=\"color: #e09900\">Atenci\u00f3n a la diversidad e inclusi\u00f3n educativa. Realidades y aportaciones desde la perspectiva de la Terapia Ocupacional<\/span><\/div>\n<\/div>\n<\/div>\n<div class=\"col_b\">\n<div class=\"textbox\">\n<div class=\"textarea unknown\">\u00a0 \u00a0 \u00a0 \u00a0 \u00a0<\/div>\n<div class=\"textarea unknown\"><strong>Breve resumen:<\/strong><\/div>\n<\/div>\n<\/div>\n<div class=\"col_b\">\n<div class=\"textbox\">\n<div class=\"textarea unknown\" style=\"text-align: justify\">En esta charla, se tratar\u00e1 de poner en conocimiento, de manera pr\u00e1ctica y sint\u00e9tica, los recursos y productos de apoyo existentes para una atenci\u00f3n a la diversidad completa y coordinada. De cara a los asistentes a <span>EDaulaBLOG<\/span>, en su mayor\u00eda, profesores de diferentes niveles de ense\u00f1anza, se\u00a0<span>aportar\u00eda<\/span>\u00a0una perspectiva complementaria y de inter\u00e9s sobre la inclusi\u00f3n educativa, desde el punto de vista de la Terapia Ocupacional. Se intentar\u00e1 transmitir la importancia del trabajo coordinado y complementario que podr\u00eda <span>aportar<\/span> la presencia de la figura de un terapeuta ocupacional en los equipos de orientaci\u00f3n. Se ofrecer\u00e1n las claves para realizar una evaluaci\u00f3n adecuada para la detecci\u00f3n de necesidades de adaptaci\u00f3n del puesto escolar y conocer, de forma gen\u00e9rica, las posibilidades existentes de los productos de apoyo, adaptaciones del puesto escolar y uso de espacios para hacer efectiva dicta adecuaci\u00f3n del contorno, m\u00e1s all\u00e1 de las adaptaciones curriculares. Garantizar la igualdad de oportunidades y la inclusi\u00f3n educativa real es un deber de los diferentes agentes de la ense\u00f1anza, por qu\u00e9 no conocer m\u00e1s recursos para <span>aportar<\/span> m\u00e1s.<\/div>\n<\/div>\n<\/div>\n<p style=\"text-align: justify\">\n<\/blockquote>\n<div class=\"col_b\">\n<div class=\"textbox\"><\/div>\n<\/div>\n<p>&nbsp;<\/p>\n<p>[\/et_pb_text][\/et_pb_column][\/et_pb_row][\/et_pb_section]<\/p>\n","protected":false},"excerpt":{"rendered":"<p>Thais Pousada Garc\u00eda Centro de trabajo: Universidad de A Coru\u00f1a. Facultad de Ciencias de la salud. \u00a0 \u00a0\u00a0 Terapeuta ocupacional por vocaci\u00f3n, profesora universitaria por tentaci\u00f3n del destino, enfermera y clarinetista en los tiempos de ocio. Actualmente trabajo en la Universidad de A Coru\u00f1a, impartiendo docencia en el Grado de Terapia Ocupacional en las materias [&hellip;]<\/p>\n","protected":false},"author":10,"featured_media":0,"parent":51,"menu_order":4,"comment_status":"closed","ping_status":"closed","template":"","meta":{"_et_pb_use_builder":"on","_et_pb_old_content":"","_et_gb_content_width":"","footnotes":""},"class_list":["post-342","page","type-page","status-publish","hentry"],"_links":{"self":[{"href":"https:\/\/ed.aulablog.com\/finisterrae2019\/wp-json\/wp\/v2\/pages\/342","targetHints":{"allow":["GET"]}}],"collection":[{"href":"https:\/\/ed.aulablog.com\/finisterrae2019\/wp-json\/wp\/v2\/pages"}],"about":[{"href":"https:\/\/ed.aulablog.com\/finisterrae2019\/wp-json\/wp\/v2\/types\/page"}],"author":[{"embeddable":true,"href":"https:\/\/ed.aulablog.com\/finisterrae2019\/wp-json\/wp\/v2\/users\/10"}],"replies":[{"embeddable":true,"href":"https:\/\/ed.aulablog.com\/finisterrae2019\/wp-json\/wp\/v2\/comments?post=342"}],"version-history":[{"count":10,"href":"https:\/\/ed.aulablog.com\/finisterrae2019\/wp-json\/wp\/v2\/pages\/342\/revisions"}],"predecessor-version":[{"id":1016,"href":"https:\/\/ed.aulablog.com\/finisterrae2019\/wp-json\/wp\/v2\/pages\/342\/revisions\/1016"}],"up":[{"embeddable":true,"href":"https:\/\/ed.aulablog.com\/finisterrae2019\/wp-json\/wp\/v2\/pages\/51"}],"wp:attachment":[{"href":"https:\/\/ed.aulablog.com\/finisterrae2019\/wp-json\/wp\/v2\/media?parent=342"}],"curies":[{"name":"wp","href":"https:\/\/api.w.org\/{rel}","templated":true}]}}