{"id":345,"date":"2017-10-20T09:35:49","date_gmt":"2017-10-20T08:35:49","guid":{"rendered":"http:\/\/www.tedxoviedoed.es\/?page_id=345"},"modified":"2018-12-27T22:51:39","modified_gmt":"2018-12-27T21:51:39","slug":"montse-sancho","status":"publish","type":"page","link":"https:\/\/ed.aulablog.com\/finisterrae2019\/ponentes\/montse-sancho\/","title":{"rendered":"Montse Sancho y F\u00e9lix Arias"},"content":{"rendered":"<p>[et_pb_section fb_built=\u00bb1&#8243; _builder_version=\u00bb3.0.47&#8243;][et_pb_row _builder_version=\u00bb3.18.8&#8243;][et_pb_column type=\u00bb1_3&#8243; _builder_version=\u00bb3.18.8&#8243; parallax=\u00bboff\u00bb parallax_method=\u00bbon\u00bb][et_pb_image src=\u00bbhttps:\/\/ed.aulablog.com\/finisterrae2019\/wp-content\/uploads\/sites\/10\/2018\/12\/monse-sancho-2-1.jpg\u00bb _builder_version=\u00bb3.18.8&#8243; max_width=\u00bb87%\u00bb][\/et_pb_image][\/et_pb_column][et_pb_column type=\u00bb1_3&#8243; _builder_version=\u00bb3.18.8&#8243; parallax=\u00bboff\u00bb parallax_method=\u00bbon\u00bb][et_pb_image src=\u00bbhttps:\/\/ed.aulablog.com\/finisterrae2019\/wp-content\/uploads\/sites\/10\/2018\/12\/logo_tendencias-copia-2.png\u00bb _builder_version=\u00bb3.18.8&#8243;][\/et_pb_image][\/et_pb_column][et_pb_column type=\u00bb1_3&#8243; _builder_version=\u00bb3.18.8&#8243; parallax=\u00bboff\u00bb parallax_method=\u00bbon\u00bb][et_pb_image src=\u00bbhttps:\/\/ed.aulablog.com\/finisterrae2019\/wp-content\/uploads\/sites\/10\/2018\/12\/Felix-Arias-1-1.jpg\u00bb _builder_version=\u00bb3.18.8&#8243;][\/et_pb_image][\/et_pb_column][\/et_pb_row][et_pb_row _builder_version=\u00bb3.18.8&#8243;][et_pb_column type=\u00bb1_3&#8243; _builder_version=\u00bb3.18.8&#8243; parallax=\u00bboff\u00bb parallax_method=\u00bbon\u00bb][et_pb_text _builder_version=\u00bb3.18.8&#8243;]<\/p>\n<blockquote>\n<h1 style=\"text-align: justify\"><span style=\"font-weight: 400\">Montse Sancho Castro<\/span><\/h1>\n<p><span style=\"font-weight: 400\">\u00a0\u00a0<\/span><\/p>\n<p style=\"text-align: justify\"><span style=\"font-weight: 400\"><strong>Centro de trabajo<\/strong>: Escuela Infantil de Monte Alto (A Coru\u00f1a)<\/span><\/p>\n<p style=\"text-align: justify\"><span style=\"font-weight: 400\">\u00a0 \u00a0\u00a0<\/span><\/p>\n<p style=\"text-align: justify\"><span style=\"font-weight: 400\">Licenciada en Pedagog\u00eda (1986) por la Universidad de Santiago de Compostela (USC) y educadora Infantil y especialista universitaria en Educaci\u00f3n infantil por la UNED. Directora y educadora \u00a0en la Escuela Infantil Municipal Monte Alto y miembro del equipo directivo de la Escuela Infantil Municipal Carricanta.<\/span><\/p>\n<p style=\"text-align: justify\">Responsable de proyectos educativos en el \u00e1mbito de las ciencias 0-3 a\u00f1os, reconocidos por su valor did\u00e1ctico e innovador en cert\u00e1menes a nivel internacional y nacional (\u201cCiencia en Acci\u00f3n \u201cOpen Science Cambre\u201d), relacionados con la seguridad vial, premios nacionales por la DGT, reconocimiento por UNICEF por promocionar Buenas Pr\u00e1cticas para la Infancia \u201cLa Tienda de Ant\u00f3n\u201d y dos premios en Galicia por proyectos sobre medio ambiente en Voz Natura.<\/p>\n<p style=\"text-align: justify\"><span style=\"font-weight: 400\">Colaboradora en \u00a0la Fundaci\u00f3n Barri\u00e9 en actividades de formaci\u00f3n para profesionales de la educaci\u00f3n infantil.<\/span><\/p>\n<p style=\"text-align: justify\"><i><span style=\"font-weight: 400\">\u00a0\u00a0<\/span><\/i><\/p>\n<p style=\"text-align: justify\"><span style=\"font-weight: 400\"><strong>T\u00edtulo de su charla:\u00a0<\/strong><span style=\"color: #f28d00\">Recreando la realidad<\/span><\/span><\/p>\n<p style=\"text-align: justify\"><span style=\"font-weight: 400\">\u00a0<\/span><\/p>\n<p style=\"text-align: justify\"><strong>Breve resumen:<\/strong><\/p>\n<p style=\"text-align: justify\"><strong><\/strong><span style=\"font-size: 14px\">La<\/span><span style=\"font-size: 14px\"> ciencia en la primera infancia, desde el enfoque de tender \u00a0relaciones entre lo real y lo imaginario para llegar a establecer formas de entender el mundo y la realidad inmediata y cotidiana. Una aproximaci\u00f3n a la ciencia a trav\u00e9s del juego y de la imaginaci\u00f3n.<\/span><\/p>\n<p style=\"text-align: justify\"><span style=\"font-weight: 400\">As\u00ed es como nos acercamos a mirar y curiosear el cielo y el universo. Un h\u00e1mster ruso, llamado Yuri Gagarin participa de esta experiencia. Gracias a su presencia en la escuela nos adentramos a jugar e imaginar c\u00f3mo es viajar por el espacio, descubrir planetas y estrellas. De la historia de este cosmonauta ruso surge una experiencia maravillosa en la que todos y todas nos permitimos adentrarnos en la astronom\u00eda y \u00a0en la interpretaci\u00f3n de la realidad.<\/span><\/p>\n<p style=\"text-align: justify\"><span style=\"font-weight: 400\">La m\u00fasica acompa\u00f1a esta historia. F\u00e9lix Arias compuso dos canciones que cuentan esta experiencia.<br \/><\/span><\/p>\n<p style=\"text-align: justify\"><span style=\"font-weight: 400\">Yuri Gagarin cuenta con su III representante en la escuela.<\/span><\/p>\n<\/blockquote>\n<p>[\/et_pb_text][\/et_pb_column][et_pb_column type=\u00bb1_3&#8243; _builder_version=\u00bb3.18.8&#8243; parallax=\u00bboff\u00bb parallax_method=\u00bbon\u00bb][\/et_pb_column][et_pb_column type=\u00bb1_3&#8243; _builder_version=\u00bb3.18.8&#8243; parallax=\u00bboff\u00bb parallax_method=\u00bbon\u00bb][et_pb_text _builder_version=\u00bb3.18.8&#8243;]<\/p>\n<blockquote>\n<h1><span style=\"font-weight: 400\">Felix Arias<\/span><\/h1>\n<p><span style=\"font-weight: 400\">\u00a0\u00a0<\/span><\/p>\n<p style=\"text-align: justify\"><span style=\"font-weight: 400\">Es un m\u00fasico y compositor con una larga trayectoria art\u00edstica, que se consolida en el a\u00f1o 2000 al editar junto a Lovely Luna su primer LP con la discogr\u00e1fica Ilerdense Gerssen Records. Luego llegar\u00edan dos discos m\u00e1s de este d\u00fao: Las cosas que nadie debe ver (2004) y Chang y Eng (2009). Fue tambi\u00e9n componente del grupo Guru Deva, que entre 2002 y 2008 editaron un EP y dos LP, entre ellos, el exitoso After All (2003) y Vago (2008).<\/span><\/p>\n<p style=\"text-align: justify\"><span style=\"font-weight: 400\">\u00a0<\/span><\/p>\n<p style=\"text-align: justify\"><span style=\"font-weight: 400\">En solitario ha publicado tres discos: Manchados de tinta (2006), Vals muy triste en Sol menor (2013) y Aves Zancudas (2016). Tambi\u00e9n ha compuesto m\u00fasica para las bandas sonoras de algunos cortometrajes y largometrajes. Desde 2013 compagina su carrera art\u00edstica con la docencia musical en la Escuela Infantil Municipal Monte Alto de A Coru\u00f1a, adem\u00e1s de colaborar con otros centros de educaci\u00f3n infantil.<\/span><\/p>\n<\/blockquote>\n<p>[\/et_pb_text][\/et_pb_column][\/et_pb_row][\/et_pb_section]<\/p>\n","protected":false},"excerpt":{"rendered":"<p>Montse Sancho Castro \u00a0\u00a0 Centro de trabajo: Escuela Infantil de Monte Alto (A Coru\u00f1a) \u00a0 \u00a0\u00a0 Licenciada en Pedagog\u00eda (1986) por la Universidad de Santiago de Compostela (USC) y educadora Infantil y especialista universitaria en Educaci\u00f3n infantil por la UNED. Directora y educadora \u00a0en la Escuela Infantil Municipal Monte Alto y miembro del equipo directivo [&hellip;]<\/p>\n","protected":false},"author":10,"featured_media":0,"parent":51,"menu_order":1,"comment_status":"closed","ping_status":"closed","template":"","meta":{"_et_pb_use_builder":"on","_et_pb_old_content":"","_et_gb_content_width":"","footnotes":""},"class_list":["post-345","page","type-page","status-publish","hentry"],"_links":{"self":[{"href":"https:\/\/ed.aulablog.com\/finisterrae2019\/wp-json\/wp\/v2\/pages\/345","targetHints":{"allow":["GET"]}}],"collection":[{"href":"https:\/\/ed.aulablog.com\/finisterrae2019\/wp-json\/wp\/v2\/pages"}],"about":[{"href":"https:\/\/ed.aulablog.com\/finisterrae2019\/wp-json\/wp\/v2\/types\/page"}],"author":[{"embeddable":true,"href":"https:\/\/ed.aulablog.com\/finisterrae2019\/wp-json\/wp\/v2\/users\/10"}],"replies":[{"embeddable":true,"href":"https:\/\/ed.aulablog.com\/finisterrae2019\/wp-json\/wp\/v2\/comments?post=345"}],"version-history":[{"count":16,"href":"https:\/\/ed.aulablog.com\/finisterrae2019\/wp-json\/wp\/v2\/pages\/345\/revisions"}],"predecessor-version":[{"id":1053,"href":"https:\/\/ed.aulablog.com\/finisterrae2019\/wp-json\/wp\/v2\/pages\/345\/revisions\/1053"}],"up":[{"embeddable":true,"href":"https:\/\/ed.aulablog.com\/finisterrae2019\/wp-json\/wp\/v2\/pages\/51"}],"wp:attachment":[{"href":"https:\/\/ed.aulablog.com\/finisterrae2019\/wp-json\/wp\/v2\/media?parent=345"}],"curies":[{"name":"wp","href":"https:\/\/api.w.org\/{rel}","templated":true}]}}