{"id":4468,"date":"2019-11-02T19:01:34","date_gmt":"2019-11-02T18:01:34","guid":{"rendered":"https:\/\/ed.aulablog.com\/finisterrae2019\/?page_id=4468"},"modified":"2019-11-02T19:04:10","modified_gmt":"2019-11-02T18:04:10","slug":"que-es-tendencias","status":"publish","type":"page","link":"https:\/\/ed.aulablog.com\/finisterrae2019\/portada\/que-es-tendencias\/","title":{"rendered":"\u00bfQu\u00e9 es Tendencias?"},"content":{"rendered":"\n[et_pb_section fb_built=\u00bb1&#8243; _builder_version=\u00bb3.29.3&#8243;][et_pb_row _builder_version=\u00bb3.29.3&#8243;][et_pb_column _builder_version=\u00bb3.29.3&#8243; type=\u00bb4_4&#8243;][et_pb_text _builder_version=\u00bb3.29.3&#8243; hover_enabled=\u00bb0&#8243;]<p><b>EDaulaBLOG &#8211; Tendencias<\/b>\u00a0es un foro de opini\u00f3n para repensar la Educaci\u00f3n desde diferentes puntos de vista: la Tecnolog\u00eda, la Ciencia y la Sociedad, tres puntos que se complementan y nos ofrecen una panor\u00e1mica muy real.<\/p>\n<p><b>EDaulaBLOG Tendencias<\/b> es posible gracias al trabajo de los miembros del Nodo Finisterrae de la asociaci\u00f3n aulaBLOG y de grandes profesionales comprometidos con la Tecnolog\u00eda, la Ense\u00f1anza, la Ciencia y la Sociedad. Nos acompa\u00f1ar\u00e1n personas expertas que compartir\u00e1n, de forma altruista,\u00a0 nuevas ideas, grandes conocimientos e innovaciones. Nuestro objetivo es aumentar la reflexi\u00f3n, potenciar la creatividad y promover la innovaci\u00f3n.<\/p>\n<p>Al evento <b>EDaulaBLOG &#8211; Tendencias\u00a0<\/b>asistir\u00e1n 50 personas interesadas en la educaci\u00f3n. Todo el evento ser\u00e1 difundido ampliamente en las diferentes redes sociales y todos los v\u00eddeos de las charlas estar\u00e1n disponibles en la web del evento y en canal Youtube a partir de la realizaci\u00f3n del mismo.<\/p>\n<p><b>EDaulaBLOG<\/b> coorganiza el evento junto al\u00a0<strong>Museo de Ciencia y Tecnolog\u00eda<\/strong> perteneciente al <strong>Ministerio de Ciencia, Innovaci\u00f3n y Universidades.<\/strong><\/p>\n[\/et_pb_text][et_pb_image src=\u00bbhttps:\/\/ed.aulablog.com\/finisterrae2019\/wp-content\/uploads\/sites\/10\/2018\/12\/logo_tendencias-copia.png\u00bb _builder_version=\u00bb3.29.3&#8243; hover_enabled=\u00bb0&#8243;][\/et_pb_image][\/et_pb_column][\/et_pb_row][\/et_pb_section]\n","protected":false},"excerpt":{"rendered":"<p>EDaulaBLOG &#8211; Tendencias\u00a0es un foro de opini\u00f3n para repensar la Educaci\u00f3n desde diferentes puntos de vista: la Tecnolog\u00eda, la Ciencia y la Sociedad, tres puntos que se complementan y nos ofrecen una panor\u00e1mica muy real. EDaulaBLOG Tendencias es posible gracias al trabajo de los miembros del Nodo Finisterrae de la asociaci\u00f3n aulaBLOG y de grandes [&hellip;]<\/p>\n","protected":false},"author":2,"featured_media":0,"parent":40,"menu_order":0,"comment_status":"closed","ping_status":"closed","template":"","meta":{"_et_pb_use_builder":"on","_et_pb_old_content":"","_et_gb_content_width":"","footnotes":""},"class_list":["post-4468","page","type-page","status-publish","hentry"],"_links":{"self":[{"href":"https:\/\/ed.aulablog.com\/finisterrae2019\/wp-json\/wp\/v2\/pages\/4468","targetHints":{"allow":["GET"]}}],"collection":[{"href":"https:\/\/ed.aulablog.com\/finisterrae2019\/wp-json\/wp\/v2\/pages"}],"about":[{"href":"https:\/\/ed.aulablog.com\/finisterrae2019\/wp-json\/wp\/v2\/types\/page"}],"author":[{"embeddable":true,"href":"https:\/\/ed.aulablog.com\/finisterrae2019\/wp-json\/wp\/v2\/users\/2"}],"replies":[{"embeddable":true,"href":"https:\/\/ed.aulablog.com\/finisterrae2019\/wp-json\/wp\/v2\/comments?post=4468"}],"version-history":[{"count":3,"href":"https:\/\/ed.aulablog.com\/finisterrae2019\/wp-json\/wp\/v2\/pages\/4468\/revisions"}],"predecessor-version":[{"id":4474,"href":"https:\/\/ed.aulablog.com\/finisterrae2019\/wp-json\/wp\/v2\/pages\/4468\/revisions\/4474"}],"up":[{"embeddable":true,"href":"https:\/\/ed.aulablog.com\/finisterrae2019\/wp-json\/wp\/v2\/pages\/40"}],"wp:attachment":[{"href":"https:\/\/ed.aulablog.com\/finisterrae2019\/wp-json\/wp\/v2\/media?parent=4468"}],"curies":[{"name":"wp","href":"https:\/\/api.w.org\/{rel}","templated":true}]}}