{"id":57,"date":"2017-07-27T11:00:43","date_gmt":"2017-07-27T10:00:43","guid":{"rendered":"http:\/\/www.tedxoviedoed.es\/?page_id=57"},"modified":"2019-01-05T12:32:46","modified_gmt":"2019-01-05T11:32:46","slug":"programa","status":"publish","type":"page","link":"https:\/\/ed.aulablog.com\/finisterrae2019\/programa\/","title":{"rendered":"Programa"},"content":{"rendered":"<p>[et_pb_section fb_built=\u00bb1&#8243; fullwidth=\u00bbon\u00bb _builder_version=\u00bb3.0.64&#8243; use_background_color_gradient=\u00bbon\u00bb background_color_gradient_start=\u00bb#0b7fc6&#8243; background_color_gradient_end=\u00bb#007add\u00bb background_color_gradient_type=\u00bbradial\u00bb background_color_gradient_start_position=\u00bb100%\u00bb][et_pb_fullwidth_post_title meta=\u00bboff\u00bb text_color=\u00bblight\u00bb _builder_version=\u00bb3.0.87&#8243; title_font=\u00bbArial||||\u00bb title_font_size=\u00bb34px\u00bb meta_text_color=\u00bb#ffffff\u00bb parallax=\u00bbon\u00bb parallax_method=\u00bboff\u00bb custom_margin=\u00bb||1px|\u00bb parallax_effect=\u00bbon\u00bb border_style=\u00bbsolid\u00bb saved_tabs=\u00bball\u00bb][\/et_pb_fullwidth_post_title][\/et_pb_section][et_pb_section fb_built=\u00bb1&#8243; _builder_version=\u00bb3.0.74&#8243; background_color=\u00bb#ffffff\u00bb][et_pb_row custom_padding=\u00bb27px|0px|0px|0px|false|false\u00bb background_position_1=\u00bbtop_left\u00bb background_repeat_1=\u00bbno-repeat\u00bb _builder_version=\u00bb3.0.64&#8243;][et_pb_column type=\u00bb3_4&#8243; _builder_version=\u00bb3.0.47&#8243; parallax=\u00bboff\u00bb parallax_method=\u00bbon\u00bb background_position=\u00bbtop_left\u00bb background_repeat=\u00bbno-repeat\u00bb][et_pb_text _builder_version=\u00bb3.0.87&#8243; text_font_size=\u00bb16&#8243; header_font_size=\u00bb34px\u00bb border_style=\u00bbsolid\u00bb]<\/p>\n<ul>\n<li>\n<h5>9:30-10:00 Recepci\u00f3n &#8211; Acreditaciones<\/h5>\n<\/li>\n<li>\n<h5>10:00-10:15\u00a0Bienvenida: <span style=\"color: #ef6300\"><strong>Representantes de\u00a0<\/strong><strong>aulaBLOG y Muncyt\u00a0<\/strong><\/span><\/h5>\n<\/li>\n<li>\n<h5>10:15-10:30\u00a0Presentaci\u00f3n a lo largo de toda la jornada:\u00a0<span style=\"color: #ef7300\"><strong>Elena Mart\u00ednez\u00a0<\/strong><\/span><\/h5>\n<\/li>\n<li>\n<h5>10:30-11:00<span style=\"color: #ff6600\">\u00a0\u00a0<strong>Montse Sancho y F\u00e9lix Arias<\/strong><\/span>: <em>Recreando la realidad<\/em><\/h5>\n<\/li>\n<li>\n<h5>11:00-11:30\u00a0<b><span style=\"color: #ff6600\">Xacobo de Toro<\/span>: <\/b><em>Balmis, Isabel Zendal y c\u00f3mo lleg\u00f3 la vacuna de la Viruela a Am\u00e9rica<\/em><\/h5>\n<\/li>\n<li>\n<h5>11:30-12:00\u00a0\u00a0<strong>Pausa\u00a0<\/strong><\/h5>\n<\/li>\n<li>\n<h5>12:00-12:30\u00a0<b>\u00a0<\/b><span style=\"color: #f27d00\"><b>Raquel Quintela<\/b><\/span>: <em>La solidaridad desde las aulas<\/em><\/h5>\n<\/li>\n<li>\n<h5>12:30-13:00\u00a0\u00a0<span style=\"color: #ef7300\"><strong>Thais Pousada<\/strong><\/span>:\u00a0<em>Atenci\u00f3n a la diversidad e inclusi\u00f3n. Realidades y aportaciones desde la\u00a0 \u00a0 \u00a0 \u00a0 \u00a0 \u00a0 \u00a0 \u00a0 \u00a0 \u00a0 \u00a0 \u00a0 \u00a0 \u00a0 \u00a0 \u00a0 \u00a0 \u00a0 \u00a0 \u00a0 \u00a0 \u00a0 \u00a0 \u00a0 \u00a0 \u00a0 \u00a0 \u00a0 \u00a0 \u00a0 \u00a0 \u00a0 \u00a0 \u00a0perspectiva de la Terapia Ocupacional<\/em><\/h5>\n<\/li>\n<li>\n<h5>13:00-16:00\u00a0\u00a0<strong>Comida<\/strong><\/h5>\n<\/li>\n<li>\n<h5>16:00-16:30\u00a0\u00a0<span style=\"color: #ff6600\"><strong>Ferm\u00edn Gonz\u00e1lez\/Mr. Lupo<\/strong><\/span>: <em>Lo cooperativo desde la arquitectura<\/em><\/h5>\n<\/li>\n<li>\n<h5>16:30-17:30\u00a0\u00a0<span style=\"color: #000000\"><strong>Taller Expo Activa\/Visita guiada<\/strong> <em>(simult\u00e1neo)<\/em><\/span><\/h5>\n<\/li>\n<li>\n<h5>17:30-18:20\u00a0 <span style=\"color: #ff6600\"><strong>Betina Represas y Oscar Prego<\/strong><\/span>: <i>Toleamos&#8230;. en el espacio<\/i><\/h5>\n<\/li>\n<li>\n<h5>18:20-18:30\u00a0\u00a0<span style=\"color: #000000\"><strong>Despedida<\/strong><\/span><\/h5>\n<\/li>\n<\/ul>\n<p>&nbsp;<\/p>\n<p>[\/et_pb_text][\/et_pb_column][et_pb_column type=\u00bb1_4&#8243; _builder_version=\u00bb3.0.47&#8243; parallax=\u00bboff\u00bb parallax_method=\u00bbon\u00bb][et_pb_image src=\u00bbhttps:\/\/ed.aulablog.com\/finisterrae2019\/wp-content\/uploads\/sites\/10\/2018\/12\/logo_tendencias.png\u00bb url=\u00bbhttps:\/\/ed.aulablog.com\/finisterrae2019\/wp-content\/uploads\/sites\/10\/2018\/01\/DTDDl7sW0AE6K76-1.jpg_large-1.jpg\u00bb show_bottom_space=\u00bboff\u00bb align=\u00bbcenter\u00bb force_fullwidth=\u00bbon\u00bb _builder_version=\u00bb3.18.8&#8243; max_width_last_edited=\u00bbon|desktop\u00bb animation_style=\u00bbslide\u00bb animation_direction=\u00bbleft\u00bb animation_duration=\u00bb500ms\u00bb animation_intensity_slide=\u00bb10%\u00bb border_style=\u00bbsolid\u00bb sticky=\u00bbon\u00bb][\/et_pb_image][\/et_pb_column][\/et_pb_row][\/et_pb_section]<\/p>\n","protected":false},"excerpt":{"rendered":"<p>9:30-10:00 Recepci\u00f3n &#8211; Acreditaciones 10:00-10:15\u00a0Bienvenida: Representantes de\u00a0aulaBLOG y Muncyt\u00a0 10:15-10:30\u00a0Presentaci\u00f3n a lo largo de toda la jornada:\u00a0Elena Mart\u00ednez\u00a0 10:30-11:00\u00a0\u00a0Montse Sancho y F\u00e9lix Arias: Recreando la realidad 11:00-11:30\u00a0Xacobo de Toro: Balmis, Isabel Zendal y c\u00f3mo lleg\u00f3 la vacuna de la Viruela a Am\u00e9rica 11:30-12:00\u00a0\u00a0Pausa\u00a0 12:00-12:30\u00a0\u00a0Raquel Quintela: La solidaridad desde las aulas 12:30-13:00\u00a0\u00a0Thais Pousada:\u00a0Atenci\u00f3n a la diversidad [&hellip;]<\/p>\n","protected":false},"author":10,"featured_media":0,"parent":0,"menu_order":0,"comment_status":"closed","ping_status":"closed","template":"","meta":{"_et_pb_use_builder":"on","_et_pb_old_content":"","_et_gb_content_width":"","footnotes":""},"class_list":["post-57","page","type-page","status-publish","hentry"],"_links":{"self":[{"href":"https:\/\/ed.aulablog.com\/finisterrae2019\/wp-json\/wp\/v2\/pages\/57","targetHints":{"allow":["GET"]}}],"collection":[{"href":"https:\/\/ed.aulablog.com\/finisterrae2019\/wp-json\/wp\/v2\/pages"}],"about":[{"href":"https:\/\/ed.aulablog.com\/finisterrae2019\/wp-json\/wp\/v2\/types\/page"}],"author":[{"embeddable":true,"href":"https:\/\/ed.aulablog.com\/finisterrae2019\/wp-json\/wp\/v2\/users\/10"}],"replies":[{"embeddable":true,"href":"https:\/\/ed.aulablog.com\/finisterrae2019\/wp-json\/wp\/v2\/comments?post=57"}],"version-history":[{"count":38,"href":"https:\/\/ed.aulablog.com\/finisterrae2019\/wp-json\/wp\/v2\/pages\/57\/revisions"}],"predecessor-version":[{"id":1076,"href":"https:\/\/ed.aulablog.com\/finisterrae2019\/wp-json\/wp\/v2\/pages\/57\/revisions\/1076"}],"wp:attachment":[{"href":"https:\/\/ed.aulablog.com\/finisterrae2019\/wp-json\/wp\/v2\/media?parent=57"}],"curies":[{"name":"wp","href":"https:\/\/api.w.org\/{rel}","templated":true}]}}