{"id":626,"date":"2018-01-19T18:04:59","date_gmt":"2018-01-19T16:04:59","guid":{"rendered":"https:\/\/ed.aulablog.com\/finisterrae2019\/?page_id=626"},"modified":"2019-09-20T11:25:13","modified_gmt":"2019-09-20T10:25:13","slug":"prensa","status":"publish","type":"page","link":"https:\/\/ed.aulablog.com\/finisterrae2019\/prensa\/","title":{"rendered":"El evento en la prensa"},"content":{"rendered":"<p>[et_pb_section fb_built=\u00bb1&#8243; _builder_version=\u00bb3.18.8&#8243;][et_pb_row _builder_version=\u00bb3.18.8&#8243;][et_pb_column type=\u00bb4_4&#8243; _builder_version=\u00bb3.18.8&#8243; parallax=\u00bboff\u00bb parallax_method=\u00bbon\u00bb][et_pb_text _builder_version=\u00bb3.18.8&#8243;][\/et_pb_text][et_pb_text _builder_version=\u00bb3.18.8&#8243;][\/et_pb_text][et_pb_blurb title=\u00bbArt\u00edculo en prensa escrita\u00bb image=\u00bbhttps:\/\/ed.aulablog.com\/finisterrae2019\/wp-content\/uploads\/sites\/10\/2018\/12\/IMG_3407.jpg\u00bb _builder_version=\u00bb3.18.8&#8243;]<\/p>\n<p><span style=\"color: #000000;\">Art\u00edculo<\/span> publicado en el diario La Voz de Galicia el mi\u00e9rcoles 27 de Diciembre de 2018 donde se recoge informaci\u00f3n sobre Tendencias.<\/p>\n<p>[\/et_pb_blurb][et_pb_blurb title=\u00bbArt\u00edculo en diario digital\u00bb image=\u00bbhttps:\/\/ed.aulablog.com\/finisterrae2019\/wp-content\/uploads\/sites\/10\/2019\/01\/la-voz.jpg\u00bb _builder_version=\u00bb3.18.8&#8243;]<\/p>\n<p>Art\u00edculo digital publicado en el peri\u00f3dico La Voz de Galicia el mi\u00e9rcoles 12 de enero de 2019 donde se recoge el desarrollo de Tendencias (pulsa <a href=\"https:\/\/www.lavozdegalicia.es\/noticia\/educacion\/2019\/01\/12\/ddadsfsd\/00031547290648039352342.htm\">aqu\u00ed<\/a> para leerlo).<\/p>\n<p>[\/et_pb_blurb][\/et_pb_column][\/et_pb_row][\/et_pb_section]<\/p>\n","protected":false},"excerpt":{"rendered":"<p>Art\u00edculo publicado en el diario La Voz de Galicia el mi\u00e9rcoles 27 de Diciembre de 2018 donde se recoge informaci\u00f3n sobre Tendencias. Art\u00edculo digital publicado en el peri\u00f3dico La Voz de Galicia el mi\u00e9rcoles 12 de enero de 2019 donde se recoge el desarrollo de Tendencias (pulsa aqu\u00ed para leerlo).<\/p>\n","protected":false},"author":10,"featured_media":644,"parent":0,"menu_order":0,"comment_status":"closed","ping_status":"closed","template":"","meta":{"_et_pb_use_builder":"on","_et_pb_old_content":"","_et_gb_content_width":"","footnotes":""},"class_list":["post-626","page","type-page","status-publish","has-post-thumbnail","hentry"],"_links":{"self":[{"href":"https:\/\/ed.aulablog.com\/finisterrae2019\/wp-json\/wp\/v2\/pages\/626","targetHints":{"allow":["GET"]}}],"collection":[{"href":"https:\/\/ed.aulablog.com\/finisterrae2019\/wp-json\/wp\/v2\/pages"}],"about":[{"href":"https:\/\/ed.aulablog.com\/finisterrae2019\/wp-json\/wp\/v2\/types\/page"}],"author":[{"embeddable":true,"href":"https:\/\/ed.aulablog.com\/finisterrae2019\/wp-json\/wp\/v2\/users\/10"}],"replies":[{"embeddable":true,"href":"https:\/\/ed.aulablog.com\/finisterrae2019\/wp-json\/wp\/v2\/comments?post=626"}],"version-history":[{"count":15,"href":"https:\/\/ed.aulablog.com\/finisterrae2019\/wp-json\/wp\/v2\/pages\/626\/revisions"}],"predecessor-version":[{"id":4373,"href":"https:\/\/ed.aulablog.com\/finisterrae2019\/wp-json\/wp\/v2\/pages\/626\/revisions\/4373"}],"wp:featuredmedia":[{"embeddable":true,"href":"https:\/\/ed.aulablog.com\/finisterrae2019\/wp-json\/wp\/v2\/media\/644"}],"wp:attachment":[{"href":"https:\/\/ed.aulablog.com\/finisterrae2019\/wp-json\/wp\/v2\/media?parent=626"}],"curies":[{"name":"wp","href":"https:\/\/api.w.org\/{rel}","templated":true}]}}