{"id":632,"date":"2018-01-19T20:08:57","date_gmt":"2018-01-19T18:08:57","guid":{"rendered":"https:\/\/ed.aulablog.com\/finisterrae2019\/?page_id=632"},"modified":"2019-09-20T11:22:19","modified_gmt":"2019-09-20T10:22:19","slug":"videos-charlas","status":"publish","type":"page","link":"https:\/\/ed.aulablog.com\/finisterrae2019\/videos-charlas\/","title":{"rendered":"Charlas en v\u00eddeo"},"content":{"rendered":"<p>[et_pb_section fb_built=\u00bb1&#8243; _builder_version=\u00bb3.0.47&#8243;][et_pb_row use_custom_width=\u00bbon\u00bb custom_width_px=\u00bb797px\u00bb _builder_version=\u00bb3.18.8&#8243; custom_padding=\u00bb27px|0px|27px|0|false|false\u00bb][et_pb_column type=\u00bb1_2&#8243; _builder_version=\u00bb3.18.8&#8243; parallax=\u00bboff\u00bb parallax_method=\u00bbon\u00bb][et_pb_text _builder_version=\u00bb3.18.8&#8243;]<\/p>\n<h4><strong style=\"color: #000000;font-size: 18px\"><\/strong><\/h4>\n<h4><strong style=\"color: #000000;font-size: 18px\"><\/strong><\/h4>\n<h4><strong style=\"font-size: 18px;color: #000000\"><\/strong><\/h4>\n<h4><strong style=\"font-size: 18px;color: #000000\"><\/strong><\/h4>\n<h4>&nbsp; &nbsp; &nbsp; &nbsp;<strong style=\"font-size: 18px;color: #000000\"><\/strong><\/h4>\n<h4><strong style=\"font-size: 18px;color: #000000\"><\/strong><\/h4>\n<h4><strong style=\"font-size: 18px;color: #000000\">+ Montse Sancho\/F\u00e9lix Arias <\/strong><\/h4>\n<h4><strong style=\"font-size: 18px;color: #000000\">\u00abRecreando la realidad\u00bb<\/strong><strong style=\"color: #000000;font-size: 18px\"><\/strong><\/h4>\n<div class=\"et_pb_text_inner\">\n<div data-shortcode-id=\"0.0.0.1-1545419099781\" data-quickaccess-editable=\"yes\" class=\"et-fb-popover-tinymce\">\n<p><strong><\/strong><\/p>\n<\/div>\n<\/div>\n<p>[\/et_pb_text][et_pb_text _builder_version=\u00bb3.18.8&#8243;][\/et_pb_text][et_pb_text _builder_version=\u00bb3.18.8&#8243;][\/et_pb_text][\/et_pb_column][et_pb_column type=\u00bb1_2&#8243; _builder_version=\u00bb3.18.8&#8243; parallax=\u00bboff\u00bb parallax_method=\u00bbon\u00bb][et_pb_video src=\u00bbhttps:\/\/youtu.be\/h_0Cmb4LzV8&#8243; _builder_version=\u00bb3.18.8&#8243;][\/et_pb_video][\/et_pb_column][\/et_pb_row][et_pb_row use_custom_width=\u00bbon\u00bb custom_width_px=\u00bb797px\u00bb _builder_version=\u00bb3.18.8&#8243; custom_padding=\u00bb27px|0px|27px|0|false|false\u00bb][et_pb_column type=\u00bb1_2&#8243; _builder_version=\u00bb3.18.8&#8243; parallax=\u00bboff\u00bb parallax_method=\u00bbon\u00bb][et_pb_text _builder_version=\u00bb3.18.8&#8243;]<\/p>\n<h4><strong style=\"color: #000000;font-size: 18px\"><\/strong><\/h4>\n<h4><strong style=\"color: #000000;font-size: 18px\"><\/strong><\/h4>\n<h4><strong style=\"font-size: 18px;color: #000000\"><\/strong><\/h4>\n<h4><strong style=\"font-size: 18px;color: #000000\"><\/strong><\/h4>\n<h4>&nbsp; &nbsp; &nbsp; &nbsp;<strong style=\"font-size: 18px;color: #000000\"><\/strong><\/h4>\n<h4><strong style=\"font-size: 18px;color: #000000\"><\/strong><\/h4>\n<h4><strong>+ Xacobo de Toro <\/strong><\/h4>\n<h4><strong>\u00abBalmis, Isabel Zendal y c\u00f3mo lleg\u00f3 la vacuna de la Viruela a am\u00e9rica\u00bb<\/strong><\/h4>\n<div class=\"et_pb_text_inner\">\n<div data-shortcode-id=\"0.0.0.1-1545419099781\" data-quickaccess-editable=\"yes\" class=\"et-fb-popover-tinymce\">\n<p><strong><\/strong><\/p>\n<\/div>\n<\/div>\n<p>[\/et_pb_text][et_pb_text _builder_version=\u00bb3.18.8&#8243;][\/et_pb_text][et_pb_text _builder_version=\u00bb3.18.8&#8243;][\/et_pb_text][\/et_pb_column][et_pb_column type=\u00bb1_2&#8243; _builder_version=\u00bb3.18.8&#8243; parallax=\u00bboff\u00bb parallax_method=\u00bbon\u00bb][et_pb_video src=\u00bbhttps:\/\/youtu.be\/gstdqo6s3PU\u00bb _builder_version=\u00bb3.18.8&#8243;][\/et_pb_video][\/et_pb_column][\/et_pb_row][et_pb_row use_custom_width=\u00bbon\u00bb custom_width_px=\u00bb797px\u00bb _builder_version=\u00bb3.18.8&#8243; custom_padding=\u00bb27px|0px|27px|0|false|false\u00bb][et_pb_column type=\u00bb1_2&#8243; _builder_version=\u00bb3.18.8&#8243; parallax=\u00bboff\u00bb parallax_method=\u00bbon\u00bb][et_pb_text _builder_version=\u00bb3.18.8&#8243;]<\/p>\n<h4><strong style=\"color: #000000;font-size: 18px\"><\/strong><\/h4>\n<h4><strong style=\"color: #000000;font-size: 18px\"><\/strong><\/h4>\n<h4><strong style=\"font-size: 18px;color: #000000\"><\/strong><\/h4>\n<h4><strong style=\"font-size: 18px;color: #000000\"><\/strong><\/h4>\n<h4>&nbsp; &nbsp; &nbsp; &nbsp;<strong style=\"font-size: 18px;color: #000000\"><\/strong><\/h4>\n<h4><strong style=\"font-size: 18px;color: #000000\"><\/strong><\/h4>\n<h4><strong>+<\/strong><span><strong>Raquel Quintela<\/strong><\/span><\/h4>\n<h4><span><strong>\u00abLa solidaridad desde las aulas\u00bb<\/strong><\/span><\/h4>\n<div class=\"et_pb_text_inner\">\n<div data-shortcode-id=\"0.0.0.1-1545419099781\" data-quickaccess-editable=\"yes\" class=\"et-fb-popover-tinymce\">\n<p><strong><\/strong><\/p>\n<\/div>\n<\/div>\n<p>[\/et_pb_text][et_pb_text _builder_version=\u00bb3.18.8&#8243;][\/et_pb_text][et_pb_text _builder_version=\u00bb3.18.8&#8243;][\/et_pb_text][\/et_pb_column][et_pb_column type=\u00bb1_2&#8243; _builder_version=\u00bb3.18.8&#8243; parallax=\u00bboff\u00bb parallax_method=\u00bbon\u00bb][et_pb_video src=\u00bbhttps:\/\/youtu.be\/HdowbaauZEw\u00bb _builder_version=\u00bb3.18.8&#8243;][\/et_pb_video][\/et_pb_column][\/et_pb_row][et_pb_row use_custom_width=\u00bbon\u00bb custom_width_px=\u00bb797px\u00bb _builder_version=\u00bb3.18.8&#8243; custom_padding=\u00bb27px|0px|27px|0|false|false\u00bb][et_pb_column type=\u00bb1_2&#8243; _builder_version=\u00bb3.18.8&#8243; parallax=\u00bboff\u00bb parallax_method=\u00bbon\u00bb][et_pb_text _builder_version=\u00bb3.18.8&#8243;]<\/p>\n<h4><strong style=\"color: #000000;font-size: 18px\"><\/strong><\/h4>\n<h4><strong style=\"color: #000000;font-size: 18px\"><\/strong><\/h4>\n<h4><strong style=\"font-size: 18px;color: #000000\"><\/strong><\/h4>\n<h4><strong style=\"font-size: 18px;color: #000000\"><\/strong><\/h4>\n<h4>&nbsp; &nbsp; &nbsp; &nbsp;<strong style=\"font-size: 18px;color: #000000\"><\/strong><\/h4>\n<h4><strong style=\"font-size: 18px;color: #000000\"><\/strong><\/h4>\n<h4><strong>+<\/strong><span><strong>Thais Pousada<\/strong><\/span><\/h4>\n<h4><span><strong> \u00abAtenci\u00f3n a la diversidad e inclusi\u00f3n educativa.&nbsp;<\/strong><\/span><span><strong>Realidades y aportaciones desde la perspectiva de la Terapia Ocupacional\u00bb<\/strong><\/span><\/h4>\n<div class=\"et_pb_text_inner\">\n<div data-shortcode-id=\"0.0.0.1-1545419099781\" data-quickaccess-editable=\"yes\" class=\"et-fb-popover-tinymce\">\n<p><strong><\/strong><\/p>\n<\/div>\n<\/div>\n<p>[\/et_pb_text][et_pb_text _builder_version=\u00bb3.18.8&#8243;][\/et_pb_text][et_pb_text _builder_version=\u00bb3.18.8&#8243;][\/et_pb_text][\/et_pb_column][et_pb_column type=\u00bb1_2&#8243; _builder_version=\u00bb3.18.8&#8243; parallax=\u00bboff\u00bb parallax_method=\u00bbon\u00bb][et_pb_video src=\u00bbhttps:\/\/youtu.be\/ibuFg4hv3LE\u00bb _builder_version=\u00bb3.18.8&#8243;][\/et_pb_video][\/et_pb_column][\/et_pb_row][et_pb_row use_custom_width=\u00bbon\u00bb custom_width_px=\u00bb797px\u00bb _builder_version=\u00bb3.18.8&#8243; custom_padding=\u00bb27px|0px|27px|0|false|false\u00bb][et_pb_column type=\u00bb1_2&#8243; _builder_version=\u00bb3.18.8&#8243; parallax=\u00bboff\u00bb parallax_method=\u00bbon\u00bb][et_pb_text _builder_version=\u00bb3.18.8&#8243;]<\/p>\n<h4><strong style=\"color: #000000;font-size: 18px\"><\/strong><\/h4>\n<h4><strong style=\"color: #000000;font-size: 18px\"><\/strong><\/h4>\n<h4><strong style=\"font-size: 18px;color: #000000\"><\/strong><\/h4>\n<h4><strong style=\"font-size: 18px;color: #000000\"><\/strong><\/h4>\n<h4>&nbsp; &nbsp; &nbsp; &nbsp;<strong style=\"font-size: 18px;color: #000000\"><\/strong><\/h4>\n<h4><strong style=\"font-size: 18px;color: #000000\"><\/strong><\/h4>\n<h4><span><strong>+ Ferm\u00edn Gonz\u00e1lez<\/strong><\/span><\/h4>\n<h4><span><strong> \u00abLo cooperativo desde la arquitectura\u00bb<\/strong><\/span><\/h4>\n<div class=\"et_pb_text_inner\">\n<div data-shortcode-id=\"0.0.0.1-1545419099781\" data-quickaccess-editable=\"yes\" class=\"et-fb-popover-tinymce\">\n<p><strong><\/strong><\/p>\n<\/div>\n<\/div>\n<p>[\/et_pb_text][et_pb_text _builder_version=\u00bb3.18.8&#8243;][\/et_pb_text][et_pb_text _builder_version=\u00bb3.18.8&#8243;][\/et_pb_text][\/et_pb_column][et_pb_column type=\u00bb1_2&#8243; _builder_version=\u00bb3.18.8&#8243; parallax=\u00bboff\u00bb parallax_method=\u00bbon\u00bb][et_pb_video src=\u00bbhttps:\/\/youtu.be\/uVJ7UuLtcts\u00bb _builder_version=\u00bb3.18.8&#8243;][\/et_pb_video][\/et_pb_column][\/et_pb_row][et_pb_row use_custom_width=\u00bbon\u00bb custom_width_px=\u00bb797px\u00bb _builder_version=\u00bb3.18.8&#8243; custom_padding=\u00bb27px|0px|27px|0|false|false\u00bb][et_pb_column type=\u00bb1_2&#8243; _builder_version=\u00bb3.18.8&#8243; parallax=\u00bboff\u00bb parallax_method=\u00bbon\u00bb][et_pb_text _builder_version=\u00bb3.18.8&#8243;]<\/p>\n<h4><strong style=\"color: #000000;font-size: 18px\"><\/strong><\/h4>\n<h4><strong style=\"color: #000000;font-size: 18px\"><\/strong><\/h4>\n<h4><strong style=\"font-size: 18px;color: #000000\"><\/strong><\/h4>\n<h4><strong style=\"font-size: 18px;color: #000000\"><\/strong><\/h4>\n<h4>&nbsp; &nbsp; &nbsp; &nbsp;<strong style=\"font-size: 18px;color: #000000\"><\/strong><\/h4>\n<h4><strong style=\"font-size: 18px;color: #000000\"><\/strong><\/h4>\n<h4><span><strong>+ Oscar Prego y Betina Represas<\/strong><\/span><\/h4>\n<h4><span><strong> \u00bb Toleamos &#8230;. en el espacio\u00bb<\/strong><\/span><\/h4>\n<div class=\"et_pb_text_inner\">\n<div data-shortcode-id=\"0.0.0.1-1545419099781\" data-quickaccess-editable=\"yes\" class=\"et-fb-popover-tinymce\">\n<p><strong><\/strong><\/p>\n<\/div>\n<\/div>\n<p>[\/et_pb_text][et_pb_text _builder_version=\u00bb3.18.8&#8243;][\/et_pb_text][et_pb_text _builder_version=\u00bb3.18.8&#8243;][\/et_pb_text][\/et_pb_column][et_pb_column type=\u00bb1_2&#8243; _builder_version=\u00bb3.18.8&#8243; parallax=\u00bboff\u00bb parallax_method=\u00bbon\u00bb][et_pb_video src=\u00bbhttps:\/\/youtu.be\/_qP8wbbpX-g\u00bb _builder_version=\u00bb3.18.8&#8243;][\/et_pb_video][\/et_pb_column][\/et_pb_row][\/et_pb_section]<\/p>\n","protected":false},"excerpt":{"rendered":"<p>&nbsp; &nbsp; &nbsp; &nbsp; + Montse Sancho\/F\u00e9lix Arias \u00abRecreando la realidad\u00bb &nbsp; &nbsp; &nbsp; &nbsp; + Xacobo de Toro \u00abBalmis, Isabel Zendal y c\u00f3mo lleg\u00f3 la vacuna de la Viruela a am\u00e9rica\u00bb &nbsp; &nbsp; &nbsp; &nbsp; +Raquel Quintela \u00abLa solidaridad desde las aulas\u00bb &nbsp; &nbsp; &nbsp; &nbsp; +Thais Pousada \u00abAtenci\u00f3n a la diversidad e inclusi\u00f3n [&hellip;]<\/p>\n","protected":false},"author":10,"featured_media":0,"parent":0,"menu_order":0,"comment_status":"closed","ping_status":"closed","template":"","meta":{"_et_pb_use_builder":"on","_et_pb_old_content":"","_et_gb_content_width":"","footnotes":""},"class_list":["post-632","page","type-page","status-publish","hentry"],"_links":{"self":[{"href":"https:\/\/ed.aulablog.com\/finisterrae2019\/wp-json\/wp\/v2\/pages\/632","targetHints":{"allow":["GET"]}}],"collection":[{"href":"https:\/\/ed.aulablog.com\/finisterrae2019\/wp-json\/wp\/v2\/pages"}],"about":[{"href":"https:\/\/ed.aulablog.com\/finisterrae2019\/wp-json\/wp\/v2\/types\/page"}],"author":[{"embeddable":true,"href":"https:\/\/ed.aulablog.com\/finisterrae2019\/wp-json\/wp\/v2\/users\/10"}],"replies":[{"embeddable":true,"href":"https:\/\/ed.aulablog.com\/finisterrae2019\/wp-json\/wp\/v2\/comments?post=632"}],"version-history":[{"count":32,"href":"https:\/\/ed.aulablog.com\/finisterrae2019\/wp-json\/wp\/v2\/pages\/632\/revisions"}],"predecessor-version":[{"id":4370,"href":"https:\/\/ed.aulablog.com\/finisterrae2019\/wp-json\/wp\/v2\/pages\/632\/revisions\/4370"}],"wp:attachment":[{"href":"https:\/\/ed.aulablog.com\/finisterrae2019\/wp-json\/wp\/v2\/media?parent=632"}],"curies":[{"name":"wp","href":"https:\/\/api.w.org\/{rel}","templated":true}]}}