{"id":188,"date":"2017-08-06T09:01:33","date_gmt":"2017-08-06T08:01:33","guid":{"rendered":"http:\/\/www.tedxoviedoed.es\/?page_id=188"},"modified":"2017-10-20T09:44:49","modified_gmt":"2017-10-20T08:44:49","slug":"fernando-trujillo-saez","status":"publish","type":"page","link":"https:\/\/ed.aulablog.com\/oviedo2018\/ponentes\/fernando-trujillo-saez\/","title":{"rendered":"Fernando Trujillo S\u00e1ez"},"content":{"rendered":"<p>[et_pb_section bb_built=\u00bb1&#8243;][et_pb_row][et_pb_column type=\u00bb1_2&#8243;][et_pb_text]<\/p>\n<div class=\"\">Mi nombre es Fernando Trujillo S\u00e1ez. Soy doctor en Filolog\u00eda Inglesa y profesor titular de universidad en el departamento de Did\u00e1ctica de la Lengua y la Literatura. Imparto clases en la Facultad de Educaci\u00f3n, Econom\u00eda y Tecnolog\u00eda\u00a0de Ceuta (Universidad de Granada). He sido Vicedecano de Investigaci\u00f3n y Relaciones Internacionales de esta facultad desde el a\u00f1o 2000 hasta 2008 y responsable de la secci\u00f3n departamental de Did\u00e1ctica de la Lengua y la Literatura en la misma facultad desde el a\u00f1o 2005 hasta julio de 2014 y de nuevo desde 2017. Formo parte del Claustro de la Universidad de Granada desde mayo de 2012 hasta el presente. Desde junio de 2016 formo parte del Consejo de Gobierno de la Universidad de Granada en representaci\u00f3n del PDI funcionario.<\/div>\n<div class=\"\"><a href=\"http:\/\/fernandotrujillo.es\">ENLACE A SU WEB&amp;BLOG<\/a><\/div>\n<p>[\/et_pb_text][\/et_pb_column][et_pb_column type=\u00bb1_2&#8243;][et_pb_image _builder_version=\u00bb3.0.64&#8243; src=\u00bbhttps:\/\/ed.aulablog.com\/wp-content\/uploads\/sites\/8\/2017\/07\/Fernando_Trujillo_cuadrado.jpg\u00bb show_in_lightbox=\u00bboff\u00bb url_new_window=\u00bboff\u00bb use_overlay=\u00bboff\u00bb sticky=\u00bboff\u00bb align=\u00bbleft\u00bb always_center_on_mobile=\u00bbon\u00bb border_style=\u00bbsolid\u00bb force_fullwidth=\u00bboff\u00bb \/][\/et_pb_column][\/et_pb_row][\/et_pb_section]<\/p>\n","protected":false},"excerpt":{"rendered":"<p><div class=\"et_pb_row et_pb_row_0 et_pb_row_empty\">\n\t\t\t\t\n\t\t\t\t\n\t\t\t\t\n\t\t\t\t\n\t\t\t\t\n\t\t\t<\/div><div class=\"et_pb_module et_pb_text et_pb_text_0  et_pb_text_align_left et_pb_bg_layout_light\">\n\t\t\t\t\n\t\t\t\t\n\t\t\t\t\n\t\t\t\t\n\t\t\t\t\n\t\t\t<\/div> Mi nombre es Fernando Trujillo S\u00e1ez. Soy doctor en Filolog\u00eda Inglesa y profesor titular de universidad en el departamento de Did\u00e1ctica de la Lengua y la Literatura. Imparto clases en la Facultad de Educaci\u00f3n, Econom\u00eda y Tecnolog\u00eda\u00a0de Ceuta (Universidad de Granada). He sido Vicedecano de Investigaci\u00f3n y Relaciones Internacionales de esta facultad desde el [&hellip;]<\/p>\n","protected":false},"author":4,"featured_media":0,"parent":51,"menu_order":0,"comment_status":"closed","ping_status":"closed","template":"","meta":{"_et_pb_use_builder":"on","_et_pb_old_content":"<div class=\"\">Mi nombre es Fernando Trujillo S\u00e1ez. Soy doctor en Filolog\u00eda Inglesa y profesor titular de universidad en el departamento de Did\u00e1ctica de la Lengua y la Literatura. Imparto clases en la Facultad de Educaci\u00f3n, Econom\u00eda y Tecnolog\u00eda\u00a0de Ceuta (Universidad de Granada). He sido Vicedecano de Investigaci\u00f3n y Relaciones Internacionales de esta facultad desde el a\u00f1o 2000 hasta 2008 y responsable de la secci\u00f3n departamental de Did\u00e1ctica de la Lengua y la Literatura en la misma facultad desde el a\u00f1o 2005 hasta julio de 2014 y de nuevo desde 2017. Formo parte del Claustro de la Universidad de Granada desde mayo de 2012 hasta el presente. Desde junio de 2016 formo parte del Consejo de Gobierno de la Universidad de Granada en representaci\u00f3n del PDI funcionario.<\/div><div class=\"\"><a href=\"http:\/\/fernandotrujillo.es\">ENLACE A SU WEB&BLOG<\/a><\/div>","_et_gb_content_width":"","footnotes":""},"class_list":["post-188","page","type-page","status-publish","hentry"],"_links":{"self":[{"href":"https:\/\/ed.aulablog.com\/oviedo2018\/wp-json\/wp\/v2\/pages\/188","targetHints":{"allow":["GET"]}}],"collection":[{"href":"https:\/\/ed.aulablog.com\/oviedo2018\/wp-json\/wp\/v2\/pages"}],"about":[{"href":"https:\/\/ed.aulablog.com\/oviedo2018\/wp-json\/wp\/v2\/types\/page"}],"author":[{"embeddable":true,"href":"https:\/\/ed.aulablog.com\/oviedo2018\/wp-json\/wp\/v2\/users\/4"}],"replies":[{"embeddable":true,"href":"https:\/\/ed.aulablog.com\/oviedo2018\/wp-json\/wp\/v2\/comments?post=188"}],"version-history":[{"count":6,"href":"https:\/\/ed.aulablog.com\/oviedo2018\/wp-json\/wp\/v2\/pages\/188\/revisions"}],"predecessor-version":[{"id":352,"href":"https:\/\/ed.aulablog.com\/oviedo2018\/wp-json\/wp\/v2\/pages\/188\/revisions\/352"}],"up":[{"embeddable":true,"href":"https:\/\/ed.aulablog.com\/oviedo2018\/wp-json\/wp\/v2\/pages\/51"}],"wp:attachment":[{"href":"https:\/\/ed.aulablog.com\/oviedo2018\/wp-json\/wp\/v2\/media?parent=188"}],"curies":[{"name":"wp","href":"https:\/\/api.w.org\/{rel}","templated":true}]}}