{"id":192,"date":"2017-08-06T08:56:18","date_gmt":"2017-08-06T07:56:18","guid":{"rendered":"http:\/\/www.tedxoviedoed.es\/?page_id=192"},"modified":"2017-10-20T09:53:18","modified_gmt":"2017-10-20T08:53:18","slug":"siro-lopez-gutierrez","status":"publish","type":"page","link":"https:\/\/ed.aulablog.com\/oviedo2018\/ponentes\/siro-lopez-gutierrez\/","title":{"rendered":"Siro L\u00f3pez Guti\u00e9rrez"},"content":{"rendered":"<p>[et_pb_section bb_built=\u00bb1&#8243;][et_pb_row][et_pb_column type=\u00bb1_2&#8243;][et_pb_text]<\/p>\n<div class=\"\"><strong>\u00a0<\/strong><\/div>\n<div class=\"\">Artista y Formador. Con amplia experiencia docente, conjuga el mimo, la expresi\u00f3n corporal, el teatro, la pintura, la fotograf\u00eda y el dise\u00f1o. Especializado en creatividad y comunicaci\u00f3n.<\/div>\n<div class=\"\">Tiene varias exposiciones itinerantes de pintura sobre Derechos Humanos y de fotograf\u00eda. Ha actuado en diferentes pa\u00edses como mimo: en teatros, c\u00e1rceles, hospitales, campos de refugiados, etc.<\/div>\n<div class=\"\"><\/div>\n<div class=\"\">Su p\u00e1gina web es <span class=\"\"><b class=\"\"><a class=\"\" href=\"http:\/\/www.sirolopez.com\/\">www.sirolopez.com<\/a><\/b><\/span>, donde encontrar\u00e9is much\u00edsimo material de su obra art\u00edstica. En redes sociales: @_Sirolopez_<\/div>\n<div class=\"\"><\/div>\n<div class=\"\"><b class=\"\">Posee varios LIBROS publicados<\/b><span class=\"\">:<\/span><\/div>\n<div class=\"\"><\/div>\n<div class=\"\"><b class=\"\">Nos miran<\/b>. 2002.<\/div>\n<div class=\"\"><b class=\"\">Cuerpo y Sangre<\/b>. Ed. Siglo XXI, 2003.<\/div>\n<div class=\"\"><b class=\"\">Cara y Cruz<\/b>. Ed. Siglo XXI, 2005.<\/div>\n<div class=\"\"><b class=\"\">Contenedor de silencios<\/b>. Ediciones Khaf, Edelvives, 2009.<\/div>\n<div class=\"\"><b class=\"\">S\u00f3lo respirar<\/b>. Seguir Caminando, 2014.<\/div>\n<div class=\"\"><b class=\"\">Crea<\/b>. Ed. Edelvives, 2015.<\/div>\n<div class=\"\"><b class=\"\">Crucificados de hoy<\/b>. Ed. San Pablo, 2017.<\/div>\n<p>[\/et_pb_text][\/et_pb_column][et_pb_column type=\u00bb1_2&#8243;][et_pb_image _builder_version=\u00bb3.0.64&#8243; src=\u00bbhttps:\/\/ed.aulablog.com\/wp-content\/uploads\/sites\/8\/2017\/07\/IMG_4892-1-e1508489517316.jpg\u00bb show_in_lightbox=\u00bboff\u00bb url_new_window=\u00bboff\u00bb use_overlay=\u00bboff\u00bb sticky=\u00bboff\u00bb align=\u00bbleft\u00bb always_center_on_mobile=\u00bbon\u00bb border_style=\u00bbsolid\u00bb force_fullwidth=\u00bboff\u00bb \/][\/et_pb_column][\/et_pb_row][\/et_pb_section]<\/p>\n","protected":false},"excerpt":{"rendered":"<p><div class=\"et_pb_row et_pb_row_0 et_pb_row_empty\">\n\t\t\t\t\n\t\t\t\t\n\t\t\t\t\n\t\t\t\t\n\t\t\t\t\n\t\t\t<\/div><div class=\"et_pb_module et_pb_text et_pb_text_0  et_pb_text_align_left et_pb_bg_layout_light\">\n\t\t\t\t\n\t\t\t\t\n\t\t\t\t\n\t\t\t\t\n\t\t\t\t\n\t\t\t<\/div> \u00a0 Artista y Formador. Con amplia experiencia docente, conjuga el mimo, la expresi\u00f3n corporal, el teatro, la pintura, la fotograf\u00eda y el dise\u00f1o. Especializado en creatividad y comunicaci\u00f3n. Tiene varias exposiciones itinerantes de pintura sobre Derechos Humanos y de fotograf\u00eda. Ha actuado en diferentes pa\u00edses como mimo: en teatros, c\u00e1rceles, hospitales, campos de refugiados, [&hellip;]<\/p>\n","protected":false},"author":4,"featured_media":0,"parent":51,"menu_order":0,"comment_status":"closed","ping_status":"closed","template":"","meta":{"_et_pb_use_builder":"on","_et_pb_old_content":"<div class=\"\"><strong>\u00a0<\/strong><\/div><div class=\"\">Artista y Formador. Con amplia experiencia docente, conjuga el mimo, la expresi\u00f3n corporal, el teatro, la pintura, la fotograf\u00eda y el dise\u00f1o. Especializado en creatividad y comunicaci\u00f3n.<\/div><div class=\"\">Tiene varias exposiciones itinerantes de pintura sobre Derechos Humanos y de fotograf\u00eda. Ha actuado en diferentes pa\u00edses como mimo: en teatros, c\u00e1rceles, hospitales, campos de refugiados, etc.<\/div><div class=\"\">\u00a0<\/div><div class=\"\">Su p\u00e1gina web es <span class=\"\"><b class=\"\"><a class=\"\" href=\"http:\/\/www.sirolopez.com\/\">www.sirolopez.com<\/a><\/b><\/span>, donde encontrar\u00e9is much\u00edsimo material de su obra art\u00edstica. En redes sociales: @_Sirolopez_<\/div><div class=\"\">\u00a0<\/div><div class=\"\"><b class=\"\">Posee varios LIBROS publicados<\/b><span class=\"\">:<\/span><\/div><div class=\"\">\u00a0<\/div><div class=\"\"><b class=\"\">Nos miran<\/b>. 2002.<\/div><div class=\"\"><b class=\"\">Cuerpo y Sangre<\/b>. Ed. Siglo XXI, 2003.<\/div><div class=\"\"><b class=\"\">Cara y Cruz<\/b>. Ed. Siglo XXI, 2005.<\/div><div class=\"\"><b class=\"\">Contenedor de silencios<\/b>. Ediciones Khaf, Edelvives, 2009.<\/div><div class=\"\"><b class=\"\">S\u00f3lo respirar<\/b>. Seguir Caminando, 2014.<\/div><div class=\"\"><b class=\"\">Crea<\/b>. Ed. Edelvives, 2015.<\/div><div class=\"\"><b class=\"\">Crucificados de hoy<\/b>. Ed. San Pablo, 2017.<\/div>","_et_gb_content_width":"","footnotes":""},"class_list":["post-192","page","type-page","status-publish","hentry"],"_links":{"self":[{"href":"https:\/\/ed.aulablog.com\/oviedo2018\/wp-json\/wp\/v2\/pages\/192","targetHints":{"allow":["GET"]}}],"collection":[{"href":"https:\/\/ed.aulablog.com\/oviedo2018\/wp-json\/wp\/v2\/pages"}],"about":[{"href":"https:\/\/ed.aulablog.com\/oviedo2018\/wp-json\/wp\/v2\/types\/page"}],"author":[{"embeddable":true,"href":"https:\/\/ed.aulablog.com\/oviedo2018\/wp-json\/wp\/v2\/users\/4"}],"replies":[{"embeddable":true,"href":"https:\/\/ed.aulablog.com\/oviedo2018\/wp-json\/wp\/v2\/comments?post=192"}],"version-history":[{"count":2,"href":"https:\/\/ed.aulablog.com\/oviedo2018\/wp-json\/wp\/v2\/pages\/192\/revisions"}],"predecessor-version":[{"id":358,"href":"https:\/\/ed.aulablog.com\/oviedo2018\/wp-json\/wp\/v2\/pages\/192\/revisions\/358"}],"up":[{"embeddable":true,"href":"https:\/\/ed.aulablog.com\/oviedo2018\/wp-json\/wp\/v2\/pages\/51"}],"wp:attachment":[{"href":"https:\/\/ed.aulablog.com\/oviedo2018\/wp-json\/wp\/v2\/media?parent=192"}],"curies":[{"name":"wp","href":"https:\/\/api.w.org\/{rel}","templated":true}]}}