{"id":203,"date":"2017-08-06T18:34:11","date_gmt":"2017-08-06T17:34:11","guid":{"rendered":"http:\/\/www.tedxoviedoed.es\/?page_id=203"},"modified":"2017-10-20T09:48:19","modified_gmt":"2017-10-20T08:48:19","slug":"luz-beloso","status":"publish","type":"page","link":"https:\/\/ed.aulablog.com\/oviedo2018\/ponentes\/luz-beloso\/","title":{"rendered":"Luz Beloso"},"content":{"rendered":"<p>[et_pb_section bb_built=\u00bb1&#8243;][et_pb_row][et_pb_column type=\u00bb1_2&#8243;][et_pb_text]<\/p>\n<div class=\"\"><strong>\u00a0<\/strong><\/div>\n<div class=\"\">\n<div>Licenciada en Bellas Artes en la especialidad de pintura por la facultad de Salamanca, es Profesora \u00a0de Educaci\u00f3n pl\u00e1stica visual \u00a0y audiovisual desde \u00a01993 en Galicia , imparte clases actualmente en el IES as Barxas de Moa\u00f1a (Pontevedra)<\/div>\n<\/div>\n<div class=\"\">\n<p>Ha recibido\u00a0numerosos \u00a0premios por sus \u00a0experiencias y proyectos educativos tales\u00a0 como el \u00a0Premio nacional CreArte \u00a0por el \u00a0Ministerio de Cultura\u00a0en el \u00a02011, por <i>\u201cEDUCORTOS , el recurso del lenguaje cinematogr\u00e1fico en el aula de Pl\u00e1stica\u201d<\/i>.<\/p>\n<p>Premiada en el 2012 por mejor iniciativa \u00a0TIC , por la revista \u00a0Educaci\u00f3n 3.0 por el proyecto audiovisual \u00a0<i>\u201cHistorias de un cuarto de ba\u00f1o\u201d<\/i>, Peonza de Oro \u00a0por Espiral Edublogs en el 2015 \u00a0por \u00a0<i>EDUCORTOS<\/i> .\u00a0Finalista en el\u00a0 2016 en el 1\u00ba Premio HIARES , Arte y Cultura, por el proyecto Audiovisual <i>Aul@animada<\/i>.<\/p>\n<p>Premio a la Innovaci\u00f3n Educativa en SIMO Educaci\u00f3n 2016 por el \u00a0Mejor Proyecto TIC Audiovisual, y Primera menci\u00f3n honor\u00edfica \u00a0por la Fundaci\u00f3n GSD de innovaci\u00f3n educativa por el proyecto audiovisual <i>\u201cSuperh\u00e9roes y superhero\u00ednas\u201d.<\/i><\/p>\n<p>Coordina desde hace a\u00f1os en el IES as Barxas \u00a0 diversos proyectos de innovaci\u00f3n educativa \u00a0junto a la profesora de econom\u00eda M Jose Soto que han sido reconocidos y \u00a0premiados en diferentes cursos:<\/p>\n<p>Por \u00a0EducaBarri\u00e9 \u00a0y \u00a0la \u00a0Fundaci\u00f3n GSD\u00a0 (2013-14) por <i>\u201cBarxas TV Productora Audiovisual\u201d<\/i><\/p>\n<p>Premio a la innovaci\u00f3n educativa de la Plataforma Proyecta en el\u00a0 2015 por el proyecto colaborativo, <i>\u201cCreaci\u00f3n de una editorial, Barxil\u00f3n\u201d,<\/i> proyecto premiado tambi\u00e9n por la \u00a0Fundaci\u00f3n \u00a0Colegio Base y \u00a0finalista en Premio Escuelas para la Sociedad Digital de la\u00a0 \u00a0Fundaci\u00f3n Telef\u00f3nica.<\/p>\n<p>Premio de \u00a0la Plataforma Proyecta en el 2016 con el proyecto colaborativo, <i>\u201cTransformando realidades, creaci\u00f3n y gesti\u00f3n de un centro de ARTE contempor\u00e1neo \u201c.<\/i><\/p>\n<p>Coautora junto al profesor\u00a0 Juan \u00a0Carlos de Miguel\u00a0 del proyecto colaborativo\u00a0 \u201c<i>Contamos con Emotion\u201d<\/i>\u00a0 donde ya\u00a0 participan m\u00e1s de 80 profesores\u00a0, premiado \u00a0en el 2016 por la \u00a0Fundaci\u00f3n Colegio Base.<\/p>\n<p>Imparti\u00f3 \u00a0talleres , cursos de formaci\u00f3n a profesores para la Xunta y ponencias \u00a0sobre proyectos o experiencias de aula en diferentes \u00a0eventos y encuentros educativos \u00a0tales como SIMO,\u00a0<a href=\"http:\/\/www.culturgal.com\/arquivo\/ficha_actividade.php?actividad=272\">Culturgal<\/a>\u00a0, Curso de Arte y Educaci\u00f3n en el \u201cCentro Galego de Arte Contempor\u00e1neo\u201d\u00a0, Escola TIC CAFI o Jornadas Espiral colegio Base \u00a0\u201d\u00a0Colaborar para Ense\u00f1ar\u201d.<\/p>\n<p>Espacios :<a href=\"http:\/\/educortos.blogspot.com.es\/p\/sobre-educortos.html\">EDUCORTOS<\/a>\u00a0, \u00a0<a href=\"https:\/\/edu-plastica.blogspot.com.es\/\">EDUPLASTICA<\/a>,\u00a0<a href=\"http:\/\/animacioneducacionplastica.blogspot.com.es\/\">AUL@ANIMADA<\/a>\u00a0, \u00a0<a href=\"http:\/\/framebyframe.hol.es\/\">FRAME BY FRAME<\/a> (Coautora junto a Juan Sicilia)<\/p>\n<div id=\"yui_3_16_0_ym19_1_1486049832469_7353\"><span id=\"yui_3_16_0_ym19_1_1486049832469_7364\"><a id=\"yui_3_16_0_ym19_1_1501579940601_14897\" href=\"https:\/\/about.me\/luz_beloso\" target=\"_blank\" rel=\"nofollow noopener noreferrer\">about.me\/luz_beloso<br clear=\"none\" \/><\/a><\/span><\/div>\n<div id=\"yui_3_16_0_ym19_1_1486049832469_7353\"><a id=\"yui_3_16_0_ym19_1_1501579940601_15041\" href=\"https:\/\/luzbeloso.jimdo.com\/\" target=\"_blank\" rel=\"nofollow noopener noreferrer\">https:\/\/luzbeloso.jimdo.com<\/a><\/div>\n<\/div>\n<p>[\/et_pb_text][\/et_pb_column][et_pb_column type=\u00bb1_2&#8243;][et_pb_image _builder_version=\u00bb3.0.64&#8243; src=\u00bbhttps:\/\/ed.aulablog.com\/wp-content\/uploads\/sites\/8\/2017\/07\/Luz_Beloso_cuadrada-1.jpg\u00bb show_in_lightbox=\u00bboff\u00bb url_new_window=\u00bboff\u00bb use_overlay=\u00bboff\u00bb sticky=\u00bboff\u00bb align=\u00bbleft\u00bb always_center_on_mobile=\u00bbon\u00bb border_style=\u00bbsolid\u00bb force_fullwidth=\u00bboff\u00bb \/][\/et_pb_column][\/et_pb_row][\/et_pb_section]<\/p>\n","protected":false},"excerpt":{"rendered":"<p><div class=\"et_pb_row et_pb_row_0 et_pb_row_empty\">\n\t\t\t\t\n\t\t\t\t\n\t\t\t\t\n\t\t\t\t\n\t\t\t\t\n\t\t\t<\/div><div class=\"et_pb_module et_pb_text et_pb_text_0  et_pb_text_align_left et_pb_bg_layout_light\">\n\t\t\t\t\n\t\t\t\t\n\t\t\t\t\n\t\t\t\t\n\t\t\t\t\n\t\t\t<\/div> \u00a0 Licenciada en Bellas Artes en la especialidad de pintura por la facultad de Salamanca, es Profesora \u00a0de Educaci\u00f3n pl\u00e1stica visual \u00a0y audiovisual desde \u00a01993 en Galicia , imparte clases actualmente en el IES as Barxas de Moa\u00f1a (Pontevedra) Ha recibido\u00a0numerosos \u00a0premios por sus \u00a0experiencias y proyectos educativos tales\u00a0 como el \u00a0Premio nacional CreArte [&hellip;]<\/p>\n","protected":false},"author":4,"featured_media":0,"parent":51,"menu_order":0,"comment_status":"closed","ping_status":"closed","template":"","meta":{"_et_pb_use_builder":"on","_et_pb_old_content":"<div class=\"\"><strong>\u00a0<\/strong><\/div><div class=\"\"><div>Licenciada en Bellas Artes en la especialidad de pintura por la facultad de Salamanca, es Profesora \u00a0de Educaci\u00f3n pl\u00e1stica visual \u00a0y audiovisual desde \u00a01993 en Galicia , imparte clases actualmente en el IES as Barxas de Moa\u00f1a (Pontevedra)<\/div><\/div><div class=\"\"><p>Ha recibido\u00a0numerosos \u00a0premios por sus \u00a0experiencias y proyectos educativos tales\u00a0 como el \u00a0Premio nacional CreArte \u00a0por el \u00a0Ministerio de Cultura\u00a0en el \u00a02011, por <i>\u201cEDUCORTOS , el recurso del lenguaje cinematogr\u00e1fico en el aula de Pl\u00e1stica\u201d<\/i>.<\/p><p>Premiada en el 2012 por mejor iniciativa \u00a0TIC , por la revista \u00a0Educaci\u00f3n 3.0 por el proyecto audiovisual \u00a0<i>\u201cHistorias de un cuarto de ba\u00f1o\u201d<\/i>, Peonza de Oro \u00a0por Espiral Edublogs en el 2015 \u00a0por \u00a0<i>EDUCORTOS<\/i> .\u00a0Finalista en el\u00a0 2016 en el 1\u00ba Premio HIARES , Arte y Cultura, por el proyecto Audiovisual <i>Aul@animada<\/i>.<\/p><p>Premio a la Innovaci\u00f3n Educativa en SIMO Educaci\u00f3n 2016 por el \u00a0Mejor Proyecto TIC Audiovisual, y Primera menci\u00f3n honor\u00edfica \u00a0por la Fundaci\u00f3n GSD de innovaci\u00f3n educativa por el proyecto audiovisual <i>\u201cSuperh\u00e9roes y superhero\u00ednas\u201d.<\/i><\/p><p>Coordina desde hace a\u00f1os en el IES as Barxas \u00a0 diversos proyectos de innovaci\u00f3n educativa \u00a0junto a la profesora de econom\u00eda M Jose Soto que han sido reconocidos y \u00a0premiados en diferentes cursos:<\/p><p>Por \u00a0EducaBarri\u00e9 \u00a0y \u00a0la \u00a0Fundaci\u00f3n GSD\u00a0 (2013-14) por <i>\u201cBarxas TV Productora Audiovisual\u201d<\/i><\/p><p>Premio a la innovaci\u00f3n educativa de la Plataforma Proyecta en el\u00a0 2015 por el proyecto colaborativo, <i>\u201cCreaci\u00f3n de una editorial, Barxil\u00f3n\u201d,<\/i> proyecto premiado tambi\u00e9n por la \u00a0Fundaci\u00f3n \u00a0Colegio Base y \u00a0finalista en Premio Escuelas para la Sociedad Digital de la\u00a0 \u00a0Fundaci\u00f3n Telef\u00f3nica.<\/p><p>Premio de \u00a0la Plataforma Proyecta en el 2016 con el proyecto colaborativo, <i>\u201cTransformando realidades, creaci\u00f3n y gesti\u00f3n de un centro de ARTE contempor\u00e1neo \u201c.<\/i><\/p><p>Coautora junto al profesor\u00a0 Juan \u00a0Carlos de Miguel\u00a0 del proyecto colaborativo\u00a0 \u201c<i>Contamos con Emotion\u201d<\/i>\u00a0 donde ya\u00a0 participan m\u00e1s de 80 profesores\u00a0, premiado \u00a0en el 2016 por la \u00a0Fundaci\u00f3n Colegio Base.<\/p><p>Imparti\u00f3 \u00a0talleres , cursos de formaci\u00f3n a profesores para la Xunta y ponencias \u00a0sobre proyectos o experiencias de aula en diferentes \u00a0eventos y encuentros educativos \u00a0tales como SIMO,\u00a0<a href=\"http:\/\/www.culturgal.com\/arquivo\/ficha_actividade.php?actividad=272\">Culturgal<\/a>\u00a0, Curso de Arte y Educaci\u00f3n en el \u201cCentro Galego de Arte Contempor\u00e1neo\u201d\u00a0, Escola TIC CAFI o Jornadas Espiral colegio Base \u00a0\u201d\u00a0Colaborar para Ense\u00f1ar\u201d.<\/p><p>Espacios :<a href=\"http:\/\/educortos.blogspot.com.es\/p\/sobre-educortos.html\">EDUCORTOS<\/a>\u00a0, \u00a0<a href=\"https:\/\/edu-plastica.blogspot.com.es\/\">EDUPLASTICA<\/a>,\u00a0<a href=\"http:\/\/animacioneducacionplastica.blogspot.com.es\/\">AUL@ANIMADA<\/a>\u00a0, \u00a0<a href=\"http:\/\/framebyframe.hol.es\/\">FRAME BY FRAME<\/a> (Coautora junto a Juan Sicilia)<\/p><div id=\"yui_3_16_0_ym19_1_1486049832469_7353\"><span id=\"yui_3_16_0_ym19_1_1486049832469_7364\"><a id=\"yui_3_16_0_ym19_1_1501579940601_14897\" href=\"https:\/\/about.me\/luz_beloso\" target=\"_blank\" rel=\"nofollow noopener noreferrer\">about.me\/luz_beloso<br clear=\"none\" \/><\/a><\/span><\/div><div id=\"yui_3_16_0_ym19_1_1486049832469_7353\"><a id=\"yui_3_16_0_ym19_1_1501579940601_15041\" href=\"https:\/\/luzbeloso.jimdo.com\/\" target=\"_blank\" rel=\"nofollow noopener noreferrer\">https:\/\/luzbeloso.jimdo.com<\/a><\/div><\/div>","_et_gb_content_width":"","footnotes":""},"class_list":["post-203","page","type-page","status-publish","hentry"],"_links":{"self":[{"href":"https:\/\/ed.aulablog.com\/oviedo2018\/wp-json\/wp\/v2\/pages\/203","targetHints":{"allow":["GET"]}}],"collection":[{"href":"https:\/\/ed.aulablog.com\/oviedo2018\/wp-json\/wp\/v2\/pages"}],"about":[{"href":"https:\/\/ed.aulablog.com\/oviedo2018\/wp-json\/wp\/v2\/types\/page"}],"author":[{"embeddable":true,"href":"https:\/\/ed.aulablog.com\/oviedo2018\/wp-json\/wp\/v2\/users\/4"}],"replies":[{"embeddable":true,"href":"https:\/\/ed.aulablog.com\/oviedo2018\/wp-json\/wp\/v2\/comments?post=203"}],"version-history":[{"count":3,"href":"https:\/\/ed.aulablog.com\/oviedo2018\/wp-json\/wp\/v2\/pages\/203\/revisions"}],"predecessor-version":[{"id":354,"href":"https:\/\/ed.aulablog.com\/oviedo2018\/wp-json\/wp\/v2\/pages\/203\/revisions\/354"}],"up":[{"embeddable":true,"href":"https:\/\/ed.aulablog.com\/oviedo2018\/wp-json\/wp\/v2\/pages\/51"}],"wp:attachment":[{"href":"https:\/\/ed.aulablog.com\/oviedo2018\/wp-json\/wp\/v2\/media?parent=203"}],"curies":[{"name":"wp","href":"https:\/\/api.w.org\/{rel}","templated":true}]}}