{"id":301,"date":"2017-09-03T18:54:37","date_gmt":"2017-09-03T17:54:37","guid":{"rendered":"http:\/\/www.tedxoviedoed.es\/?page_id=301"},"modified":"2018-01-15T18:38:35","modified_gmt":"2018-01-15T17:38:35","slug":"charo-fdez-aguirre","status":"publish","type":"page","link":"https:\/\/ed.aulablog.com\/oviedo2018\/ponentes\/charo-fdez-aguirre\/","title":{"rendered":"Charo Fdez Aguirre"},"content":{"rendered":"<p>[et_pb_section bb_built=\u00bb1&#8243;][et_pb_row][et_pb_column type=\u00bb2_3&#8243;][et_pb_text _builder_version=\u00bb3.0.64&#8243; background_layout=\u00bblight\u00bb text_orientation=\u00bbleft\u00bb border_style=\u00bbsolid\u00bb]<\/p>\n<h2>Charo Fern\u00e1ndez Aguirre<\/h2>\n<p dir=\"ltr\"><span class=\"m_-8789367651707298686gmail-il\">Licenciada<\/span> en <span class=\"m_-8789367651707298686gmail-il\">inform\u00e1tica<\/span> <span class=\"m_-8789367651707298686gmail-il\">por<\/span> la <span class=\"m_-8789367651707298686gmail-il\">Universidad<\/span> <span class=\"m_-8789367651707298686gmail-il\">Polit\u00e9cnica<\/span> de <span class=\"m_-8789367651707298686gmail-il\">Madrid<\/span> <span class=\"m_-8789367651707298686gmail-il\">y<\/span> <span class=\"m_-8789367651707298686gmail-il\">profesora<\/span> de <span class=\"m_-8789367651707298686gmail-il\">bachillerato<\/span> <span class=\"m_-8789367651707298686gmail-il\">desde<\/span> <span class=\"m_-8789367651707298686gmail-il\">hace<\/span> <span class=\"m_-8789367651707298686gmail-il\">venticuatro<\/span> <span class=\"m_-8789367651707298686gmail-il\">a\u00f1os<\/span>, <span class=\"m_-8789367651707298686gmail-il\">impartiendo<\/span> <span class=\"m_-8789367651707298686gmail-il\">las<\/span> <span class=\"m_-8789367651707298686gmail-il\">asignaturas<\/span> de <span class=\"m_-8789367651707298686gmail-il\">Tecnolog\u00edas<\/span> de la <span class=\"m_-8789367651707298686gmail-il\">Informaci\u00f3n<\/span> <span class=\"m_-8789367651707298686gmail-il\">y<\/span> <span class=\"m_-8789367651707298686gmail-il\">electrotecnia<\/span> en <span class=\"m_-8789367651707298686gmail-il\">el<\/span> <span class=\"m_-8789367651707298686gmail-il\">colegio<\/span> <span class=\"m_-8789367651707298686gmail-il\">Salesianos<\/span> <span class=\"m_-8789367651707298686gmail-il\">Atocha<\/span> de <span class=\"m_-8789367651707298686gmail-il\">Madrid<\/span>.<\/p>\n<p dir=\"ltr\">Tambi\u00e9n <span class=\"m_-8789367651707298686gmail-il\">es<\/span> <span class=\"m_-8789367651707298686gmail-il\">profesora<\/span> oficial de Cisco (CCNI) , encargada de &nbsp;la impartici\u00f3n de los cursos del Programa Acad\u00e9mico de Redes de Cisco (CNAP) <span class=\"m_-8789367651707298686gmail-il\">y<\/span> posee la certificaci\u00f3n LPI-1 (Linux Professional Institute).<\/p>\n<p>Miembro del equipo docente del programa \u00abProfesores en Acci\u00f3n\u00bb de FERE desde el 2015.<\/p>\n<p dir=\"ltr\">Involucrada en numerosas actividades relacionadas con <span class=\"m_-8789367651707298686gmail-il\">el<\/span> uso de <span class=\"m_-8789367651707298686gmail-il\">las<\/span> Tics en educaci\u00f3n <span class=\"m_-8789367651707298686gmail-il\">y<\/span> la formaci\u00f3n de profesores, participa de manera activa en la asociaci\u00f3n Aulablog, <span class=\"m_-8789367651707298686gmail-il\">desde<\/span> la que se pretende promover la mejora de la pr\u00e1ctica educativa en el aula.<\/p>\n<p>[\/et_pb_text][\/et_pb_column][et_pb_column type=\u00bb1_3&#8243;][et_pb_image _builder_version=\u00bb3.0.64&#8243; src=\u00bbhttps:\/\/ed.aulablog.com\/wp-content\/uploads\/sites\/8\/2017\/07\/Charo7.jpg\u00bb show_in_lightbox=\u00bboff\u00bb url_new_window=\u00bboff\u00bb use_overlay=\u00bboff\u00bb sticky=\u00bboff\u00bb align=\u00bbleft\u00bb always_center_on_mobile=\u00bbon\u00bb border_style=\u00bbsolid\u00bb force_fullwidth=\u00bboff\u00bb \/][\/et_pb_column][\/et_pb_row][\/et_pb_section]<\/p>\n","protected":false},"excerpt":{"rendered":"<p><div class=\"et_pb_row et_pb_row_0 et_pb_row_empty\">\n\t\t\t\t\n\t\t\t\t\n\t\t\t\t\n\t\t\t\t\n\t\t\t\t\n\t\t\t<\/div> Charo Fern\u00e1ndez Aguirre Licenciada en inform\u00e1tica por la Universidad Polit\u00e9cnica de Madrid y profesora de bachillerato desde hace venticuatro a\u00f1os, impartiendo las asignaturas de Tecnolog\u00edas de la Informaci\u00f3n y electrotecnia en el colegio Salesianos Atocha de Madrid. Tambi\u00e9n es profesora oficial de Cisco (CCNI) , encargada de &nbsp;la impartici\u00f3n de los cursos del Programa [&hellip;]<\/p>\n","protected":false},"author":9,"featured_media":0,"parent":51,"menu_order":0,"comment_status":"closed","ping_status":"closed","template":"","meta":{"_et_pb_use_builder":"on","_et_pb_old_content":"","_et_gb_content_width":"","footnotes":""},"class_list":["post-301","page","type-page","status-publish","hentry"],"_links":{"self":[{"href":"https:\/\/ed.aulablog.com\/oviedo2018\/wp-json\/wp\/v2\/pages\/301","targetHints":{"allow":["GET"]}}],"collection":[{"href":"https:\/\/ed.aulablog.com\/oviedo2018\/wp-json\/wp\/v2\/pages"}],"about":[{"href":"https:\/\/ed.aulablog.com\/oviedo2018\/wp-json\/wp\/v2\/types\/page"}],"author":[{"embeddable":true,"href":"https:\/\/ed.aulablog.com\/oviedo2018\/wp-json\/wp\/v2\/users\/9"}],"replies":[{"embeddable":true,"href":"https:\/\/ed.aulablog.com\/oviedo2018\/wp-json\/wp\/v2\/comments?post=301"}],"version-history":[{"count":2,"href":"https:\/\/ed.aulablog.com\/oviedo2018\/wp-json\/wp\/v2\/pages\/301\/revisions"}],"predecessor-version":[{"id":614,"href":"https:\/\/ed.aulablog.com\/oviedo2018\/wp-json\/wp\/v2\/pages\/301\/revisions\/614"}],"up":[{"embeddable":true,"href":"https:\/\/ed.aulablog.com\/oviedo2018\/wp-json\/wp\/v2\/pages\/51"}],"wp:attachment":[{"href":"https:\/\/ed.aulablog.com\/oviedo2018\/wp-json\/wp\/v2\/media?parent=301"}],"curies":[{"name":"wp","href":"https:\/\/api.w.org\/{rel}","templated":true}]}}