{"id":345,"date":"2017-10-20T09:35:49","date_gmt":"2017-10-20T08:35:49","guid":{"rendered":"http:\/\/www.tedxoviedoed.es\/?page_id=345"},"modified":"2018-01-04T14:05:02","modified_gmt":"2018-01-04T13:05:02","slug":"cesar-poyatos","status":"publish","type":"page","link":"https:\/\/ed.aulablog.com\/oviedo2018\/ponentes\/cesar-poyatos\/","title":{"rendered":"C\u00e9sar Poyatos"},"content":{"rendered":"<p>[et_pb_section bb_built=\u00bb1&#8243;][et_pb_row][et_pb_column type=\u00bb1_2&#8243;][et_pb_text _builder_version=\u00bb3.0.64&#8243; background_layout=\u00bblight\u00bb text_orientation=\u00bbleft\u00bb border_style=\u00bbsolid\u00bb]<\/p>\n<p>Profesor de ESO desde 2003, imparte las asignaturas de F\u00edsica y Qu\u00edmica, TPR (Tecnolog\u00eda, Programaci\u00f3n y Rob\u00f3tica) y TIC (Tecnolog\u00edas de la Informaci\u00f3n y la Comunicaci\u00f3n) en el Colegio San Diego y San Vicente de Madrid. Profesor asociado UAM (Universidad Aut\u00f3noma de Madrid) en el departamento de Did\u00e1ctica y Teor\u00eda de la Educaci\u00f3n desde Septiembre de 2017. M\u00e1ster en Tecnolog\u00edas de la Informaci\u00f3n y la Comunicaci\u00f3n en Educaci\u00f3n y Formaci\u00f3n \u2013 UAM. Doctor en Educaci\u00f3n UAM.<br \/>\nHa administrado y dinamizado la secci\u00f3n de web 2.0 de Educared y el portal Curalia de Fundaci\u00f3n Telef\u00f3nica. Ha ganado nueve Premios Fundaci\u00f3n Telef\u00f3nica de Innovaci\u00f3n Educativa.<br \/>\nPonente en numerosos congresos y encuentros educativos. Colabora en acciones formativas del profesorado con instituciones como CRIF las Acacias, UAM, UIMP (Universidad Internacional Men\u00e9ndez Pelayo), UPC (Universidad Pontificia de Comillas), EOI (Escuela de Organizaci\u00f3n Industrial), CITA (Centro Internacional de Tecnolog\u00edas Avanzadas) y el INTEF (Instituto Nacional de Tecnolog\u00edas Educativas y de Formaci\u00f3n del profesorado).<br \/>\nParticipa en la asociaci\u00f3n aulaBLOG investigando c\u00f3mo integrar los dispositivos m\u00f3viles en los procesos de ense\u00f1anza y aprendizaje.<\/p>\n<p>[\/et_pb_text][\/et_pb_column][et_pb_column type=\u00bb1_2&#8243;][et_pb_image _builder_version=\u00bb3.0.64&#8243; src=\u00bbhttps:\/\/ed.aulablog.com\/wp-content\/uploads\/sites\/8\/2017\/07\/IMG_8088.jpg\u00bb show_in_lightbox=\u00bboff\u00bb url_new_window=\u00bboff\u00bb use_overlay=\u00bboff\u00bb sticky=\u00bboff\u00bb align=\u00bbleft\u00bb always_center_on_mobile=\u00bbon\u00bb border_style=\u00bbsolid\u00bb force_fullwidth=\u00bboff\u00bb \/][\/et_pb_column][\/et_pb_row][\/et_pb_section]<\/p>\n","protected":false},"excerpt":{"rendered":"<p><div class=\"et_pb_row et_pb_row_0 et_pb_row_empty\">\n\t\t\t\t\n\t\t\t\t\n\t\t\t\t\n\t\t\t\t\n\t\t\t\t\n\t\t\t<\/div> Profesor de ESO desde 2003, imparte las asignaturas de F\u00edsica y Qu\u00edmica, TPR (Tecnolog\u00eda, Programaci\u00f3n y Rob\u00f3tica) y TIC (Tecnolog\u00edas de la Informaci\u00f3n y la Comunicaci\u00f3n) en el Colegio San Diego y San Vicente de Madrid. Profesor asociado UAM (Universidad Aut\u00f3noma de Madrid) en el departamento de Did\u00e1ctica y Teor\u00eda de la Educaci\u00f3n desde [&hellip;]<\/p>\n","protected":false},"author":2,"featured_media":0,"parent":51,"menu_order":0,"comment_status":"closed","ping_status":"closed","template":"","meta":{"_et_pb_use_builder":"on","_et_pb_old_content":"","_et_gb_content_width":"","footnotes":""},"class_list":["post-345","page","type-page","status-publish","hentry"],"_links":{"self":[{"href":"https:\/\/ed.aulablog.com\/oviedo2018\/wp-json\/wp\/v2\/pages\/345","targetHints":{"allow":["GET"]}}],"collection":[{"href":"https:\/\/ed.aulablog.com\/oviedo2018\/wp-json\/wp\/v2\/pages"}],"about":[{"href":"https:\/\/ed.aulablog.com\/oviedo2018\/wp-json\/wp\/v2\/types\/page"}],"author":[{"embeddable":true,"href":"https:\/\/ed.aulablog.com\/oviedo2018\/wp-json\/wp\/v2\/users\/2"}],"replies":[{"embeddable":true,"href":"https:\/\/ed.aulablog.com\/oviedo2018\/wp-json\/wp\/v2\/comments?post=345"}],"version-history":[{"count":2,"href":"https:\/\/ed.aulablog.com\/oviedo2018\/wp-json\/wp\/v2\/pages\/345\/revisions"}],"predecessor-version":[{"id":521,"href":"https:\/\/ed.aulablog.com\/oviedo2018\/wp-json\/wp\/v2\/pages\/345\/revisions\/521"}],"up":[{"embeddable":true,"href":"https:\/\/ed.aulablog.com\/oviedo2018\/wp-json\/wp\/v2\/pages\/51"}],"wp:attachment":[{"href":"https:\/\/ed.aulablog.com\/oviedo2018\/wp-json\/wp\/v2\/media?parent=345"}],"curies":[{"name":"wp","href":"https:\/\/api.w.org\/{rel}","templated":true}]}}