{"id":347,"date":"2017-10-20T09:38:28","date_gmt":"2017-10-20T08:38:28","guid":{"rendered":"http:\/\/www.tedxoviedoed.es\/?page_id=347"},"modified":"2018-01-09T17:39:21","modified_gmt":"2018-01-09T16:39:21","slug":"javier-monteagudo","status":"publish","type":"page","link":"https:\/\/ed.aulablog.com\/oviedo2018\/ponentes\/javier-monteagudo\/","title":{"rendered":"Javier Monteagudo"},"content":{"rendered":"<p>[et_pb_section bb_built=\u00bb1&#8243;][et_pb_row][et_pb_column type=\u00bb1_2&#8243;][et_pb_text _builder_version=\u00bb3.0.64&#8243; background_layout=\u00bblight\u00bb text_orientation=\u00bbleft\u00bb border_style=\u00bbsolid\u00bb]<\/p>\n<p>Soy de Madrid,docente de Educaci\u00f3n Musical y componente de diversas agrupaciones musicales.<\/p>\n<p>Empec\u00e9 mis estudios de m\u00fasica en el Instituto de M\u00fasica y Tecnolog\u00eda de Madrid, cursando Guitarra, lenguaje musical y armon\u00eda moderna.<\/p>\n<p>Estudi\u00e9 en la Facultad de Ciencias de la Educaci\u00f3n de la Universidad Complutense, obteniendo la diplomatura de Magisterio en la especialidad de Educaci\u00f3n Musical y tengo estudios en la Universidad Aut\u00f3noma de Madrid, de Ciencias e Historia de la M\u00fasica, a\u00fan por finalizar.\u00a0Actualmente desarrollo las funciones de Responsable de Formaci\u00f3n del CRIF Las Acacias. Centro de profesorado de la comunidad de Madrid. A su vez soy embajador del proyecto europeo Future Classroom LAB.<\/p>\n<p>Con las diferentes formaciones en las que trabajo he realizado conciertos y varias giras por EE.UU., Portugal, Francia, Italia y T\u00fanez, as\u00ed como numerosos conciertos dentro de Espa\u00f1a.<br \/>\nSoy Miembro fundador del grupo Balbarda, con el que he grabado varios discos. Tambi\u00e9n soy guitarrista del grupo asturiano Brenga Astur y he estado en la formaci\u00f3n del grupo Barahunda, Cruceta Ballet Flamenco, Reverse, etc.<\/p>\n<p>He recibido clases de guitarra contempor\u00e1nea de la mano de Standley Jordan (Festival de la Guitarra de C\u00f3rdoba) y Chema V\u00edlchez, de la\u00fad \u00e1rabe de la mano de Mostafa Bakkali Douas y Wafir Shaik el Din, de guitarra flamenca de la mano de Xesus Pimentel, Salva del Real y Alberto Fern\u00e1ndez y de guitarra ac\u00fastica con Carlos Beceiro en la escuela de folklore \u201cPlaza de Castilla\u201d y en la escuela \u201cMatilda\u201d de Madrid. Ha realizado cursos de canto dif\u00f3nico con Antonio Ol\u00edas, Pedro Llopis y\u00a0 Nestor Kornblum.<\/p>\n<p>He sido llamado por la Orquesta de Estudiantes de la Comunidad de Madrid, para participar como mandolinista solista en el Auditorio Nacional.<\/p>\n<p>He participado siendo coautor en el Certamen Coreogr\u00e1fico de Madrid en el a\u00f1o 2004 llegando a la final en el Teatro \u00c1lbeniz de Madrid.<\/p>\n<p>He trabajado para grupos de danza y de artes esc\u00e9nicas, teatro de calle, performance, etc.<\/p>\n<p>Desarrollo mi labor docente desde hace m\u00e1s de 15 a\u00f1os en diferentes centros de Madrid. Colaboro con diferentes instituciones educativas en la formaci\u00f3n docente en \u00e1reas referentes al cambio educativo. (INTEF, CTIF, CRIF, CITA, UIMP, etc.)<\/p>\n<p>[\/et_pb_text][\/et_pb_column][et_pb_column type=\u00bb1_2&#8243;][et_pb_image _builder_version=\u00bb3.0.64&#8243; src=\u00bbhttps:\/\/ed.aulablog.com\/wp-content\/uploads\/sites\/8\/2017\/09\/vi99fpia1pesud5uqsji_400x400.jpg\u00bb show_in_lightbox=\u00bboff\u00bb url_new_window=\u00bboff\u00bb use_overlay=\u00bboff\u00bb sticky=\u00bboff\u00bb align=\u00bbleft\u00bb always_center_on_mobile=\u00bbon\u00bb border_style=\u00bbsolid\u00bb force_fullwidth=\u00bboff\u00bb \/][\/et_pb_column][\/et_pb_row][\/et_pb_section]<\/p>\n","protected":false},"excerpt":{"rendered":"<p><div class=\"et_pb_row et_pb_row_0 et_pb_row_empty\">\n\t\t\t\t\n\t\t\t\t\n\t\t\t\t\n\t\t\t\t\n\t\t\t\t\n\t\t\t<\/div> Soy de Madrid,docente de Educaci\u00f3n Musical y componente de diversas agrupaciones musicales. Empec\u00e9 mis estudios de m\u00fasica en el Instituto de M\u00fasica y Tecnolog\u00eda de Madrid, cursando Guitarra, lenguaje musical y armon\u00eda moderna. Estudi\u00e9 en la Facultad de Ciencias de la Educaci\u00f3n de la Universidad Complutense, obteniendo la diplomatura de Magisterio en la especialidad [&hellip;]<\/p>\n","protected":false},"author":2,"featured_media":0,"parent":51,"menu_order":0,"comment_status":"closed","ping_status":"closed","template":"","meta":{"_et_pb_use_builder":"on","_et_pb_old_content":"","_et_gb_content_width":"","footnotes":""},"class_list":["post-347","page","type-page","status-publish","hentry"],"_links":{"self":[{"href":"https:\/\/ed.aulablog.com\/oviedo2018\/wp-json\/wp\/v2\/pages\/347","targetHints":{"allow":["GET"]}}],"collection":[{"href":"https:\/\/ed.aulablog.com\/oviedo2018\/wp-json\/wp\/v2\/pages"}],"about":[{"href":"https:\/\/ed.aulablog.com\/oviedo2018\/wp-json\/wp\/v2\/types\/page"}],"author":[{"embeddable":true,"href":"https:\/\/ed.aulablog.com\/oviedo2018\/wp-json\/wp\/v2\/users\/2"}],"replies":[{"embeddable":true,"href":"https:\/\/ed.aulablog.com\/oviedo2018\/wp-json\/wp\/v2\/comments?post=347"}],"version-history":[{"count":2,"href":"https:\/\/ed.aulablog.com\/oviedo2018\/wp-json\/wp\/v2\/pages\/347\/revisions"}],"predecessor-version":[{"id":591,"href":"https:\/\/ed.aulablog.com\/oviedo2018\/wp-json\/wp\/v2\/pages\/347\/revisions\/591"}],"up":[{"embeddable":true,"href":"https:\/\/ed.aulablog.com\/oviedo2018\/wp-json\/wp\/v2\/pages\/51"}],"wp:attachment":[{"href":"https:\/\/ed.aulablog.com\/oviedo2018\/wp-json\/wp\/v2\/media?parent=347"}],"curies":[{"name":"wp","href":"https:\/\/api.w.org\/{rel}","templated":true}]}}