{"id":57,"date":"2017-07-27T11:00:43","date_gmt":"2017-07-27T10:00:43","guid":{"rendered":"http:\/\/www.tedxoviedoed.es\/?page_id=57"},"modified":"2018-01-12T17:29:13","modified_gmt":"2018-01-12T16:29:13","slug":"programa","status":"publish","type":"page","link":"https:\/\/ed.aulablog.com\/oviedo2018\/programa\/","title":{"rendered":"Programa"},"content":{"rendered":"<p>[et_pb_section bb_built=\u00bb1&#8243; fullwidth=\u00bbon\u00bb _builder_version=\u00bb3.0.64&#8243; use_background_color_gradient=\u00bbon\u00bb background_color_gradient_start=\u00bb#0b7fc6&#8243; background_color_gradient_end=\u00bb#007add\u00bb background_color_gradient_type=\u00bbradial\u00bb background_color_gradient_direction=\u00bb360deg\u00bb background_color_gradient_start_position=\u00bb100%\u00bb][et_pb_fullwidth_post_title meta=\u00bboff\u00bb text_color=\u00bblight\u00bb _builder_version=\u00bb3.0.64&#8243; title_font=\u00bbArial||||\u00bb meta_text_color=\u00bb#ffffff\u00bb custom_margin=\u00bb||1px|\u00bb title=\u00bbon\u00bb author=\u00bbon\u00bb date=\u00bbon\u00bb categories=\u00bbon\u00bb comments=\u00bbon\u00bb featured_image=\u00bbon\u00bb featured_placement=\u00bbbelow\u00bb parallax_effect=\u00bbon\u00bb parallax_method=\u00bbon\u00bb text_orientation=\u00bbleft\u00bb text_background=\u00bboff\u00bb title_font_size=\u00bb34px\u00bb border_style=\u00bbsolid\u00bb saved_tabs=\u00bball\u00bb \/][\/et_pb_section][et_pb_section bb_built=\u00bb1&#8243; background_color=\u00bb#ffffff\u00bb _builder_version=\u00bb3.0.64&#8243;][et_pb_row background_position_1=\u00bbtop_left\u00bb background_repeat_1=\u00bbno-repeat\u00bb _builder_version=\u00bb3.0.64&#8243;][et_pb_column type=\u00bb3_4&#8243;][et_pb_text _builder_version=\u00bb3.0.64&#8243; background_layout=\u00bblight\u00bb text_orientation=\u00bbleft\u00bb border_style=\u00bbsolid\u00bb text_font_size=\u00bb16&#8243; header_font_size=\u00bb34px\u00bb]<\/p>\n<ul>\n<li>\n<h5>9:30 Recepci\u00f3n &#8211; Acreditaciones<\/h5>\n<\/li>\n<li>\n<h5>10:00. Presentaci\u00f3n del evento<\/h5>\n<\/li>\n<li>\n<h5>10:05<span style=\"color: #ff6600;\">\u00a0\u00a0<strong>Luz Beloso<\/strong><\/span>: <em>EDUCORTOS el proyecto audiovisual que UNE.<\/em><\/h5>\n<\/li>\n<li>\n<h5>10:30:\u00a0<b><span style=\"color: #ff6600;\">Javier Monteagudo<\/span>: <\/b><em>El Aula del Futuro<b>.<\/b><\/em><\/h5>\n<\/li>\n<li>\n<h5>10:55\u00a0\u00a0<span style=\"color: #ff6600;\"><b>Fernando Trujillo<\/b><\/span>: <em>Entre la Vieja y la Nueva Educaci\u00f3n: un debate centenario.<\/em><\/h5>\n<\/li>\n<li>\n<h5>11:20\u00a0<b>\u00a0<\/b><strong>Pausa &#8211; caf\u00e9<\/strong><\/h5>\n<\/li>\n<li>\n<h5>11:50\u00a0<strong>Beatriz Corral<\/strong>: Performance acrob\u00e1tica.<\/h5>\n<\/li>\n<li>\n<h5>12:15\u00a0<span style=\"color: #ff6600;\"><strong>Rosa Liarte<\/strong><\/span>: <em>Aprendiendo de TIC<\/em>.<\/h5>\n<\/li>\n<li>\n<h5>12:37\u00a0\u00a0<span style=\"color: #ff6600;\"><strong>Paul Ibarra<\/strong><\/span>: <em>La revoluci\u00f3n de los peque\u00f1os. Gastronom\u00eda singular para el siglo XXI<\/em>.<\/h5>\n<\/li>\n<li>\n<h5>13:00 M\u00fasica al dente<span style=\"color: #ff6600;\">\u00a0<\/span><\/h5>\n<\/li>\n<li>\n<h5>13:15\u00a0\u00a0<span style=\"color: #ff6600;\"><strong>Charo Fern\u00e1ndez<\/strong>:<\/span> <em>La A de STEAM: femenina y singular<\/em>.<\/h5>\n<\/li>\n<li>\n<h5>13:35\u00a0\u00a0<span style=\"color: #ff6600;\"><strong>Siro L\u00f3pez<\/strong><\/span>: <em>La escuela: un espacio de creaci\u00f3n<\/em>.<\/h5>\n<\/li>\n<li>\n<h5>14:00\u00a0\u00a0<span style=\"color: #ff6600;\"><strong>C\u00e9sar Poyatos<\/strong>:<\/span> <em>El viaje del h\u00e9roe \/ hero\u00edna<\/em><\/h5>\n<\/li>\n<\/ul>\n<p>&nbsp;<\/p>\n<h5>* Y la participaci\u00f3n especial de <span style=\"color: #ff6600;\"><strong>Montse Poyatos<br \/>\n<\/strong><\/span><\/h5>\n<p>[\/et_pb_text][\/et_pb_column][et_pb_column type=\u00bb1_4&#8243;][et_pb_image _builder_version=\u00bb3.0.64&#8243; src=\u00bbhttps:\/\/ed.aulablog.com\/wp-content\/uploads\/sites\/8\/2018\/01\/DTDDl7sW0AE6K76.jpg_large.jpg\u00bb show_in_lightbox=\u00bboff\u00bb url_new_window=\u00bboff\u00bb use_overlay=\u00bboff\u00bb sticky=\u00bbon\u00bb align=\u00bbcenter\u00bb always_center_on_mobile=\u00bbon\u00bb border_style=\u00bbsolid\u00bb force_fullwidth=\u00bbon\u00bb max_width=\u00bb100%\u00bb max_width_last_edited=\u00bbon|desktop\u00bb url=\u00bbhttps:\/\/ed.aulablog.com\/wp-content\/uploads\/sites\/8\/2018\/01\/DTDDl7sW0AE6K76-1.jpg_large-1.jpg\u00bb \/][\/et_pb_column][\/et_pb_row][\/et_pb_section]<\/p>\n","protected":false},"excerpt":{"rendered":"<p>9:30 Recepci\u00f3n &#8211; Acreditaciones 10:00. Presentaci\u00f3n del evento 10:05\u00a0\u00a0Luz Beloso: EDUCORTOS el proyecto audiovisual que UNE. 10:30:\u00a0Javier Monteagudo: El Aula del Futuro. 10:55\u00a0\u00a0Fernando Trujillo: Entre la Vieja y la Nueva Educaci\u00f3n: un debate centenario. 11:20\u00a0\u00a0Pausa &#8211; caf\u00e9 11:50\u00a0Beatriz Corral: Performance acrob\u00e1tica. 12:15\u00a0Rosa Liarte: Aprendiendo de TIC. 12:37\u00a0\u00a0Paul Ibarra: La revoluci\u00f3n de los peque\u00f1os. Gastronom\u00eda singular [&hellip;]<\/p>\n","protected":false},"author":1,"featured_media":0,"parent":0,"menu_order":0,"comment_status":"closed","ping_status":"closed","template":"","meta":{"_et_pb_use_builder":"on","_et_pb_old_content":"","_et_gb_content_width":"","footnotes":""},"class_list":["post-57","page","type-page","status-publish","hentry"],"_links":{"self":[{"href":"https:\/\/ed.aulablog.com\/oviedo2018\/wp-json\/wp\/v2\/pages\/57","targetHints":{"allow":["GET"]}}],"collection":[{"href":"https:\/\/ed.aulablog.com\/oviedo2018\/wp-json\/wp\/v2\/pages"}],"about":[{"href":"https:\/\/ed.aulablog.com\/oviedo2018\/wp-json\/wp\/v2\/types\/page"}],"author":[{"embeddable":true,"href":"https:\/\/ed.aulablog.com\/oviedo2018\/wp-json\/wp\/v2\/users\/1"}],"replies":[{"embeddable":true,"href":"https:\/\/ed.aulablog.com\/oviedo2018\/wp-json\/wp\/v2\/comments?post=57"}],"version-history":[{"count":24,"href":"https:\/\/ed.aulablog.com\/oviedo2018\/wp-json\/wp\/v2\/pages\/57\/revisions"}],"predecessor-version":[{"id":595,"href":"https:\/\/ed.aulablog.com\/oviedo2018\/wp-json\/wp\/v2\/pages\/57\/revisions\/595"}],"wp:attachment":[{"href":"https:\/\/ed.aulablog.com\/oviedo2018\/wp-json\/wp\/v2\/media?parent=57"}],"curies":[{"name":"wp","href":"https:\/\/api.w.org\/{rel}","templated":true}]}}