{"id":60,"date":"2017-07-27T11:01:29","date_gmt":"2017-07-27T10:01:29","guid":{"rendered":"http:\/\/www.tedxoviedoed.es\/?page_id=60"},"modified":"2018-01-09T13:42:07","modified_gmt":"2018-01-09T12:42:07","slug":"tedx","status":"publish","type":"page","link":"https:\/\/ed.aulablog.com\/oviedo2018\/portada\/tedx\/","title":{"rendered":"\u00bfQu\u00e9 es?"},"content":{"rendered":"<p>[et_pb_section bb_built=\u00bb1&#8243; _builder_version=\u00bb3.0.64&#8243; background_color=\u00bb#ffffff\u00bb][et_pb_row _builder_version=\u00bb3.0.64&#8243;][et_pb_column type=\u00bb4_4&#8243;][et_pb_text _builder_version=\u00bb3.0.64&#8243; background_layout=\u00bblight\u00bb text_orientation=\u00bbleft\u00bb border_style=\u00bbsolid\u00bb]<\/p>\n<p><b>EDaulaBLOG &#8211; Oviedo<\/b> es una oportunidad para construir sue\u00f1os, un evento ideado como un espacio para hablar de educaci\u00f3n, innovaci\u00f3n, arte y creatividad en uno de los espacios m\u00e1s sorprendentes de la ciudad de Oviedo: el Talud de la Er\u00eda, un espacio de coworking creado por y para el emprendimiento y gestionado por Oviedo Emprende.<\/p>\n<p><b>EDaulaBLOG Oviedo<\/b> es posible gracias al trabajo de la asociaci\u00f3n aulaBLOG y a 9 grandes profesionales comprometidos con la ense\u00f1anza y la innovaci\u00f3n en sus m\u00faltiples facetas, personas expertas que compartir\u00e1n con el p\u00fablico asistente, \u00a0ideas y conocimientos. EDaulaBLOG se convertir\u00e1 en un foco de creatividad e ideas innovadoras que ayudar\u00e1n a repensar la educaci\u00f3n.<\/p>\n<p>Al evento <b>EDaulaBLOG &#8211; Oviedo<\/b> asistir\u00e1n m\u00e1s de un centenar de docentes que ya se han inscrito en la web del evento y ser\u00e1 difundido ampliamente en las diferentes redes sociales pero todos los v\u00eddeos de las charlas estar\u00e1n disponibles en la web del evento y en Youtube a partir de la realizaci\u00f3n del mismo.<\/p>\n<p><b>EDaulaBLOG<\/b> cuenta con la colaboraci\u00f3n de organismos como Oviedo Emprende, CTIC, el Ayuntamiento de Oviedo, Cogersa y empresas como Conecta 13, Caja Rural de Asturias y Sacyr Fluor.<\/p>\n<p>[\/et_pb_text][\/et_pb_column][\/et_pb_row][et_pb_row][et_pb_column type=\u00bb4_4&#8243;][\/et_pb_column][\/et_pb_row][\/et_pb_section]<\/p>\n","protected":false},"excerpt":{"rendered":"<p>EDaulaBLOG &#8211; Oviedo es una oportunidad para construir sue\u00f1os, un evento ideado como un espacio para hablar de educaci\u00f3n, innovaci\u00f3n, arte y creatividad en uno de los espacios m\u00e1s sorprendentes de la ciudad de Oviedo: el Talud de la Er\u00eda, un espacio de coworking creado por y para el emprendimiento y gestionado por Oviedo Emprende. [&hellip;]<\/p>\n","protected":false},"author":1,"featured_media":0,"parent":40,"menu_order":1,"comment_status":"closed","ping_status":"closed","template":"","meta":{"_et_pb_use_builder":"on","_et_pb_old_content":"","_et_gb_content_width":"","footnotes":""},"class_list":["post-60","page","type-page","status-publish","hentry"],"_links":{"self":[{"href":"https:\/\/ed.aulablog.com\/oviedo2018\/wp-json\/wp\/v2\/pages\/60","targetHints":{"allow":["GET"]}}],"collection":[{"href":"https:\/\/ed.aulablog.com\/oviedo2018\/wp-json\/wp\/v2\/pages"}],"about":[{"href":"https:\/\/ed.aulablog.com\/oviedo2018\/wp-json\/wp\/v2\/types\/page"}],"author":[{"embeddable":true,"href":"https:\/\/ed.aulablog.com\/oviedo2018\/wp-json\/wp\/v2\/users\/1"}],"replies":[{"embeddable":true,"href":"https:\/\/ed.aulablog.com\/oviedo2018\/wp-json\/wp\/v2\/comments?post=60"}],"version-history":[{"count":13,"href":"https:\/\/ed.aulablog.com\/oviedo2018\/wp-json\/wp\/v2\/pages\/60\/revisions"}],"predecessor-version":[{"id":558,"href":"https:\/\/ed.aulablog.com\/oviedo2018\/wp-json\/wp\/v2\/pages\/60\/revisions\/558"}],"up":[{"embeddable":true,"href":"https:\/\/ed.aulablog.com\/oviedo2018\/wp-json\/wp\/v2\/pages\/40"}],"wp:attachment":[{"href":"https:\/\/ed.aulablog.com\/oviedo2018\/wp-json\/wp\/v2\/media?parent=60"}],"curies":[{"name":"wp","href":"https:\/\/api.w.org\/{rel}","templated":true}]}}