{"id":619,"date":"2018-01-16T11:32:46","date_gmt":"2018-01-16T10:32:46","guid":{"rendered":"https:\/\/ed.aulablog.com\/ed-2\/?page_id=619"},"modified":"2019-11-26T18:05:18","modified_gmt":"2019-11-26T17:05:18","slug":"todo-sobre-edaulablog-oviedo","status":"publish","type":"page","link":"https:\/\/ed.aulablog.com\/oviedo2018\/todo-sobre-edaulablog-oviedo\/","title":{"rendered":"Todo sobre EDaulaBLOG Oviedo"},"content":{"rendered":"<p>[et_pb_section bb_built=\u00bb1&#8243;][et_pb_row _builder_version=\u00bb3.0.64&#8243;][et_pb_column type=\u00bb4_4&#8243;][et_pb_text _builder_version=\u00bb3.0.64&#8243; background_layout=\u00bblight\u00bb text_orientation=\u00bbleft\u00bb border_style=\u00bbsolid\u00bb]<\/p>\n<h2><span style=\"color: #3366ff;\">Fotograf\u00edas de Josu Garro (@otoxolua)<\/span><\/h2>\n<p><a title=\"EDaulaBLOG Oviedo Enero 2018\" href=\"https:\/\/www.flickr.com\/photos\/a2click\/albums\/72157689399375102\" data-flickr-embed=\"true\" data-header=\"true\"><img loading=\"lazy\" decoding=\"async\" src=\"https:\/\/farm5.staticflickr.com\/4650\/38792234775_08b3c5f95c_z.jpg\" alt=\"EDaulaBLOG Oviedo Enero 2018\" width=\"800\" height=\"534\" \/><\/a><script async=\"\" src=\"\/\/embedr.flickr.com\/assets\/client-code.js\" charset=\"utf-8\"><\/script><\/p>\n<h4><\/h4>\n<h4>Tambi\u00e9n pod\u00e9is acceder a ellas en esta URL: <a href=\"https:\/\/flic.kr\/s\/aHsm9gPMub\" target=\"_blank\" rel=\"noopener noreferrer\">EDaulaBLOG Oviedo 2018<\/a><\/h4>\n<p>[\/et_pb_text][\/et_pb_column][\/et_pb_row][et_pb_row _builder_version=\u00bb3.0.64&#8243;][et_pb_column type=\u00bb4_4&#8243;][\/et_pb_column][\/et_pb_row][\/et_pb_section]<\/p>\n","protected":false},"excerpt":{"rendered":"<p>Fotograf\u00edas de Josu Garro (@otoxolua) Tambi\u00e9n pod\u00e9is acceder a ellas en esta URL: EDaulaBLOG Oviedo 2018<\/p>\n","protected":false},"author":2,"featured_media":0,"parent":0,"menu_order":0,"comment_status":"closed","ping_status":"closed","template":"","meta":{"_et_pb_use_builder":"on","_et_pb_old_content":"","_et_gb_content_width":"","footnotes":""},"class_list":["post-619","page","type-page","status-publish","hentry"],"_links":{"self":[{"href":"https:\/\/ed.aulablog.com\/oviedo2018\/wp-json\/wp\/v2\/pages\/619","targetHints":{"allow":["GET"]}}],"collection":[{"href":"https:\/\/ed.aulablog.com\/oviedo2018\/wp-json\/wp\/v2\/pages"}],"about":[{"href":"https:\/\/ed.aulablog.com\/oviedo2018\/wp-json\/wp\/v2\/types\/page"}],"author":[{"embeddable":true,"href":"https:\/\/ed.aulablog.com\/oviedo2018\/wp-json\/wp\/v2\/users\/2"}],"replies":[{"embeddable":true,"href":"https:\/\/ed.aulablog.com\/oviedo2018\/wp-json\/wp\/v2\/comments?post=619"}],"version-history":[{"count":4,"href":"https:\/\/ed.aulablog.com\/oviedo2018\/wp-json\/wp\/v2\/pages\/619\/revisions"}],"predecessor-version":[{"id":756,"href":"https:\/\/ed.aulablog.com\/oviedo2018\/wp-json\/wp\/v2\/pages\/619\/revisions\/756"}],"wp:attachment":[{"href":"https:\/\/ed.aulablog.com\/oviedo2018\/wp-json\/wp\/v2\/media?parent=619"}],"curies":[{"name":"wp","href":"https:\/\/api.w.org\/{rel}","templated":true}]}}