{"id":626,"date":"2018-01-19T16:04:59","date_gmt":"2018-01-19T15:04:59","guid":{"rendered":"https:\/\/ed.aulablog.com\/ed-2\/?page_id=626"},"modified":"2018-01-19T16:30:52","modified_gmt":"2018-01-19T15:30:52","slug":"prensa","status":"publish","type":"page","link":"https:\/\/ed.aulablog.com\/oviedo2018\/prensa\/","title":{"rendered":"El evento en la prensa"},"content":{"rendered":"<p>[et_pb_section bb_built=\u00bb1&#8243;][et_pb_row][et_pb_column type=\u00bb4_4&#8243;][et_pb_text _builder_version=\u00bb3.0.64&#8243; background_layout=\u00bblight\u00bb text_orientation=\u00bbleft\u00bb border_style=\u00bbsolid\u00bb]<\/p>\n<p><img loading=\"lazy\" decoding=\"async\" class=\"aligncenter wp-image-644 size-full\" src=\"https:\/\/ed.aulablog.com\/wp-content\/uploads\/sites\/8\/2018\/01\/ImageRuedadePrensa.jpg\" alt=\"\" width=\"722\" height=\"260\" srcset=\"https:\/\/ed.aulablog.com\/oviedo2018\/wp-content\/uploads\/sites\/8\/2018\/01\/ImageRuedadePrensa.jpg 722w, https:\/\/ed.aulablog.com\/oviedo2018\/wp-content\/uploads\/sites\/8\/2018\/01\/ImageRuedadePrensa-300x108.jpg 300w\" sizes=\"auto, (max-width: 722px) 100vw, 722px\" \/><\/p>\n<h6 style=\"text-align: center;\"><em>Imagen de la Rueda de Prensa en el Ayuntamiento de Oviedo con el Concejal de Econom\u00eda Rub\u00e9n Ros\u00f3n<\/em><\/h6>\n<ul>\n<li>Nota de Prena en la Agenda deOviedo Emprende:<a href=\"http:\/\/oviedoemprende.es\/actualidad\/noticia\/edaulablog-el-evento-de-educacion-en-Oviedo\/\"> http:\/\/oviedoemprende.es\/actualidad\/noticia\/edaulablog-el-evento-de-educacion-en-Oviedo\/<\/a><\/li>\n<\/ul>\n<ul>\n<li>\u00abEl Talud de la Er\u00eda, acoge un evento educativo con un centenar de docentes\u00bb. Art\u00edculo en el ABC.es:<a href=\"http:\/\/agencias.abc.es\/agencias\/noticia.asp?noticia=2709020\"> http:\/\/agencias.abc.es\/agencias\/noticia.asp?noticia=2709020<\/a><\/li>\n<li>\u00abCien profesores de todo el pa\u00eds participan en un encuentro sobre innovaci\u00f3n educativa en Oviedo\u00bb. Noticia en el peri\u00f3dico la Nueva Espa\u00f1a: <a href=\"http:\/\/www.lne.es\/oviedo\/2018\/01\/11\/cien-profesores-participan-encuentro-innovacion\/2221074.html\">http:\/\/www.lne.es\/oviedo\/2018\/01\/11\/cien-profesores-participan-encuentro-innovacion\/2221074.html<\/a><\/li>\n<li>\u00abEn el siglo XXI no se pueden usar m\u00e9todos de ense\u00f1anza del XX. Noticia en el peri\u00f3dico El Comercio Digital: <a href=\"http:\/\/www.elcomercio.es\/oviedo\/siglo-pueden-usar-20180112000619-ntvo.html\">http:\/\/www.elcomercio.es\/oviedo\/siglo-pueden-usar-20180112000619-ntvo.html<\/a><\/li>\n<\/ul>\n<p>[\/et_pb_text][\/et_pb_column][\/et_pb_row][\/et_pb_section]<\/p>\n","protected":false},"excerpt":{"rendered":"<p><div class=\"et_pb_row et_pb_row_0 et_pb_row_empty\">\n\t\t\t\t\n\t\t\t\t\n\t\t\t\t\n\t\t\t\t\n\t\t\t\t\n\t\t\t<\/div> Imagen de la Rueda de Prensa en el Ayuntamiento de Oviedo con el Concejal de Econom\u00eda Rub\u00e9n Ros\u00f3n Nota de Prena en la Agenda deOviedo Emprende: http:\/\/oviedoemprende.es\/actualidad\/noticia\/edaulablog-el-evento-de-educacion-en-Oviedo\/ \u00abEl Talud de la Er\u00eda, acoge un evento educativo con un centenar de docentes\u00bb. Art\u00edculo en el ABC.es: http:\/\/agencias.abc.es\/agencias\/noticia.asp?noticia=2709020 \u00abCien profesores de todo el pa\u00eds participan en [&hellip;]<\/p>\n","protected":false},"author":4,"featured_media":644,"parent":0,"menu_order":0,"comment_status":"closed","ping_status":"closed","template":"","meta":{"_et_pb_use_builder":"on","_et_pb_old_content":"","_et_gb_content_width":"","footnotes":""},"class_list":["post-626","page","type-page","status-publish","has-post-thumbnail","hentry"],"_links":{"self":[{"href":"https:\/\/ed.aulablog.com\/oviedo2018\/wp-json\/wp\/v2\/pages\/626","targetHints":{"allow":["GET"]}}],"collection":[{"href":"https:\/\/ed.aulablog.com\/oviedo2018\/wp-json\/wp\/v2\/pages"}],"about":[{"href":"https:\/\/ed.aulablog.com\/oviedo2018\/wp-json\/wp\/v2\/types\/page"}],"author":[{"embeddable":true,"href":"https:\/\/ed.aulablog.com\/oviedo2018\/wp-json\/wp\/v2\/users\/4"}],"replies":[{"embeddable":true,"href":"https:\/\/ed.aulablog.com\/oviedo2018\/wp-json\/wp\/v2\/comments?post=626"}],"version-history":[{"count":9,"href":"https:\/\/ed.aulablog.com\/oviedo2018\/wp-json\/wp\/v2\/pages\/626\/revisions"}],"predecessor-version":[{"id":649,"href":"https:\/\/ed.aulablog.com\/oviedo2018\/wp-json\/wp\/v2\/pages\/626\/revisions\/649"}],"wp:featuredmedia":[{"embeddable":true,"href":"https:\/\/ed.aulablog.com\/oviedo2018\/wp-json\/wp\/v2\/media\/644"}],"wp:attachment":[{"href":"https:\/\/ed.aulablog.com\/oviedo2018\/wp-json\/wp\/v2\/media?parent=626"}],"curies":[{"name":"wp","href":"https:\/\/api.w.org\/{rel}","templated":true}]}}