{"id":629,"date":"2018-01-19T16:08:10","date_gmt":"2018-01-19T15:08:10","guid":{"rendered":"https:\/\/ed.aulablog.com\/ed-2\/?page_id=629"},"modified":"2018-01-19T16:16:36","modified_gmt":"2018-01-19T15:16:36","slug":"fotografias-de-josu-garro","status":"publish","type":"page","link":"https:\/\/ed.aulablog.com\/oviedo2018\/fotografias-de-josu-garro\/","title":{"rendered":"Fotograf\u00edas de Josu Garro"},"content":{"rendered":"<p>[et_pb_section bb_built=\u00bb1&#8243;][et_pb_row][et_pb_column type=\u00bb4_4&#8243;][et_pb_text _builder_version=\u00bb3.0.64&#8243; background_layout=\u00bblight\u00bb text_orientation=\u00bbleft\u00bb border_style=\u00bbsolid\u00bb]<\/p>\n<h2><span style=\"color: #3366ff;\">Fotograf\u00edas de Josu Garro (@otoxolua)<\/span><\/h2>\n<p><a title=\"EDaulaBLOG Oviedo Enero 2018\" href=\"https:\/\/www.flickr.com\/photos\/a2click\/albums\/72157689399375102\" data-flickr-embed=\"true\" data-header=\"true\"><img loading=\"lazy\" decoding=\"async\" src=\"https:\/\/farm5.staticflickr.com\/4650\/38792234775_08b3c5f95c_z.jpg\" alt=\"EDaulaBLOG Oviedo Enero 2018\" height=\"534\" width=\"800\"><\/a><script async=\"\" src=\"\/\/embedr.flickr.com\/assets\/client-code.js\" charset=\"utf-8\"><\/script><\/p>\n<h4><\/h4>\n<h4>Tambi\u00e9n pod\u00e9is acceder a ellas en esta URL: <a href=\"https:\/\/flic.kr\/s\/aHsm9gPMub\" target=\"_blank\" rel=\"noopener\">EDaulaBLOG Oviedo 2018<\/a><\/h4>\n<p>[\/et_pb_text][\/et_pb_column][\/et_pb_row][\/et_pb_section]<\/p>\n","protected":false},"excerpt":{"rendered":"<p><div class=\"et_pb_row et_pb_row_0 et_pb_row_empty\">\n\t\t\t\t\n\t\t\t\t\n\t\t\t\t\n\t\t\t\t\n\t\t\t\t\n\t\t\t<\/div> Fotograf\u00edas de Josu Garro (@otoxolua) Tambi\u00e9n pod\u00e9is acceder a ellas en esta URL: EDaulaBLOG Oviedo 2018<\/p>\n","protected":false},"author":4,"featured_media":0,"parent":0,"menu_order":0,"comment_status":"closed","ping_status":"closed","template":"","meta":{"_et_pb_use_builder":"on","_et_pb_old_content":"<h2><span style=\"color: #3366ff;\">Fotograf\u00edas de Josu Garro (@otoxolua)<\/span><\/h2>\r\n<a title=\"EDaulaBLOG Oviedo Enero 2018\" href=\"https:\/\/www.flickr.com\/photos\/a2click\/albums\/72157689399375102\" data-flickr-embed=\"true\" data-header=\"true\"><img src=\"https:\/\/farm5.staticflickr.com\/4650\/38792234775_08b3c5f95c_z.jpg\" alt=\"EDaulaBLOG Oviedo Enero 2018\" width=\"800\" height=\"534\" \/><\/a><script async=\"\" src=\"\/\/embedr.flickr.com\/assets\/client-code.js\" charset=\"utf-8\"><\/script>\r\n<h4><\/h4>\r\n<h4>Tambi\u00e9n pod\u00e9is acceder a ellas en esta URL: <a href=\"https:\/\/flic.kr\/s\/aHsm9gPMub\" target=\"_blank\" rel=\"noopener\">EDaulaBLOG Oviedo 2018<\/a><\/h4>","_et_gb_content_width":"","footnotes":""},"class_list":["post-629","page","type-page","status-publish","hentry"],"_links":{"self":[{"href":"https:\/\/ed.aulablog.com\/oviedo2018\/wp-json\/wp\/v2\/pages\/629","targetHints":{"allow":["GET"]}}],"collection":[{"href":"https:\/\/ed.aulablog.com\/oviedo2018\/wp-json\/wp\/v2\/pages"}],"about":[{"href":"https:\/\/ed.aulablog.com\/oviedo2018\/wp-json\/wp\/v2\/types\/page"}],"author":[{"embeddable":true,"href":"https:\/\/ed.aulablog.com\/oviedo2018\/wp-json\/wp\/v2\/users\/4"}],"replies":[{"embeddable":true,"href":"https:\/\/ed.aulablog.com\/oviedo2018\/wp-json\/wp\/v2\/comments?post=629"}],"version-history":[{"count":2,"href":"https:\/\/ed.aulablog.com\/oviedo2018\/wp-json\/wp\/v2\/pages\/629\/revisions"}],"predecessor-version":[{"id":641,"href":"https:\/\/ed.aulablog.com\/oviedo2018\/wp-json\/wp\/v2\/pages\/629\/revisions\/641"}],"wp:attachment":[{"href":"https:\/\/ed.aulablog.com\/oviedo2018\/wp-json\/wp\/v2\/media?parent=629"}],"curies":[{"name":"wp","href":"https:\/\/api.w.org\/{rel}","templated":true}]}}