{"id":632,"date":"2018-01-19T16:08:57","date_gmt":"2018-01-19T15:08:57","guid":{"rendered":"https:\/\/ed.aulablog.com\/ed-2\/?page_id=632"},"modified":"2018-02-04T10:17:17","modified_gmt":"2018-02-04T09:17:17","slug":"videos-charlas","status":"publish","type":"page","link":"https:\/\/ed.aulablog.com\/oviedo2018\/videos-charlas\/","title":{"rendered":"Charlas en v\u00eddeo"},"content":{"rendered":"<p>[et_pb_section bb_built=\u00bb1&#8243;][et_pb_row][et_pb_column type=\u00bb1_2&#8243;][et_pb_text _builder_version=\u00bb3.0.64&#8243; background_layout=\u00bblight\u00bb text_orientation=\u00bbleft\u00bb border_style=\u00bbsolid\u00bb]<\/p>\n<p><iframe loading=\"lazy\" src=\"https:\/\/www.youtube.com\/embed\/hWtwx3VnVQg?rel=0\" width=\"560\" height=\"315\" frameborder=\"0\" allowfullscreen=\"allowfullscreen\"><\/iframe><\/p>\n<p>[\/et_pb_text][et_pb_text _builder_version=\u00bb3.0.64&#8243; background_layout=\u00bblight\u00bb text_orientation=\u00bbleft\u00bb border_style=\u00bbsolid\u00bb]<\/p>\n<h4><strong>Presentaci\u00f3n EDaulaBLOG<\/strong><\/h4>\n<p>[\/et_pb_text][et_pb_text _builder_version=\u00bb3.0.64&#8243; background_layout=\u00bblight\u00bb text_orientation=\u00bbleft\u00bb border_style=\u00bbsolid\u00bb]<\/p>\n<p><iframe loading=\"lazy\" src=\"https:\/\/www.youtube.com\/embed\/QGD0aOhmUa0?rel=0\" width=\"560\" height=\"315\" frameborder=\"0\" allowfullscreen=\"allowfullscreen\"><\/iframe><\/p>\n<p>[\/et_pb_text][et_pb_text _builder_version=\u00bb3.0.64&#8243; background_layout=\u00bblight\u00bb text_orientation=\u00bbleft\u00bb border_style=\u00bbsolid\u00bb]<\/p>\n<h4><strong>Javier Monteagudo \u00abEl aula del futuro\u00bb<\/strong><\/h4>\n<p>[\/et_pb_text][et_pb_text _builder_version=\u00bb3.0.64&#8243; \/][et_pb_text _builder_version=\u00bb3.0.64&#8243; background_layout=\u00bblight\u00bb text_orientation=\u00bbleft\u00bb border_style=\u00bbsolid\u00bb]<\/p>\n<p><iframe loading=\"lazy\" src=\"https:\/\/www.youtube.com\/embed\/Foz3HaqumII?rel=0\" width=\"560\" height=\"315\" frameborder=\"0\" allowfullscreen=\"allowfullscreen\"><\/iframe><\/p>\n<p>[\/et_pb_text][et_pb_text _builder_version=\u00bb3.0.64&#8243; background_layout=\u00bblight\u00bb text_orientation=\u00bbleft\u00bb border_style=\u00bbsolid\u00bb]<\/p>\n<h4><strong>Rosa Liarte \u00abAprendiendo de TIC\u00bb<\/strong><\/h4>\n<p>[\/et_pb_text][et_pb_text _builder_version=\u00bb3.0.64&#8243; background_layout=\u00bblight\u00bb text_orientation=\u00bbleft\u00bb border_style=\u00bbsolid\u00bb]<\/p>\n<p><iframe loading=\"lazy\" width=\"560\" height=\"315\" src=\"https:\/\/www.youtube.com\/embed\/i87WQb7ro7A?rel=0\" frameborder=\"0\" allow=\"autoplay; encrypted-media\" allowfullscreen><\/iframe><\/p>\n<p>[\/et_pb_text][et_pb_text _builder_version=\u00bb3.0.64&#8243; background_layout=\u00bblight\u00bb text_orientation=\u00bbleft\u00bb border_style=\u00bbsolid\u00bb]<\/p>\n<h4><strong>Isidro Vidal y Javier Monteagudo \u00abM\u00fasica al dente\u00bb<\/strong><\/h4>\n<p>[\/et_pb_text][et_pb_text _builder_version=\u00bb3.0.64&#8243; background_layout=\u00bblight\u00bb text_orientation=\u00bbleft\u00bb border_style=\u00bbsolid\u00bb]<\/p>\n<p><iframe loading=\"lazy\" src=\"https:\/\/www.youtube.com\/embed\/7pV4552ICcE\" width=\"560\" height=\"315\" frameborder=\"0\" allowfullscreen=\"allowfullscreen\"><\/iframe><\/p>\n<p>[\/et_pb_text][et_pb_text _builder_version=\u00bb3.0.64&#8243; background_layout=\u00bblight\u00bb text_orientation=\u00bbleft\u00bb border_style=\u00bbsolid\u00bb]<\/p>\n<h4><strong>Charo Fern\u00e1ndez. La A de STEAM: femenina y singular<\/strong><\/h4>\n<p>[\/et_pb_text][\/et_pb_column][et_pb_column type=\u00bb1_2&#8243;][et_pb_text _builder_version=\u00bb3.0.64&#8243; background_layout=\u00bblight\u00bb text_orientation=\u00bbleft\u00bb border_style=\u00bbsolid\u00bb]<\/p>\n<p><iframe loading=\"lazy\" src=\"https:\/\/www.youtube.com\/embed\/_dLGkcD1Cyc?rel=0\" width=\"560\" height=\"315\" frameborder=\"0\" allowfullscreen=\"allowfullscreen\"><\/iframe><\/p>\n<p>[\/et_pb_text][et_pb_text _builder_version=\u00bb3.0.64&#8243; background_layout=\u00bblight\u00bb text_orientation=\u00bbleft\u00bb border_style=\u00bbsolid\u00bb]<\/p>\n<h4><strong>Luz Beloso \u00abEducortos. El proyecto audiovisual que une\u00bb<\/strong><\/h4>\n<p>[\/et_pb_text][et_pb_text _builder_version=\u00bb3.0.64&#8243; background_layout=\u00bblight\u00bb text_orientation=\u00bbleft\u00bb border_style=\u00bbsolid\u00bb]<\/p>\n<p><iframe loading=\"lazy\" src=\"https:\/\/www.youtube.com\/embed\/rgUPHIpNRzs?rel=0\" width=\"560\" height=\"315\" frameborder=\"0\" allowfullscreen=\"allowfullscreen\"><\/iframe><\/p>\n<p>[\/et_pb_text][et_pb_text _builder_version=\u00bb3.0.64&#8243; background_layout=\u00bblight\u00bb text_orientation=\u00bbleft\u00bb border_style=\u00bbsolid\u00bb]<\/p>\n<h4><strong>Fernando Trujillo.\u00a0Entre la Vieja y la Nueva Educaci\u00f3n: un debate centenario<\/strong><\/h4>\n<p>[\/et_pb_text][et_pb_text _builder_version=\u00bb3.0.64&#8243; background_layout=\u00bblight\u00bb text_orientation=\u00bbleft\u00bb border_style=\u00bbsolid\u00bb]<\/p>\n<p><iframe loading=\"lazy\" src=\"https:\/\/www.youtube.com\/embed\/pLVOCTuUt7I?rel=0\" width=\"560\" height=\"315\" frameborder=\"0\" allowfullscreen=\"allowfullscreen\"><\/iframe><\/p>\n<p>[\/et_pb_text][et_pb_text _builder_version=\u00bb3.0.64&#8243; background_layout=\u00bblight\u00bb text_orientation=\u00bbleft\u00bb border_style=\u00bbsolid\u00bb]<\/p>\n<h4><strong>Paul Ibarra:\u00a0La revoluci\u00f3n de los peque\u00f1os. Gastronom\u00eda singular para el siglo XXI<\/strong><\/h4>\n<p>[\/et_pb_text][et_pb_text _builder_version=\u00bb3.0.64&#8243; background_layout=\u00bblight\u00bb text_orientation=\u00bbleft\u00bb border_style=\u00bbsolid\u00bb]<\/p>\n<p><iframe loading=\"lazy\" src=\"https:\/\/www.youtube.com\/embed\/-1Ht2JL6RO0?rel=0\" width=\"560\" height=\"315\" frameborder=\"0\" allowfullscreen=\"allowfullscreen\"><\/iframe><\/p>\n<p>[\/et_pb_text][et_pb_text _builder_version=\u00bb3.0.64&#8243; background_layout=\u00bblight\u00bb text_orientation=\u00bbleft\u00bb border_style=\u00bbsolid\u00bb]<\/p>\n<h4><strong>Siro L\u00f3pez. La escuela: un espacio de creaci\u00f3n.<\/strong><\/h4>\n<p>[\/et_pb_text][et_pb_text _builder_version=\u00bb3.0.64&#8243; background_layout=\u00bblight\u00bb text_orientation=\u00bbleft\u00bb border_style=\u00bbsolid\u00bb]<\/p>\n<p><iframe loading=\"lazy\" src=\"https:\/\/www.youtube.com\/embed\/HlMb40g0T-Y?rel=0\" width=\"560\" height=\"315\" frameborder=\"0\" allowfullscreen=\"allowfullscreen\"><\/iframe><\/p>\n<p>[\/et_pb_text][et_pb_text _builder_version=\u00bb3.0.64&#8243; background_layout=\u00bblight\u00bb text_orientation=\u00bbleft\u00bb border_style=\u00bbsolid\u00bb]<\/p>\n<h4><strong>C\u00e9sar Poyatos. Taller \u00abEl viaje del h\u00e9roe \/ hero\u00edna\u00bb<\/strong><\/h4>\n<p>[\/et_pb_text][\/et_pb_column][\/et_pb_row][\/et_pb_section]<\/p>\n","protected":false},"excerpt":{"rendered":"<p><div class=\"et_pb_row et_pb_row_0 et_pb_row_empty\">\n\t\t\t\t\n\t\t\t\t\n\t\t\t\t\n\t\t\t\t\n\t\t\t\t\n\t\t\t<\/div> Presentaci\u00f3n EDaulaBLOG Javier Monteagudo \u00abEl aula del futuro\u00bb Rosa Liarte \u00abAprendiendo de TIC\u00bb Isidro Vidal y Javier Monteagudo \u00abM\u00fasica al dente\u00bb Charo Fern\u00e1ndez. La A de STEAM: femenina y singular Luz Beloso \u00abEducortos. El proyecto audiovisual que une\u00bb Fernando Trujillo.\u00a0Entre la Vieja y la Nueva Educaci\u00f3n: un debate centenario Paul Ibarra:\u00a0La revoluci\u00f3n de los [&hellip;]<\/p>\n","protected":false},"author":4,"featured_media":0,"parent":0,"menu_order":0,"comment_status":"closed","ping_status":"closed","template":"","meta":{"_et_pb_use_builder":"on","_et_pb_old_content":"","_et_gb_content_width":"","footnotes":""},"class_list":["post-632","page","type-page","status-publish","hentry"],"_links":{"self":[{"href":"https:\/\/ed.aulablog.com\/oviedo2018\/wp-json\/wp\/v2\/pages\/632","targetHints":{"allow":["GET"]}}],"collection":[{"href":"https:\/\/ed.aulablog.com\/oviedo2018\/wp-json\/wp\/v2\/pages"}],"about":[{"href":"https:\/\/ed.aulablog.com\/oviedo2018\/wp-json\/wp\/v2\/types\/page"}],"author":[{"embeddable":true,"href":"https:\/\/ed.aulablog.com\/oviedo2018\/wp-json\/wp\/v2\/users\/4"}],"replies":[{"embeddable":true,"href":"https:\/\/ed.aulablog.com\/oviedo2018\/wp-json\/wp\/v2\/comments?post=632"}],"version-history":[{"count":20,"href":"https:\/\/ed.aulablog.com\/oviedo2018\/wp-json\/wp\/v2\/pages\/632\/revisions"}],"predecessor-version":[{"id":747,"href":"https:\/\/ed.aulablog.com\/oviedo2018\/wp-json\/wp\/v2\/pages\/632\/revisions\/747"}],"wp:attachment":[{"href":"https:\/\/ed.aulablog.com\/oviedo2018\/wp-json\/wp\/v2\/media?parent=632"}],"curies":[{"name":"wp","href":"https:\/\/api.w.org\/{rel}","templated":true}]}}