{"id":721,"date":"2018-01-20T11:45:50","date_gmt":"2018-01-20T10:45:50","guid":{"rendered":"https:\/\/ed.aulablog.com\/ed-2\/?page_id=721"},"modified":"2018-01-29T11:06:04","modified_gmt":"2018-01-29T10:06:04","slug":"impacto-en-la-red","status":"publish","type":"page","link":"https:\/\/ed.aulablog.com\/oviedo2018\/impacto-en-la-red\/","title":{"rendered":"Impacto en la Red"},"content":{"rendered":"<p>[et_pb_section bb_built=\u00bb1&#8243;][et_pb_row][et_pb_column type=\u00bb4_4&#8243;][et_pb_text _builder_version=\u00bb3.0.64&#8243; background_layout=\u00bblight\u00bb text_orientation=\u00bbleft\u00bb border_style=\u00bbsolid\u00bb]<\/p>\n<h2><strong><span style=\"color: #3366ff;\">EDaulaBLOG en la red:<\/span><\/strong><\/h2>\n<ul>\n<li style=\"font-weight: 400;\"><span style=\"font-weight: 400;\">hashtag #EDaulaBLOG con los tweets emitidos <\/span><a href=\"https:\/\/twitter.com\/hashtag\/edaulablog?lang=es\"><span style=\"font-weight: 400;\">https:\/\/twitter.com\/hashtag\/edaulablog?lang=es<\/span><\/a><\/li>\n<li style=\"font-weight: 400;\"><span style=\"font-weight: 400;\">Art\u00edculo de Fernando Trujillo con su ponencia: <strong><em>Una historia de fantasmas y una f\u00e1bula de animales en #EDaulaBLOG<\/em><\/strong>: <\/span><a href=\"http:\/\/fernandotrujillo.es\/una-historia-de-fantasmas-y-una-fabula-de-animales-en-edaulablog\/\"><span style=\"font-weight: 400;\">http:\/\/fernandotrujillo.es\/una-historia-de-fantasmas-y-una-fabula-de-animales-en-edaulablog\/<\/span><\/a><\/li>\n<li style=\"font-weight: 400;\"><span style=\"font-weight: 400;\">Art\u00edculo de Garbi\u00f1e Larralde: <strong><em>Desde la distancia\u2026. EDaulaBLOG <\/em><\/strong><\/span><a href=\"http:\/\/enredarteayudaaprender.blogspot.com.es\/2018\/01\/desde-la-distancia-edaulablog.html\"><span style=\"font-weight: 400;\">http:\/\/enredarteayudaaprender.blogspot.com.es\/2018\/01\/desde-la-distancia-edaulablog.html<\/span><\/a><\/li>\n<li style=\"font-weight: 400;\"><span style=\"font-weight: 400;\">Art\u00edculo en el blog del AMPA del Colegio Buenavista 1 de Oviedo: <strong><em>La educaci\u00f3n que so\u00f1amos y que podemos construir<\/em><\/strong>: \u00a0http:\/\/ampa.buenavistauno.org\/la-educacion-que-sonamos-y-que-podemos-construir\/<\/span><\/li>\n<\/ul>\n<p>[\/et_pb_text][et_pb_text _builder_version=\u00bb3.0.64&#8243; background_layout=\u00bblight\u00bb text_orientation=\u00bbleft\u00bb border_style=\u00bbsolid\u00bb]<\/p>\n<h2><strong><span style=\"color: #3366ff;\">Documento generado por Spotify con el hashtag del evento #EDaulaBLOG<\/span><\/strong><\/h2>\n<div class=\"storify\"><iframe loading=\"lazy\" src=\"\/\/storify.com\/nievescout\/edaulablog-historia-de-un-sueno-de-un-camino-ovied\/embed?border=false\" width=\"100%\" height=\"750\" frameborder=\"no\"><\/iframe><script src=\"\/\/storify.com\/nievescout\/edaulablog-historia-de-un-sueno-de-un-camino-ovied.js?border=false\"><\/script><noscript>[&amp;lt;a href=\u00bb\/\/storify.com\/nievescout\/edaulablog-historia-de-un-sueno-de-un-camino-ovied\u00bb target=\u00bb_blank\u00bb&amp;gt;View the story \u00ab#EDaulaBLOG. Historia de un sue\u00f1o, de un camino. Oviedo 13.1\u00bb on Storify&amp;lt;\/a&amp;gt;]<\/noscript><\/div>\n<p>[\/et_pb_text][\/et_pb_column][\/et_pb_row][\/et_pb_section]<\/p>\n","protected":false},"excerpt":{"rendered":"<p><div class=\"et_pb_row et_pb_row_0 et_pb_row_empty\">\n\t\t\t\t\n\t\t\t\t\n\t\t\t\t\n\t\t\t\t\n\t\t\t\t\n\t\t\t<\/div> EDaulaBLOG en la red: hashtag #EDaulaBLOG con los tweets emitidos https:\/\/twitter.com\/hashtag\/edaulablog?lang=es Art\u00edculo de Fernando Trujillo con su ponencia: Una historia de fantasmas y una f\u00e1bula de animales en #EDaulaBLOG: http:\/\/fernandotrujillo.es\/una-historia-de-fantasmas-y-una-fabula-de-animales-en-edaulablog\/ Art\u00edculo de Garbi\u00f1e Larralde: Desde la distancia\u2026. EDaulaBLOG http:\/\/enredarteayudaaprender.blogspot.com.es\/2018\/01\/desde-la-distancia-edaulablog.html Art\u00edculo en el blog del AMPA del Colegio Buenavista 1 de Oviedo: La educaci\u00f3n que [&hellip;]<\/p>\n","protected":false},"author":4,"featured_media":0,"parent":0,"menu_order":0,"comment_status":"closed","ping_status":"closed","template":"","meta":{"_et_pb_use_builder":"on","_et_pb_old_content":"","_et_gb_content_width":"","footnotes":""},"class_list":["post-721","page","type-page","status-publish","hentry"],"_links":{"self":[{"href":"https:\/\/ed.aulablog.com\/oviedo2018\/wp-json\/wp\/v2\/pages\/721","targetHints":{"allow":["GET"]}}],"collection":[{"href":"https:\/\/ed.aulablog.com\/oviedo2018\/wp-json\/wp\/v2\/pages"}],"about":[{"href":"https:\/\/ed.aulablog.com\/oviedo2018\/wp-json\/wp\/v2\/types\/page"}],"author":[{"embeddable":true,"href":"https:\/\/ed.aulablog.com\/oviedo2018\/wp-json\/wp\/v2\/users\/4"}],"replies":[{"embeddable":true,"href":"https:\/\/ed.aulablog.com\/oviedo2018\/wp-json\/wp\/v2\/comments?post=721"}],"version-history":[{"count":6,"href":"https:\/\/ed.aulablog.com\/oviedo2018\/wp-json\/wp\/v2\/pages\/721\/revisions"}],"predecessor-version":[{"id":734,"href":"https:\/\/ed.aulablog.com\/oviedo2018\/wp-json\/wp\/v2\/pages\/721\/revisions\/734"}],"wp:attachment":[{"href":"https:\/\/ed.aulablog.com\/oviedo2018\/wp-json\/wp\/v2\/media?parent=721"}],"curies":[{"name":"wp","href":"https:\/\/api.w.org\/{rel}","templated":true}]}}