{"id":4419,"date":"2019-11-22T11:11:16","date_gmt":"2019-11-22T10:11:16","guid":{"rendered":"https:\/\/ed.aulablog.com\/plasencia2020\/?page_id=4419"},"modified":"2020-01-09T22:10:50","modified_gmt":"2020-01-09T21:10:50","slug":"programa","status":"publish","type":"page","link":"https:\/\/ed.aulablog.com\/plasencia2020\/portada\/programa\/","title":{"rendered":"Programa"},"content":{"rendered":"<p>[et_pb_section fb_built=\u00bb1&#8243; _builder_version=\u00bb3.29.3&#8243; fb_built=\u00bb1&#8243; _i=\u00bb0&#8243; _address=\u00bb0&#8243;][et_pb_row _builder_version=\u00bb3.29.3&#8243; _i=\u00bb0&#8243; _address=\u00bb0.0&#8243;][et_pb_column type=\u00bb4_4&#8243; _builder_version=\u00bb3.29.3&#8243; _i=\u00bb0&#8243; _address=\u00bb0.0.0&#8243;][et_pb_gallery gallery_ids=\u00bb4425,4427,4426,4428&#8243; show_title_and_caption=\u00bboff\u00bb _builder_version=\u00bb3.29.3&#8243; _i=\u00bb0&#8243; _address=\u00bb0.0.0.0&#8243;][\/et_pb_gallery][\/et_pb_column][\/et_pb_row][et_pb_row _builder_version=\u00bb3.29.3&#8243; _i=\u00bb1&#8243; _address=\u00bb0.1&#8243;][et_pb_column type=\u00bb4_4&#8243; _builder_version=\u00bb3.29.3&#8243; _i=\u00bb0&#8243; _address=\u00bb0.1.0&#8243;][et_pb_post_title author=\u00bboff\u00bb date=\u00bboff\u00bb text_color=\u00bblight\u00bb _builder_version=\u00bb3.29.3&#8243; title_font=\u00bbVerdana|700|||||||\u00bb title_font_size=\u00bb55px\u00bb title_line_height=\u00bb2em\u00bb background_color=\u00bb#0c71c3&#8243; box_shadow_style=\u00bbpreset1&#8243; text_shadow_style=\u00bbpreset1&#8243; locked=\u00bboff\u00bb _i=\u00bb0&#8243; _address=\u00bb0.1.0.0&#8243;][\/et_pb_post_title][et_pb_blurb icon_placement_last_edited=\u00bbon|desktop\u00bb _builder_version=\u00bb3.29.3&#8243; border_radii_image=\u00bboff||||\u00bb box_shadow_style_image=\u00bbpreset2&#8243; _i=\u00bb1&#8243; _address=\u00bb0.1.0.1&#8243;]<\/p>\n<h4><b>8:30 &#8211; Apertura del Complejo Cultural Santa Mar\u00eda y entrega de documentaci\u00f3n.<\/b><\/h4>\n<h4><b>9:00 &#8211; Presentaci\u00f3n del acto e inauguraci\u00f3n.<\/b><\/h4>\n<p>&nbsp;<\/p>\n<h3><b>PRIMER BLOQUE:\u00a0<\/b><\/h3>\n<h4><span style=\"font-weight: 400\"><strong>Lourdes Cardenal<\/strong>: <\/span><i><span style=\"font-weight: 400\">Juego, luego aprendo.<\/span><\/i><\/h4>\n<h4><span style=\"font-weight: 400\"><strong>Javier Grisalvo y J. Carlos Iglesias<\/strong>: <\/span><i><span style=\"font-weight: 400\">Rob\u00f3tica en la escuela.<\/span><\/i><\/h4>\n<p>&nbsp;<\/p>\n<h3><span style=\"font-weight: 400\">1<\/span><b>0:00 &#8211; MOMENTO ART\u00cdSTICO: <\/b>Escuela de danza de la Excma. Diputaci\u00f3n de C\u00e1ceres.<\/h3>\n<p>&nbsp;<\/p>\n<h3><b>SEGUNDO BLOQUE:\u00a0<\/b><\/h3>\n<h4><span style=\"font-weight: 400\"><strong>Alejandro Gal\u00e1n<\/strong>: <\/span><i><span style=\"font-weight: 400\">Juegos de simulaci\u00f3n, RRSS en el aula y \u201cDetectives de la ESO<\/span><\/i><\/h4>\n<h4><strong>J. Antonio GIl, Mart\u00edn Nu\u00f1ez y Joan Ramajo<\/strong>: <em>Un BreakOut Edu para no olvidar<\/em><\/h4>\n<p>&nbsp;<\/p>\n<h3><b>11:30 &#8211; MOMENTO CAF\u00c9<\/b><\/h3>\n<p>&nbsp;<\/p>\n<h3><b>TERCER BLOQUE:<\/b><b>\u00a0<\/b><\/h3>\n<h4><span style=\"font-weight: 400\"><strong>Carmen Iglesias Bueno<\/strong>: <\/span><i><span style=\"font-weight: 400\">Bendito twitter<\/span><\/i><\/h4>\n<h4><span style=\"font-weight: 400\"><strong>Lola Alberdi y Cristina Valderas<\/strong>: <em>Pongamos que hablo de Cedec<\/em><\/span><\/h4>\n<h4><span style=\"font-weight: 400\"><strong>Ismael G\u00f3mez<\/strong>: <\/span><i><span style=\"font-weight: 400\">ON &amp; ON<\/span><\/i><\/h4>\n<p>&nbsp;<\/p>\n<h3><b>13:30 &#8211; MOMENTO ART\u00cdSTICO<\/b><\/h3>\n<p>&nbsp;<\/p>\n<h3><b>14:00- ENTREGA DE TESTIGO Y CLAUSURA<\/b><\/h3>\n<h4><span style=\"font-weight: 400\"><\/span><\/h4>\n<h4><span style=\"font-weight: 400\">Todas las charlas ser\u00e1n dibujadas por Ram\u00f3n Beson\u00edas. Podremos disfrutar del arte del Visual Thinking en directo.\u00a0<\/span><\/h4>\n<p><span style=\"font-weight: 400\"><\/span><\/p>\n<p><span style=\"font-weight: 400\"><\/span><\/p>\n<h3><b>14:30- LUNCH EN LA ESCUELA MUNICIPAL DE COCINA.<\/b><\/h3>\n<p>[\/et_pb_blurb][\/et_pb_column][\/et_pb_row][\/et_pb_section]<\/p>\n","protected":false},"excerpt":{"rendered":"<p>8:30 &#8211; Apertura del Complejo Cultural Santa Mar\u00eda y entrega de documentaci\u00f3n. 9:00 &#8211; Presentaci\u00f3n del acto e inauguraci\u00f3n. &nbsp; PRIMER BLOQUE:\u00a0 Lourdes Cardenal: Juego, luego aprendo. Javier Grisalvo y J. Carlos Iglesias: Rob\u00f3tica en la escuela. &nbsp; 10:00 &#8211; MOMENTO ART\u00cdSTICO: Escuela de danza de la Excma. Diputaci\u00f3n de C\u00e1ceres. &nbsp; SEGUNDO BLOQUE:\u00a0 Alejandro [&hellip;]<\/p>\n","protected":false},"author":2,"featured_media":0,"parent":40,"menu_order":0,"comment_status":"closed","ping_status":"closed","template":"","meta":{"_et_pb_use_builder":"on","_et_pb_old_content":"","_et_gb_content_width":"","footnotes":""},"class_list":["post-4419","page","type-page","status-publish","hentry"],"_links":{"self":[{"href":"https:\/\/ed.aulablog.com\/plasencia2020\/wp-json\/wp\/v2\/pages\/4419","targetHints":{"allow":["GET"]}}],"collection":[{"href":"https:\/\/ed.aulablog.com\/plasencia2020\/wp-json\/wp\/v2\/pages"}],"about":[{"href":"https:\/\/ed.aulablog.com\/plasencia2020\/wp-json\/wp\/v2\/types\/page"}],"author":[{"embeddable":true,"href":"https:\/\/ed.aulablog.com\/plasencia2020\/wp-json\/wp\/v2\/users\/2"}],"replies":[{"embeddable":true,"href":"https:\/\/ed.aulablog.com\/plasencia2020\/wp-json\/wp\/v2\/comments?post=4419"}],"version-history":[{"count":11,"href":"https:\/\/ed.aulablog.com\/plasencia2020\/wp-json\/wp\/v2\/pages\/4419\/revisions"}],"predecessor-version":[{"id":4648,"href":"https:\/\/ed.aulablog.com\/plasencia2020\/wp-json\/wp\/v2\/pages\/4419\/revisions\/4648"}],"up":[{"embeddable":true,"href":"https:\/\/ed.aulablog.com\/plasencia2020\/wp-json\/wp\/v2\/pages\/40"}],"wp:attachment":[{"href":"https:\/\/ed.aulablog.com\/plasencia2020\/wp-json\/wp\/v2\/media?parent=4419"}],"curies":[{"name":"wp","href":"https:\/\/api.w.org\/{rel}","templated":true}]}}