{"id":4470,"date":"2019-11-26T18:44:24","date_gmt":"2019-11-26T17:44:24","guid":{"rendered":"https:\/\/ed.aulablog.com\/plasencia2020\/?page_id=4470"},"modified":"2019-11-28T13:35:25","modified_gmt":"2019-11-28T12:35:25","slug":"ponentes","status":"publish","type":"page","link":"https:\/\/ed.aulablog.com\/plasencia2020\/portada\/ponentes\/","title":{"rendered":"Ponentes"},"content":{"rendered":"<p>[et_pb_section fb_built=\u00bb1&#8243; _builder_version=\u00bb3.29.3&#8243; fb_built=\u00bb1&#8243; _i=\u00bb0&#8243; _address=\u00bb0&#8243;][et_pb_row _builder_version=\u00bb3.29.3&#8243; _i=\u00bb0&#8243; _address=\u00bb0.0&#8243;][et_pb_column type=\u00bb4_4&#8243; _builder_version=\u00bb3.29.3&#8243; _i=\u00bb0&#8243; _address=\u00bb0.0.0&#8243;][et_pb_post_title author=\u00bboff\u00bb date=\u00bboff\u00bb text_color=\u00bblight\u00bb _builder_version=\u00bb3.29.3&#8243; title_font=\u00bbVerdana|700|||||||\u00bb title_font_size=\u00bb55px\u00bb background_color=\u00bb#0c71c3&#8243; hover_enabled=\u00bb0&#8243; box_shadow_style=\u00bbpreset1&#8243; text_shadow_style=\u00bbpreset1&#8243; _i=\u00bb0&#8243; _address=\u00bb0.0.0.0&#8243; title_line_height=\u00bb2em\u00bb][\/et_pb_post_title][\/et_pb_column][\/et_pb_row][et_pb_row column_structure=\u00bb1_3,1_3,1_3&#8243; _builder_version=\u00bb3.29.3&#8243; _i=\u00bb1&#8243; _address=\u00bb0.1&#8243;][et_pb_column type=\u00bb1_3&#8243; _builder_version=\u00bb3.29.3&#8243; _i=\u00bb0&#8243; _address=\u00bb0.1.0&#8243;][et_pb_image src=\u00bbhttps:\/\/ed.aulablog.com\/plasencia2020\/wp-content\/uploads\/sites\/11\/2019\/11\/Lourdes_Cardenal_177x236.jpg\u00bb _builder_version=\u00bb3.29.3&#8243; _i=\u00bb0&#8243; _address=\u00bb0.1.0.0&#8243;][\/et_pb_image][et_pb_text _builder_version=\u00bb3.29.3&#8243; _i=\u00bb1&#8243; _address=\u00bb0.1.0.1&#8243;]<\/p>\n<h2 style=\"text-align: center;\">Lourdes Cardenal<\/h2>\n<p>[\/et_pb_text][et_pb_button button_url=\u00bbhttps:\/\/ed.aulablog.com\/plasencia2020\/todo-sobre-edaulablog-plasencia\/ponentes\/lourdes-cardenal\/\u00bb button_text=\u00bbLeer m\u00e1s\u00bb _builder_version=\u00bb3.29.3&#8243; _i=\u00bb2&#8243; _address=\u00bb0.1.0.2&#8243;][\/et_pb_button][\/et_pb_column][et_pb_column type=\u00bb1_3&#8243; _builder_version=\u00bb3.29.3&#8243; _i=\u00bb1&#8243; _address=\u00bb0.1.1&#8243;][et_pb_image src=\u00bbhttps:\/\/ed.aulablog.com\/plasencia2020\/wp-content\/uploads\/sites\/11\/2019\/11\/JoseCarlosIglesias.jpg\u00bb _builder_version=\u00bb3.29.3&#8243; _i=\u00bb0&#8243; _address=\u00bb0.1.1.0&#8243;][\/et_pb_image][et_pb_text _builder_version=\u00bb3.29.3&#8243; locked=\u00bboff\u00bb _i=\u00bb1&#8243; _address=\u00bb0.1.1.1&#8243;]<\/p>\n<h2 style=\"text-align: center;\">Jos\u00e9 Carlos Iglesias<\/h2>\n<p>[\/et_pb_text][et_pb_button button_url=\u00bbhttps:\/\/ed.aulablog.com\/plasencia2020\/todo-sobre-edaulablog-plasencia\/ponentes\/jose-carlos-iglesias\/\u00bb button_text=\u00bbLeer m\u00e1s\u00bb _builder_version=\u00bb3.29.3&#8243; _i=\u00bb2&#8243; _address=\u00bb0.1.1.2&#8243;][\/et_pb_button][\/et_pb_column][et_pb_column type=\u00bb1_3&#8243; _builder_version=\u00bb3.29.3&#8243; _i=\u00bb2&#8243; _address=\u00bb0.1.2&#8243;][et_pb_image src=\u00bbhttps:\/\/ed.aulablog.com\/plasencia2020\/wp-content\/uploads\/sites\/11\/2019\/11\/JavierGrisalvo_x236.jpg\u00bb _builder_version=\u00bb3.29.3&#8243; _i=\u00bb0&#8243; _address=\u00bb0.1.2.0&#8243;][\/et_pb_image][et_pb_text _builder_version=\u00bb3.29.3&#8243; _i=\u00bb1&#8243; _address=\u00bb0.1.2.1&#8243;]<\/p>\n<h2 style=\"text-align: center;\">Javier Grisalvo Mimoso<\/h2>\n<p>[\/et_pb_text][et_pb_button button_url=\u00bbhttps:\/\/ed.aulablog.com\/plasencia2020\/todo-sobre-edaulablog-plasencia\/ponentes\/javier-grisalvo-mimoso\/\u00bb button_text=\u00bbLeer m\u00e1s\u00bb _builder_version=\u00bb3.29.3&#8243; _i=\u00bb2&#8243; _address=\u00bb0.1.2.2&#8243;][\/et_pb_button][\/et_pb_column][\/et_pb_row][et_pb_row column_structure=\u00bb1_3,1_3,1_3&#8243; _builder_version=\u00bb3.29.3&#8243; locked=\u00bboff\u00bb _i=\u00bb2&#8243; _address=\u00bb0.2&#8243;][et_pb_column type=\u00bb1_3&#8243; _builder_version=\u00bb3.29.3&#8243; _i=\u00bb0&#8243; _address=\u00bb0.2.0&#8243;][et_pb_image src=\u00bbhttps:\/\/ed.aulablog.com\/plasencia2020\/wp-content\/uploads\/sites\/11\/2019\/11\/AlejandroGalan_x236.jpg\u00bb _builder_version=\u00bb3.29.3&#8243; _i=\u00bb0&#8243; _address=\u00bb0.2.0.0&#8243;][\/et_pb_image][et_pb_text _builder_version=\u00bb3.29.3&#8243; _i=\u00bb1&#8243; _address=\u00bb0.2.0.1&#8243;]<\/p>\n<h2 style=\"text-align: center;\">Alejandro Gal\u00e1n<\/h2>\n<p>[\/et_pb_text][et_pb_button button_url=\u00bbhttps:\/\/ed.aulablog.com\/plasencia2020\/todo-sobre-edaulablog-plasencia\/ponentes\/alejandro-galan\/\u00bb button_text=\u00bbLeer m\u00e1s\u00bb _builder_version=\u00bb3.29.3&#8243; _i=\u00bb2&#8243; _address=\u00bb0.2.0.2&#8243;][\/et_pb_button][\/et_pb_column][et_pb_column type=\u00bb1_3&#8243; _builder_version=\u00bb3.29.3&#8243; _i=\u00bb1&#8243; _address=\u00bb0.2.1&#8243;][et_pb_image src=\u00bbhttps:\/\/ed.aulablog.com\/plasencia2020\/wp-content\/uploads\/sites\/11\/2019\/11\/Joan_Ramajo_Simon_x236.jpg\u00bb _builder_version=\u00bb3.29.3&#8243; _i=\u00bb0&#8243; _address=\u00bb0.2.1.0&#8243;][\/et_pb_image][et_pb_text _builder_version=\u00bb3.29.3&#8243; locked=\u00bboff\u00bb _i=\u00bb1&#8243; _address=\u00bb0.2.1.1&#8243;]<\/p>\n<h2 style=\"text-align: center;\">Joan Ramajo Sim\u00f3n<\/h2>\n<p>[\/et_pb_text][et_pb_button button_url=\u00bbhttps:\/\/ed.aulablog.com\/plasencia2020\/todo-sobre-edaulablog-plasencia\/ponentes\/joan-ramajo-simon\/\u00bb button_text=\u00bbLeer m\u00e1s\u00bb _builder_version=\u00bb3.29.3&#8243; _i=\u00bb2&#8243; _address=\u00bb0.2.1.2&#8243;][\/et_pb_button][\/et_pb_column][et_pb_column type=\u00bb1_3&#8243; _builder_version=\u00bb3.29.3&#8243; _i=\u00bb2&#8243; _address=\u00bb0.2.2&#8243;][et_pb_image src=\u00bbhttps:\/\/ed.aulablog.com\/plasencia2020\/wp-content\/uploads\/sites\/11\/2019\/11\/jose-antonio-gil_x236.jpg\u00bb _builder_version=\u00bb3.29.3&#8243; _i=\u00bb0&#8243; _address=\u00bb0.2.2.0&#8243;][\/et_pb_image][et_pb_text _builder_version=\u00bb3.29.3&#8243; _i=\u00bb1&#8243; _address=\u00bb0.2.2.1&#8243;]<\/p>\n<h2 style=\"text-align: center;\">Jos\u00e9 Antonio Gil Tejada<\/h2>\n<p>[\/et_pb_text][et_pb_button button_url=\u00bbhttps:\/\/ed.aulablog.com\/plasencia2020\/todo-sobre-edaulablog-plasencia\/ponentes\/jose-antonio-gil-tejada\/\u00bb button_text=\u00bbLeer m\u00e1s\u00bb _builder_version=\u00bb3.29.3&#8243; _i=\u00bb2&#8243; _address=\u00bb0.2.2.2&#8243;][\/et_pb_button][\/et_pb_column][\/et_pb_row][et_pb_row column_structure=\u00bb1_3,1_3,1_3&#8243; _builder_version=\u00bb3.29.3&#8243; locked=\u00bboff\u00bb _i=\u00bb3&#8243; _address=\u00bb0.3&#8243;][et_pb_column type=\u00bb1_3&#8243; _builder_version=\u00bb3.29.3&#8243; _i=\u00bb0&#8243; _address=\u00bb0.3.0&#8243;][et_pb_image src=\u00bbhttps:\/\/ed.aulablog.com\/plasencia2020\/wp-content\/uploads\/sites\/11\/2019\/11\/martinnunez_x236.png\u00bb _builder_version=\u00bb3.29.3&#8243; _i=\u00bb0&#8243; _address=\u00bb0.3.0.0&#8243;][\/et_pb_image][et_pb_text _builder_version=\u00bb3.29.3&#8243; _i=\u00bb1&#8243; _address=\u00bb0.3.0.1&#8243;]<\/p>\n<h2 style=\"text-align: center;\">Mart\u00edn N\u00fa\u00f1ez Calleja<\/h2>\n<p>[\/et_pb_text][et_pb_button button_url=\u00bbhttps:\/\/ed.aulablog.com\/plasencia2020\/todo-sobre-edaulablog-plasencia\/ponentes\/martin-nunez-calleja\/\u00bb button_text=\u00bbLeer m\u00e1s\u00bb _builder_version=\u00bb3.29.3&#8243; _i=\u00bb2&#8243; _address=\u00bb0.3.0.2&#8243;][\/et_pb_button][\/et_pb_column][et_pb_column type=\u00bb1_3&#8243; _builder_version=\u00bb3.29.3&#8243; _i=\u00bb1&#8243; _address=\u00bb0.3.1&#8243;][et_pb_image src=\u00bbhttps:\/\/ed.aulablog.com\/plasencia2020\/wp-content\/uploads\/sites\/11\/2019\/11\/carmenIglesias.jpg\u00bb _builder_version=\u00bb3.29.3&#8243; _i=\u00bb0&#8243; _address=\u00bb0.3.1.0&#8243;][\/et_pb_image][et_pb_text _builder_version=\u00bb3.29.3&#8243; locked=\u00bboff\u00bb _i=\u00bb1&#8243; _address=\u00bb0.3.1.1&#8243;]<\/p>\n<h2 style=\"text-align: center;\">Carmen Iglesias Bueno<\/h2>\n<p>[\/et_pb_text][et_pb_button button_url=\u00bbhttps:\/\/ed.aulablog.com\/plasencia2020\/todo-sobre-edaulablog-plasencia\/ponentes\/carmen-iglesias-bueno\/\u00bb button_text=\u00bbLeer m\u00e1s\u00bb _builder_version=\u00bb3.29.3&#8243; _i=\u00bb2&#8243; _address=\u00bb0.3.1.2&#8243;][\/et_pb_button][\/et_pb_column][et_pb_column type=\u00bb1_3&#8243; _builder_version=\u00bb3.29.3&#8243; _i=\u00bb2&#8243; _address=\u00bb0.3.2&#8243;][et_pb_image src=\u00bbhttps:\/\/ed.aulablog.com\/plasencia2020\/wp-content\/uploads\/sites\/11\/2019\/11\/Cristina_Valdera_y_Lola_Alberdi_x236.jpg\u00bb _builder_version=\u00bb3.29.3&#8243; _i=\u00bb0&#8243; _address=\u00bb0.3.2.0&#8243;][\/et_pb_image][et_pb_text _builder_version=\u00bb3.29.3&#8243; _i=\u00bb1&#8243; _address=\u00bb0.3.2.1&#8243;]<\/p>\n<h2 style=\"text-align: center;\">Lola Alberdi Causse y Cristina Valderas L\u00f3pez<\/h2>\n<p>[\/et_pb_text][et_pb_button button_url=\u00bbhttps:\/\/ed.aulablog.com\/plasencia2020\/todo-sobre-edaulablog-plasencia\/ponentes\/lola-alberdi-causse-y-cristina-valdera-lopez\/\u00bb button_text=\u00bbLeer m\u00e1s\u00bb _builder_version=\u00bb3.29.3&#8243; _i=\u00bb2&#8243; _address=\u00bb0.3.2.2&#8243;][\/et_pb_button][\/et_pb_column][\/et_pb_row][et_pb_row column_structure=\u00bb1_3,1_3,1_3&#8243; _builder_version=\u00bb3.29.3&#8243; locked=\u00bboff\u00bb _i=\u00bb4&#8243; _address=\u00bb0.4&#8243;][et_pb_column type=\u00bb1_3&#8243; _builder_version=\u00bb3.29.3&#8243; _i=\u00bb0&#8243; _address=\u00bb0.4.0&#8243;][et_pb_image src=\u00bbhttps:\/\/ed.aulablog.com\/plasencia2020\/wp-content\/uploads\/sites\/11\/2019\/11\/IsmaelGomezGutierrez_x236.jpg\u00bb _builder_version=\u00bb3.29.3&#8243; _i=\u00bb0&#8243; _address=\u00bb0.4.0.0&#8243;][\/et_pb_image][et_pb_text _builder_version=\u00bb3.29.3&#8243; _i=\u00bb1&#8243; _address=\u00bb0.4.0.1&#8243;]<\/p>\n<h2 style=\"text-align: center;\">Ismael G\u00f3mez<\/h2>\n<p>[\/et_pb_text][et_pb_button button_url=\u00bbhttps:\/\/ed.aulablog.com\/plasencia2020\/todo-sobre-edaulablog-plasencia\/ponentes\/ismael-gomez-gutierrez\/\u00bb button_text=\u00bbLeer m\u00e1s\u00bb _builder_version=\u00bb3.29.3&#8243; _i=\u00bb2&#8243; _address=\u00bb0.4.0.2&#8243;][\/et_pb_button][\/et_pb_column][et_pb_column type=\u00bb1_3&#8243; _builder_version=\u00bb3.29.3&#8243; _i=\u00bb1&#8243; _address=\u00bb0.4.1&#8243;][et_pb_image src=\u00bbhttps:\/\/ed.aulablog.com\/plasencia2020\/wp-content\/uploads\/sites\/11\/2019\/11\/ramon_besonias._x236jpg.jpg\u00bb _builder_version=\u00bb3.29.3&#8243; _i=\u00bb0&#8243; _address=\u00bb0.4.1.0&#8243;][\/et_pb_image][et_pb_text _builder_version=\u00bb3.29.3&#8243; locked=\u00bboff\u00bb _i=\u00bb1&#8243; _address=\u00bb0.4.1.1&#8243;]<\/p>\n<h2 style=\"text-align: center;\">Ram\u00f3n Beson\u00edas<\/h2>\n<p>[\/et_pb_text][et_pb_button button_url=\u00bbhttps:\/\/ed.aulablog.com\/plasencia2020\/todo-sobre-edaulablog-plasencia\/ponentes\/ramon-besonias\/\u00bb button_text=\u00bbLeer m\u00e1s\u00bb _builder_version=\u00bb3.29.3&#8243; _i=\u00bb2&#8243; _address=\u00bb0.4.1.2&#8243;][\/et_pb_button][\/et_pb_column][et_pb_column type=\u00bb1_3&#8243; _builder_version=\u00bb3.29.3&#8243; _i=\u00bb2&#8243; _address=\u00bb0.4.2&#8243;][\/et_pb_column][\/et_pb_row][\/et_pb_section]<\/p>\n","protected":false},"excerpt":{"rendered":"<p>Lourdes CardenalJos\u00e9 Carlos IglesiasJavier Grisalvo MimosoAlejandro Gal\u00e1nJoan Ramajo Sim\u00f3nJos\u00e9 Antonio Gil TejadaMart\u00edn N\u00fa\u00f1ez CallejaCarmen Iglesias BuenoLola Alberdi Causse y Cristina Valderas L\u00f3pezIsmael G\u00f3mezRam\u00f3n Beson\u00edas<\/p>\n","protected":false},"author":2,"featured_media":0,"parent":40,"menu_order":0,"comment_status":"closed","ping_status":"closed","template":"","meta":{"_et_pb_use_builder":"on","_et_pb_old_content":"","_et_gb_content_width":"","footnotes":""},"class_list":["post-4470","page","type-page","status-publish","hentry"],"_links":{"self":[{"href":"https:\/\/ed.aulablog.com\/plasencia2020\/wp-json\/wp\/v2\/pages\/4470","targetHints":{"allow":["GET"]}}],"collection":[{"href":"https:\/\/ed.aulablog.com\/plasencia2020\/wp-json\/wp\/v2\/pages"}],"about":[{"href":"https:\/\/ed.aulablog.com\/plasencia2020\/wp-json\/wp\/v2\/types\/page"}],"author":[{"embeddable":true,"href":"https:\/\/ed.aulablog.com\/plasencia2020\/wp-json\/wp\/v2\/users\/2"}],"replies":[{"embeddable":true,"href":"https:\/\/ed.aulablog.com\/plasencia2020\/wp-json\/wp\/v2\/comments?post=4470"}],"version-history":[{"count":8,"href":"https:\/\/ed.aulablog.com\/plasencia2020\/wp-json\/wp\/v2\/pages\/4470\/revisions"}],"predecessor-version":[{"id":4598,"href":"https:\/\/ed.aulablog.com\/plasencia2020\/wp-json\/wp\/v2\/pages\/4470\/revisions\/4598"}],"up":[{"embeddable":true,"href":"https:\/\/ed.aulablog.com\/plasencia2020\/wp-json\/wp\/v2\/pages\/40"}],"wp:attachment":[{"href":"https:\/\/ed.aulablog.com\/plasencia2020\/wp-json\/wp\/v2\/media?parent=4470"}],"curies":[{"name":"wp","href":"https:\/\/api.w.org\/{rel}","templated":true}]}}