{"id":4494,"date":"2019-11-27T11:07:31","date_gmt":"2019-11-27T10:07:31","guid":{"rendered":"https:\/\/ed.aulablog.com\/plasencia2020\/?page_id=4494"},"modified":"2019-11-27T11:24:49","modified_gmt":"2019-11-27T10:24:49","slug":"lourdes-cardenal","status":"publish","type":"page","link":"https:\/\/ed.aulablog.com\/plasencia2020\/portada\/ponentes\/lourdes-cardenal\/","title":{"rendered":"Lourdes Cardenal"},"content":{"rendered":"<p>[et_pb_section fb_built=\u00bb1&#8243; _builder_version=\u00bb3.29.3&#8243; fb_built=\u00bb1&#8243; _i=\u00bb0&#8243; _address=\u00bb0&#8243;][et_pb_row column_structure=\u00bb1_2,1_2&#8243; _builder_version=\u00bb3.29.3&#8243; _i=\u00bb0&#8243; _address=\u00bb0.0&#8243;][et_pb_column type=\u00bb1_2&#8243; _builder_version=\u00bb3.29.3&#8243; _i=\u00bb0&#8243; _address=\u00bb0.0.0&#8243;][et_pb_post_title author=\u00bboff\u00bb date=\u00bboff\u00bb text_color=\u00bblight\u00bb _builder_version=\u00bb3.29.3&#8243; background_color=\u00bb#0c71c3&#8243; text_shadow_style=\u00bbpreset1&#8243; _i=\u00bb0&#8243; _address=\u00bb0.0.0.0&#8243;][\/et_pb_post_title][et_pb_text _builder_version=\u00bb3.29.3&#8243; hover_enabled=\u00bb0&#8243; _i=\u00bb1&#8243; _address=\u00bb0.0.0.1&#8243;]<\/p>\n<p><span style=\"font-weight: 400;\">Profesora de filosof\u00eda en el I.E.S. El Brocense (C\u00e1ceres) donde desarrolla su docencia a la par que dise\u00f1a y programa sus propios juegos y videojuegos.<\/span><\/p>\n<p><span style=\"font-weight: 400;\">Este curso ha comenzado el proyecto Ludosof\u00eda, basado en las metodolog\u00edas del ABJ y la gamificaci\u00f3n. Se centra en la creaci\u00f3n y adaptaci\u00f3n de juegos y aventuras gamificadas para las materias del departamento de filosof\u00eda.<\/span><\/p>\n<p><span style=\"font-weight: 400;\">Obtuvo el Sello a las buenas pr\u00e1cticas TIC de la Junta de Extremadura en la categor\u00eda y con la puntuaci\u00f3n m\u00e1s alta con el Proyecto ECO de fomento del aprendizaje informal.<\/span><\/p>\n<p><span style=\"font-weight: 400;\">Blog: <a href=\"https:\/\/lourdescardenal.com\/\" target=\"_blank\" rel=\"noopener noreferrer\">Recursos de Filosof\u00eda<\/a><\/span><\/p>\n<p><span style=\"font-weight: 400;\">Twitter:\u00a0<span class=\"username u-dir\" dir=\"ltr\" style=\"color: #0000ff;\">@Lourdes_C_M<\/span><\/span><\/p>\n<p>[\/et_pb_text][\/et_pb_column][et_pb_column type=\u00bb1_2&#8243; _builder_version=\u00bb3.29.3&#8243; _i=\u00bb1&#8243; _address=\u00bb0.0.1&#8243;][et_pb_divider show_divider=\u00bboff\u00bb _builder_version=\u00bb3.29.3&#8243; _i=\u00bb0&#8243; _address=\u00bb0.0.1.0&#8243;][\/et_pb_divider][et_pb_divider show_divider=\u00bboff\u00bb _builder_version=\u00bb3.29.3&#8243; _i=\u00bb1&#8243; _address=\u00bb0.0.1.1&#8243;][\/et_pb_divider][et_pb_divider show_divider=\u00bboff\u00bb _builder_version=\u00bb3.29.3&#8243; _i=\u00bb2&#8243; _address=\u00bb0.0.1.2&#8243;][\/et_pb_divider][et_pb_image src=\u00bbhttps:\/\/ed.aulablog.com\/plasencia2020\/wp-content\/uploads\/sites\/11\/2019\/11\/Lourdes_Cardenal_177x236.jpg\u00bb align=\u00bbcenter\u00bb _builder_version=\u00bb3.29.3&#8243; _i=\u00bb3&#8243; _address=\u00bb0.0.1.3&#8243;][\/et_pb_image][\/et_pb_column][\/et_pb_row][\/et_pb_section]<\/p>\n","protected":false},"excerpt":{"rendered":"<p>Profesora de filosof\u00eda en el I.E.S. El Brocense (C\u00e1ceres) donde desarrolla su docencia a la par que dise\u00f1a y programa sus propios juegos y videojuegos. Este curso ha comenzado el proyecto Ludosof\u00eda, basado en las metodolog\u00edas del ABJ y la gamificaci\u00f3n. Se centra en la creaci\u00f3n y adaptaci\u00f3n de juegos y aventuras gamificadas para las [&hellip;]<\/p>\n","protected":false},"author":2,"featured_media":0,"parent":4470,"menu_order":0,"comment_status":"closed","ping_status":"closed","template":"","meta":{"_et_pb_use_builder":"on","_et_pb_old_content":"","_et_gb_content_width":"","footnotes":""},"class_list":["post-4494","page","type-page","status-publish","hentry"],"_links":{"self":[{"href":"https:\/\/ed.aulablog.com\/plasencia2020\/wp-json\/wp\/v2\/pages\/4494","targetHints":{"allow":["GET"]}}],"collection":[{"href":"https:\/\/ed.aulablog.com\/plasencia2020\/wp-json\/wp\/v2\/pages"}],"about":[{"href":"https:\/\/ed.aulablog.com\/plasencia2020\/wp-json\/wp\/v2\/types\/page"}],"author":[{"embeddable":true,"href":"https:\/\/ed.aulablog.com\/plasencia2020\/wp-json\/wp\/v2\/users\/2"}],"replies":[{"embeddable":true,"href":"https:\/\/ed.aulablog.com\/plasencia2020\/wp-json\/wp\/v2\/comments?post=4494"}],"version-history":[{"count":5,"href":"https:\/\/ed.aulablog.com\/plasencia2020\/wp-json\/wp\/v2\/pages\/4494\/revisions"}],"predecessor-version":[{"id":4519,"href":"https:\/\/ed.aulablog.com\/plasencia2020\/wp-json\/wp\/v2\/pages\/4494\/revisions\/4519"}],"up":[{"embeddable":true,"href":"https:\/\/ed.aulablog.com\/plasencia2020\/wp-json\/wp\/v2\/pages\/4470"}],"wp:attachment":[{"href":"https:\/\/ed.aulablog.com\/plasencia2020\/wp-json\/wp\/v2\/media?parent=4494"}],"curies":[{"name":"wp","href":"https:\/\/api.w.org\/{rel}","templated":true}]}}