{"id":4506,"date":"2019-11-27T11:19:18","date_gmt":"2019-11-27T10:19:18","guid":{"rendered":"https:\/\/ed.aulablog.com\/plasencia2020\/?page_id=4506"},"modified":"2019-11-27T11:24:00","modified_gmt":"2019-11-27T10:24:00","slug":"jose-carlos-iglesias","status":"publish","type":"page","link":"https:\/\/ed.aulablog.com\/plasencia2020\/portada\/ponentes\/jose-carlos-iglesias\/","title":{"rendered":"Jos\u00e9 Carlos Iglesias"},"content":{"rendered":"<p>[et_pb_section fb_built=\u00bb1&#8243; _builder_version=\u00bb3.29.3&#8243; fb_built=\u00bb1&#8243; _i=\u00bb0&#8243; _address=\u00bb0&#8243;][et_pb_row column_structure=\u00bb1_2,1_2&#8243; _builder_version=\u00bb3.29.3&#8243; _i=\u00bb0&#8243; _address=\u00bb0.0&#8243;][et_pb_column type=\u00bb1_2&#8243; _builder_version=\u00bb3.29.3&#8243; _i=\u00bb0&#8243; _address=\u00bb0.0.0&#8243;][et_pb_post_title author=\u00bboff\u00bb date=\u00bboff\u00bb text_color=\u00bblight\u00bb _builder_version=\u00bb3.29.3&#8243; background_color=\u00bb#0c71c3&#8243; text_shadow_style=\u00bbpreset1&#8243; _i=\u00bb0&#8243; _address=\u00bb0.0.0.0&#8243;][\/et_pb_post_title][et_pb_text _builder_version=\u00bb3.29.3&#8243; hover_enabled=\u00bb0&#8243; _i=\u00bb1&#8243; _address=\u00bb0.0.0.1&#8243;]<\/p>\n<p><span style=\"font-weight: 400;\">Maestro especialista en Ed. F\u00edsica por la Universidad de Extremadura y actualmente trabajando como tutor y secretario en el CEIP San Jos\u00e9 de Calasanz de Riolobos (C\u00e1ceres), donde tambi\u00e9n es coordinador TIC. <\/span><\/p>\n<p><span style=\"font-weight: 400;\">Formador de docentes en el uso de las tecnolog\u00edas de la educaci\u00f3n, eScholarium, redes sociales educativas, google Apps, Gamificaci\u00f3n y rob\u00f3tica educativa. Ponente en los congresos Escuela 2.0 de Zaragoza (2011) y Granada (2012).<\/span><\/p>\n<p><span style=\"font-weight: 400;\">Blog: <a href=\"http:\/\/aprendemos-haciendo.blogspot.com\/\" target=\"_blank\" rel=\"noopener noreferrer\">Aprendemos haciendo<\/a><\/span><\/p>\n<p><span style=\"font-weight: 400;\">Twitter: <span style=\"color: #0000ff;\">@jcarlosiglesias<\/span><\/span><\/p>\n<p><span style=\"font-weight: 400;\"><\/span><\/p>\n<p>[\/et_pb_text][\/et_pb_column][et_pb_column type=\u00bb1_2&#8243; _builder_version=\u00bb3.29.3&#8243; _i=\u00bb1&#8243; _address=\u00bb0.0.1&#8243;][et_pb_divider show_divider=\u00bboff\u00bb _builder_version=\u00bb3.29.3&#8243; _i=\u00bb0&#8243; _address=\u00bb0.0.1.0&#8243;][\/et_pb_divider][et_pb_divider show_divider=\u00bboff\u00bb _builder_version=\u00bb3.29.3&#8243; _i=\u00bb1&#8243; _address=\u00bb0.0.1.1&#8243;][\/et_pb_divider][et_pb_image src=\u00bbhttps:\/\/ed.aulablog.com\/plasencia2020\/wp-content\/uploads\/sites\/11\/2019\/11\/JoseCarlosIglesias.jpg\u00bb align=\u00bbcenter\u00bb _builder_version=\u00bb3.29.3&#8243; _i=\u00bb2&#8243; _address=\u00bb0.0.1.2&#8243;][\/et_pb_image][\/et_pb_column][\/et_pb_row][\/et_pb_section]<\/p>\n","protected":false},"excerpt":{"rendered":"<p>Maestro especialista en Ed. F\u00edsica por la Universidad de Extremadura y actualmente trabajando como tutor y secretario en el CEIP San Jos\u00e9 de Calasanz de Riolobos (C\u00e1ceres), donde tambi\u00e9n es coordinador TIC. Formador de docentes en el uso de las tecnolog\u00edas de la educaci\u00f3n, eScholarium, redes sociales educativas, google Apps, Gamificaci\u00f3n y rob\u00f3tica educativa. Ponente [&hellip;]<\/p>\n","protected":false},"author":2,"featured_media":0,"parent":4470,"menu_order":0,"comment_status":"closed","ping_status":"closed","template":"","meta":{"_et_pb_use_builder":"on","_et_pb_old_content":"","_et_gb_content_width":"","footnotes":""},"class_list":["post-4506","page","type-page","status-publish","hentry"],"_links":{"self":[{"href":"https:\/\/ed.aulablog.com\/plasencia2020\/wp-json\/wp\/v2\/pages\/4506","targetHints":{"allow":["GET"]}}],"collection":[{"href":"https:\/\/ed.aulablog.com\/plasencia2020\/wp-json\/wp\/v2\/pages"}],"about":[{"href":"https:\/\/ed.aulablog.com\/plasencia2020\/wp-json\/wp\/v2\/types\/page"}],"author":[{"embeddable":true,"href":"https:\/\/ed.aulablog.com\/plasencia2020\/wp-json\/wp\/v2\/users\/2"}],"replies":[{"embeddable":true,"href":"https:\/\/ed.aulablog.com\/plasencia2020\/wp-json\/wp\/v2\/comments?post=4506"}],"version-history":[{"count":4,"href":"https:\/\/ed.aulablog.com\/plasencia2020\/wp-json\/wp\/v2\/pages\/4506\/revisions"}],"predecessor-version":[{"id":4517,"href":"https:\/\/ed.aulablog.com\/plasencia2020\/wp-json\/wp\/v2\/pages\/4506\/revisions\/4517"}],"up":[{"embeddable":true,"href":"https:\/\/ed.aulablog.com\/plasencia2020\/wp-json\/wp\/v2\/pages\/4470"}],"wp:attachment":[{"href":"https:\/\/ed.aulablog.com\/plasencia2020\/wp-json\/wp\/v2\/media?parent=4506"}],"curies":[{"name":"wp","href":"https:\/\/api.w.org\/{rel}","templated":true}]}}