{"id":4526,"date":"2019-11-27T11:38:13","date_gmt":"2019-11-27T10:38:13","guid":{"rendered":"https:\/\/ed.aulablog.com\/plasencia2020\/?page_id=4526"},"modified":"2019-11-27T11:38:31","modified_gmt":"2019-11-27T10:38:31","slug":"alejandro-galan","status":"publish","type":"page","link":"https:\/\/ed.aulablog.com\/plasencia2020\/portada\/ponentes\/alejandro-galan\/","title":{"rendered":"Alejandro Gal\u00e1n"},"content":{"rendered":"<p>[et_pb_section fb_built=\u00bb1&#8243; _builder_version=\u00bb3.29.3&#8243; fb_built=\u00bb1&#8243; _i=\u00bb0&#8243; _address=\u00bb0&#8243;][et_pb_row column_structure=\u00bb1_2,1_2&#8243; _builder_version=\u00bb3.29.3&#8243; _i=\u00bb0&#8243; _address=\u00bb0.0&#8243;][et_pb_column type=\u00bb1_2&#8243; _builder_version=\u00bb3.29.3&#8243; _i=\u00bb0&#8243; _address=\u00bb0.0.0&#8243;][et_pb_post_title author=\u00bboff\u00bb date=\u00bboff\u00bb text_color=\u00bblight\u00bb _builder_version=\u00bb3.29.3&#8243; background_color=\u00bb#0c71c3&#8243; text_shadow_style=\u00bbpreset1&#8243; _i=\u00bb0&#8243; _address=\u00bb0.0.0.0&#8243;][\/et_pb_post_title][et_pb_text _builder_version=\u00bb3.29.3&#8243; hover_enabled=\u00bb0&#8243; _i=\u00bb1&#8243; _address=\u00bb0.0.0.1&#8243; custom_padding=\u00bb11px|||||\u00bb]<\/p>\n<p><span style=\"font-weight: 400;\">Alejandro Gal\u00e1n, de 26 a\u00f1os y natural de C\u00e1ceres, es un profesor de Geograf\u00eda e Historia del instituto \u00abCuatro Villas\u00bb de Berlanga (Badajoz), que lleva algo m\u00e1s de dos a\u00f1os impartiendo clases en centros p\u00fablicos de Extremadura y Castilla La Mancha. <\/span><\/p>\n<p><span style=\"font-weight: 400;\">Responsable de los \u201cDetectives de la ESO\u201d, entusiasta de la gamificaci\u00f3n y partidario de la inclusi\u00f3n de las nuevas tecnolog\u00edas y de ideas alternativas en el aula que fomenten el ingenio y el pensamiento creativo del alumnado.<\/span><\/p>\n<p><span style=\"font-weight: 400;\"><\/span><span style=\"font-weight: 400;\">Twitter del proyecto \u00abDetectives de la ESO\u00bb:\u00a0<span class=\"username u-dir\" dir=\"ltr\" style=\"color: #0000ff;\">@ESO_detectives<\/span><\/span><\/p>\n<p>[\/et_pb_text][\/et_pb_column][et_pb_column type=\u00bb1_2&#8243; _builder_version=\u00bb3.29.3&#8243; _i=\u00bb1&#8243; _address=\u00bb0.0.1&#8243;][et_pb_divider show_divider=\u00bboff\u00bb _builder_version=\u00bb3.29.3&#8243; _i=\u00bb0&#8243; _address=\u00bb0.0.1.0&#8243;][\/et_pb_divider][et_pb_divider show_divider=\u00bboff\u00bb _builder_version=\u00bb3.29.3&#8243; _i=\u00bb1&#8243; _address=\u00bb0.0.1.1&#8243;][\/et_pb_divider][et_pb_divider show_divider=\u00bboff\u00bb _builder_version=\u00bb3.29.3&#8243; _i=\u00bb2&#8243; _address=\u00bb0.0.1.2&#8243;][\/et_pb_divider][et_pb_image align=\u00bbcenter\u00bb _builder_version=\u00bb3.29.3&#8243; hover_enabled=\u00bb0&#8243; _i=\u00bb3&#8243; _address=\u00bb0.0.1.3&#8243; src=\u00bbhttps:\/\/ed.aulablog.com\/plasencia2020\/wp-content\/uploads\/sites\/11\/2019\/11\/AlejandroGalan_x236.jpg\u00bb][\/et_pb_image][\/et_pb_column][\/et_pb_row][\/et_pb_section]<\/p>\n","protected":false},"excerpt":{"rendered":"<p>Alejandro Gal\u00e1n, de 26 a\u00f1os y natural de C\u00e1ceres, es un profesor de Geograf\u00eda e Historia del instituto \u00abCuatro Villas\u00bb de Berlanga (Badajoz), que lleva algo m\u00e1s de dos a\u00f1os impartiendo clases en centros p\u00fablicos de Extremadura y Castilla La Mancha. Responsable de los \u201cDetectives de la ESO\u201d, entusiasta de la gamificaci\u00f3n y partidario de [&hellip;]<\/p>\n","protected":false},"author":2,"featured_media":0,"parent":4470,"menu_order":0,"comment_status":"closed","ping_status":"closed","template":"","meta":{"_et_pb_use_builder":"on","_et_pb_old_content":"","_et_gb_content_width":"","footnotes":""},"class_list":["post-4526","page","type-page","status-publish","hentry"],"_links":{"self":[{"href":"https:\/\/ed.aulablog.com\/plasencia2020\/wp-json\/wp\/v2\/pages\/4526","targetHints":{"allow":["GET"]}}],"collection":[{"href":"https:\/\/ed.aulablog.com\/plasencia2020\/wp-json\/wp\/v2\/pages"}],"about":[{"href":"https:\/\/ed.aulablog.com\/plasencia2020\/wp-json\/wp\/v2\/types\/page"}],"author":[{"embeddable":true,"href":"https:\/\/ed.aulablog.com\/plasencia2020\/wp-json\/wp\/v2\/users\/2"}],"replies":[{"embeddable":true,"href":"https:\/\/ed.aulablog.com\/plasencia2020\/wp-json\/wp\/v2\/comments?post=4526"}],"version-history":[{"count":2,"href":"https:\/\/ed.aulablog.com\/plasencia2020\/wp-json\/wp\/v2\/pages\/4526\/revisions"}],"predecessor-version":[{"id":4530,"href":"https:\/\/ed.aulablog.com\/plasencia2020\/wp-json\/wp\/v2\/pages\/4526\/revisions\/4530"}],"up":[{"embeddable":true,"href":"https:\/\/ed.aulablog.com\/plasencia2020\/wp-json\/wp\/v2\/pages\/4470"}],"wp:attachment":[{"href":"https:\/\/ed.aulablog.com\/plasencia2020\/wp-json\/wp\/v2\/media?parent=4526"}],"curies":[{"name":"wp","href":"https:\/\/api.w.org\/{rel}","templated":true}]}}