{"id":4536,"date":"2019-11-27T12:28:31","date_gmt":"2019-11-27T11:28:31","guid":{"rendered":"https:\/\/ed.aulablog.com\/plasencia2020\/?page_id=4536"},"modified":"2019-11-27T12:38:06","modified_gmt":"2019-11-27T11:38:06","slug":"jose-antonio-gil-tejada","status":"publish","type":"page","link":"https:\/\/ed.aulablog.com\/plasencia2020\/portada\/ponentes\/jose-antonio-gil-tejada\/","title":{"rendered":"Jos\u00e9 Antonio Gil Tejada"},"content":{"rendered":"<p>[et_pb_section fb_built=\u00bb1&#8243; _builder_version=\u00bb3.29.3&#8243; fb_built=\u00bb1&#8243; _i=\u00bb0&#8243; _address=\u00bb0&#8243;][et_pb_row column_structure=\u00bb1_2,1_2&#8243; _builder_version=\u00bb3.29.3&#8243; _i=\u00bb0&#8243; _address=\u00bb0.0&#8243;][et_pb_column type=\u00bb1_2&#8243; _builder_version=\u00bb3.29.3&#8243; _i=\u00bb0&#8243; _address=\u00bb0.0.0&#8243;][et_pb_post_title author=\u00bboff\u00bb date=\u00bboff\u00bb text_color=\u00bblight\u00bb _builder_version=\u00bb3.29.3&#8243; background_color=\u00bb#0c71c3&#8243; text_shadow_style=\u00bbpreset1&#8243; _i=\u00bb0&#8243; _address=\u00bb0.0.0.0&#8243;][\/et_pb_post_title][et_pb_text _builder_version=\u00bb3.29.3&#8243; hover_enabled=\u00bb0&#8243; _i=\u00bb1&#8243; _address=\u00bb0.0.0.1&#8243;]<\/p>\n<p><span style=\"font-weight: 400;\">Maestro de EF y Licenciado en Ciencias del Deporte por la UEX. Ejerce de maestro desde el a\u00f1o 2005 y en la actualidad imparte docencia en el CEIP P\u00edo XII de Don \u00c1lvaro (Badajoz) siendo el coordinador TIC del mismo.<\/span><\/p>\n<p><span style=\"font-weight: 400;\">Desde el a\u00f1o 2012 trabaja con G Suite con su alumnado a trav\u00e9s del dominio @educarex.es para potenciar metodolog\u00edas activas como ABP, Visual Thinking apoyadas por estrategias gamificadoras.<\/span><\/p>\n<p><span style=\"font-weight: 400;\">En la actualidad participa en varios proyectos, a nivel nacional <\/span><a href=\"http:\/\/cedec.intef.es\/proyecto-edia\/\"><span style=\"font-weight: 400;\">EDIA<\/span><\/a><span style=\"font-weight: 400;\">, del CEDEC, y a nivel regional con el conjunto de compa\u00f1eras del Centro CEIP P\u00edo XII en el programa CITE a trav\u00e9s del proyecto: \u00ab<\/span><a href=\"https:\/\/sites.google.com\/educarex.es\/teatroactivoelcuentoperdido\/p%C3%A1gina-principal\"><span style=\"font-weight: 400;\">Teatro activo, en busca del cuento perdido.<\/span><\/a><span style=\"font-weight: 400;\">\u00ab<\/span><\/p>\n<p><span style=\"font-weight: 400;\">Entiende que el aprendizaje debe ser compartido y de todos, de ah\u00ed su lema: \u00abCompartir es vivir\u00bb.<\/span>\u00a0<\/p>\n<p><span style=\"font-weight: 400;\">Twitter:\u00a0<span class=\"username u-dir\" dir=\"ltr\" style=\"color: #0000ff;\">@josangiltejada<\/span><\/span><\/p>\n<p>[\/et_pb_text][\/et_pb_column][et_pb_column type=\u00bb1_2&#8243; _builder_version=\u00bb3.29.3&#8243; _i=\u00bb1&#8243; _address=\u00bb0.0.1&#8243;][et_pb_divider show_divider=\u00bboff\u00bb _builder_version=\u00bb3.29.3&#8243; _i=\u00bb0&#8243; _address=\u00bb0.0.1.0&#8243;][\/et_pb_divider][et_pb_divider show_divider=\u00bboff\u00bb _builder_version=\u00bb3.29.3&#8243; _i=\u00bb1&#8243; _address=\u00bb0.0.1.1&#8243;][\/et_pb_divider][et_pb_divider show_divider=\u00bboff\u00bb _builder_version=\u00bb3.29.3&#8243; _i=\u00bb2&#8243; _address=\u00bb0.0.1.2&#8243;][\/et_pb_divider][et_pb_divider show_divider=\u00bboff\u00bb _builder_version=\u00bb3.29.3&#8243; _i=\u00bb2&#8243; _address=\u00bb0.0.1.2&#8243;][\/et_pb_divider][et_pb_image align=\u00bbcenter\u00bb _builder_version=\u00bb3.29.3&#8243; hover_enabled=\u00bb0&#8243; _i=\u00bb3&#8243; _address=\u00bb0.0.1.3&#8243; src=\u00bbhttps:\/\/ed.aulablog.com\/plasencia2020\/wp-content\/uploads\/sites\/11\/2019\/11\/jose-antonio-gil_x236.jpg\u00bb][\/et_pb_image][\/et_pb_column][\/et_pb_row][\/et_pb_section]<\/p>\n","protected":false},"excerpt":{"rendered":"<p>Maestro de EF y Licenciado en Ciencias del Deporte por la UEX. Ejerce de maestro desde el a\u00f1o 2005 y en la actualidad imparte docencia en el CEIP P\u00edo XII de Don \u00c1lvaro (Badajoz) siendo el coordinador TIC del mismo. Desde el a\u00f1o 2012 trabaja con G Suite con su alumnado a trav\u00e9s del dominio [&hellip;]<\/p>\n","protected":false},"author":2,"featured_media":0,"parent":4470,"menu_order":0,"comment_status":"closed","ping_status":"closed","template":"","meta":{"_et_pb_use_builder":"on","_et_pb_old_content":"","_et_gb_content_width":"","footnotes":""},"class_list":["post-4536","page","type-page","status-publish","hentry"],"_links":{"self":[{"href":"https:\/\/ed.aulablog.com\/plasencia2020\/wp-json\/wp\/v2\/pages\/4536","targetHints":{"allow":["GET"]}}],"collection":[{"href":"https:\/\/ed.aulablog.com\/plasencia2020\/wp-json\/wp\/v2\/pages"}],"about":[{"href":"https:\/\/ed.aulablog.com\/plasencia2020\/wp-json\/wp\/v2\/types\/page"}],"author":[{"embeddable":true,"href":"https:\/\/ed.aulablog.com\/plasencia2020\/wp-json\/wp\/v2\/users\/2"}],"replies":[{"embeddable":true,"href":"https:\/\/ed.aulablog.com\/plasencia2020\/wp-json\/wp\/v2\/comments?post=4536"}],"version-history":[{"count":2,"href":"https:\/\/ed.aulablog.com\/plasencia2020\/wp-json\/wp\/v2\/pages\/4536\/revisions"}],"predecessor-version":[{"id":4541,"href":"https:\/\/ed.aulablog.com\/plasencia2020\/wp-json\/wp\/v2\/pages\/4536\/revisions\/4541"}],"up":[{"embeddable":true,"href":"https:\/\/ed.aulablog.com\/plasencia2020\/wp-json\/wp\/v2\/pages\/4470"}],"wp:attachment":[{"href":"https:\/\/ed.aulablog.com\/plasencia2020\/wp-json\/wp\/v2\/media?parent=4536"}],"curies":[{"name":"wp","href":"https:\/\/api.w.org\/{rel}","templated":true}]}}