{"id":4548,"date":"2019-11-27T12:40:20","date_gmt":"2019-11-27T11:40:20","guid":{"rendered":"https:\/\/ed.aulablog.com\/plasencia2020\/?page_id=4548"},"modified":"2019-11-27T12:50:32","modified_gmt":"2019-11-27T11:50:32","slug":"carmen-iglesias-bueno","status":"publish","type":"page","link":"https:\/\/ed.aulablog.com\/plasencia2020\/portada\/ponentes\/carmen-iglesias-bueno\/","title":{"rendered":"Carmen Iglesias Bueno"},"content":{"rendered":"<p>[et_pb_section fb_built=\u00bb1&#8243; _builder_version=\u00bb3.29.3&#8243; fb_built=\u00bb1&#8243; _i=\u00bb0&#8243; _address=\u00bb0&#8243;][et_pb_row column_structure=\u00bb1_2,1_2&#8243; _builder_version=\u00bb3.29.3&#8243; _i=\u00bb0&#8243; _address=\u00bb0.0&#8243;][et_pb_column type=\u00bb1_2&#8243; _builder_version=\u00bb3.29.3&#8243; _i=\u00bb0&#8243; _address=\u00bb0.0.0&#8243;][et_pb_post_title author=\u00bboff\u00bb date=\u00bboff\u00bb text_color=\u00bblight\u00bb _builder_version=\u00bb3.29.3&#8243; background_color=\u00bb#0c71c3&#8243; text_shadow_style=\u00bbpreset1&#8243; _i=\u00bb0&#8243; _address=\u00bb0.0.0.0&#8243;][\/et_pb_post_title][et_pb_text _builder_version=\u00bb3.29.3&#8243; _i=\u00bb1&#8243; _address=\u00bb0.0.0.1&#8243; hover_enabled=\u00bb0&#8243;]<\/p>\n<p><span style=\"font-weight: 400;\">Licenciada en Geograf\u00eda e Historia. Community Manager educativa. <\/span><\/p>\n<p><span style=\"font-weight: 400;\">Artesana de la Red con el perfil <\/span><a href=\"https:\/\/twitter.com\/carmeniglesiasb?lang=es\"><span style=\"font-weight: 400;\">@carmeniglesiasb<\/span><\/a><span style=\"font-weight: 400;\"> identidad digital adquirida mediante mi labor de apoyo y difusi\u00f3n a la educaci\u00f3n en los 10 a\u00f1os que trabaj\u00e9 como administradora y dinamizadora del portal <\/span><a href=\"http:\/\/bibliotecaescolardigital.es\/comunidad\/BibliotecaEscolarDigital\"><span style=\"font-weight: 400;\">Biblioteca Escolar Digital<\/span><\/a><span style=\"font-weight: 400;\">, promoci\u00f3n y organizaci\u00f3n de los Encuentros de <\/span><a href=\"http:\/\/citafgsr.org\/cita\/eventos\/buenaspracticas\/\"><span style=\"font-weight: 400;\">Buenas Pr\u00e1cticas TIC en Educaci\u00f3n<\/span><\/a><span style=\"font-weight: 400;\"> del <\/span><a href=\"http:\/\/cita.fundaciongsr.org\/\"><span style=\"font-weight: 400;\">CITA<\/span><\/a><span style=\"font-weight: 400;\">. A lo largo de 2017 fui administradora, dinamizadora y difusora del portal <\/span><a href=\"http:\/\/evaluaccion.es\/\"><span style=\"font-weight: 400;\">EvaluAccion<\/span><\/a><span style=\"font-weight: 400;\"> de <\/span><a href=\"http:\/\/www.juntadeandalucia.es\/educacion\/agaeve\/\"><span style=\"font-weight: 400;\">AGAEVE<\/span><\/a><span style=\"font-weight: 400;\"> en colaboraci\u00f3n con <\/span><a href=\"https:\/\/twitter.com\/Conecta13\"><span style=\"font-weight: 400;\">@Conecta13<\/span><\/a><span style=\"font-weight: 400;\">.<\/span><\/p>\n<p><span style=\"font-weight: 400;\">Desde marzo de 2017 trabajo y navego <\/span><a href=\"https:\/\/t.co\/TTcLkiD7jo\"><span style=\"font-weight: 400;\">conotraclase.com<\/span><\/a><span style=\"font-weight: 400;\">\u00a0 Actualmente soy dinamizadora de la comunidad educativa <\/span><a href=\"https:\/\/ineverycrea.net\/comunidad\/ineverycrea\"><span style=\"font-weight: 400;\">ineverycrea<\/span><\/a><span style=\"font-weight: 400;\">. Colaboradora en <\/span><a href=\"http:\/\/edupills.educalab.es\/\"><span style=\"font-weight: 400;\">EduPills<\/span><\/a><span style=\"font-weight: 400;\"> INTEF.<\/span><\/p>\n<p><span style=\"font-weight: 400;\">Twitter:\u00a0<span class=\"username u-dir\" dir=\"ltr\" style=\"color: #0000ff;\">@carmeniglesiasb<\/span><\/span><\/p>\n<p>[\/et_pb_text][\/et_pb_column][et_pb_column type=\u00bb1_2&#8243; _builder_version=\u00bb3.29.3&#8243; _i=\u00bb1&#8243; _address=\u00bb0.0.1&#8243;][et_pb_divider show_divider=\u00bboff\u00bb _builder_version=\u00bb3.29.3&#8243; _i=\u00bb0&#8243; _address=\u00bb0.0.1.0&#8243;][\/et_pb_divider][et_pb_divider show_divider=\u00bboff\u00bb _builder_version=\u00bb3.29.3&#8243; _i=\u00bb1&#8243; _address=\u00bb0.0.1.1&#8243;][\/et_pb_divider][et_pb_divider show_divider=\u00bboff\u00bb _builder_version=\u00bb3.29.3&#8243; _i=\u00bb2&#8243; _address=\u00bb0.0.1.2&#8243;][\/et_pb_divider][et_pb_image align=\u00bbcenter\u00bb _builder_version=\u00bb3.29.3&#8243; _i=\u00bb3&#8243; _address=\u00bb0.0.1.3&#8243; src=\u00bbhttps:\/\/ed.aulablog.com\/plasencia2020\/wp-content\/uploads\/sites\/11\/2019\/11\/carmenIglesias.jpg\u00bb hover_enabled=\u00bb0&#8243;][\/et_pb_image][\/et_pb_column][\/et_pb_row][\/et_pb_section]<\/p>\n","protected":false},"excerpt":{"rendered":"<p>Licenciada en Geograf\u00eda e Historia. Community Manager educativa. Artesana de la Red con el perfil @carmeniglesiasb identidad digital adquirida mediante mi labor de apoyo y difusi\u00f3n a la educaci\u00f3n en los 10 a\u00f1os que trabaj\u00e9 como administradora y dinamizadora del portal Biblioteca Escolar Digital, promoci\u00f3n y organizaci\u00f3n de los Encuentros de Buenas Pr\u00e1cticas TIC en [&hellip;]<\/p>\n","protected":false},"author":2,"featured_media":0,"parent":4470,"menu_order":0,"comment_status":"closed","ping_status":"closed","template":"","meta":{"_et_pb_use_builder":"on","_et_pb_old_content":"","_et_gb_content_width":"","footnotes":""},"class_list":["post-4548","page","type-page","status-publish","hentry"],"_links":{"self":[{"href":"https:\/\/ed.aulablog.com\/plasencia2020\/wp-json\/wp\/v2\/pages\/4548","targetHints":{"allow":["GET"]}}],"collection":[{"href":"https:\/\/ed.aulablog.com\/plasencia2020\/wp-json\/wp\/v2\/pages"}],"about":[{"href":"https:\/\/ed.aulablog.com\/plasencia2020\/wp-json\/wp\/v2\/types\/page"}],"author":[{"embeddable":true,"href":"https:\/\/ed.aulablog.com\/plasencia2020\/wp-json\/wp\/v2\/users\/2"}],"replies":[{"embeddable":true,"href":"https:\/\/ed.aulablog.com\/plasencia2020\/wp-json\/wp\/v2\/comments?post=4548"}],"version-history":[{"count":2,"href":"https:\/\/ed.aulablog.com\/plasencia2020\/wp-json\/wp\/v2\/pages\/4548\/revisions"}],"predecessor-version":[{"id":4556,"href":"https:\/\/ed.aulablog.com\/plasencia2020\/wp-json\/wp\/v2\/pages\/4548\/revisions\/4556"}],"up":[{"embeddable":true,"href":"https:\/\/ed.aulablog.com\/plasencia2020\/wp-json\/wp\/v2\/pages\/4470"}],"wp:attachment":[{"href":"https:\/\/ed.aulablog.com\/plasencia2020\/wp-json\/wp\/v2\/media?parent=4548"}],"curies":[{"name":"wp","href":"https:\/\/api.w.org\/{rel}","templated":true}]}}