{"id":4558,"date":"2019-11-27T12:50:07","date_gmt":"2019-11-27T11:50:07","guid":{"rendered":"https:\/\/ed.aulablog.com\/plasencia2020\/?page_id=4558"},"modified":"2019-11-27T12:50:39","modified_gmt":"2019-11-27T11:50:39","slug":"lola-alberdi-causse-y-cristina-valdera-lopez","status":"publish","type":"page","link":"https:\/\/ed.aulablog.com\/plasencia2020\/portada\/ponentes\/lola-alberdi-causse-y-cristina-valdera-lopez\/","title":{"rendered":"Lola Alberdi Causse y Cristina Valdera L\u00f3pez"},"content":{"rendered":"<p>[et_pb_section fb_built=\u00bb1&#8243; _builder_version=\u00bb3.29.3&#8243; fb_built=\u00bb1&#8243; _i=\u00bb0&#8243; _address=\u00bb0&#8243;][et_pb_row column_structure=\u00bb1_2,1_2&#8243; _builder_version=\u00bb3.29.3&#8243; _i=\u00bb0&#8243; _address=\u00bb0.0&#8243;][et_pb_column type=\u00bb1_2&#8243; _builder_version=\u00bb3.29.3&#8243; _i=\u00bb0&#8243; _address=\u00bb0.0.0&#8243;][et_pb_post_title author=\u00bboff\u00bb date=\u00bboff\u00bb text_color=\u00bblight\u00bb _builder_version=\u00bb3.29.3&#8243; background_color=\u00bb#0c71c3&#8243; text_shadow_style=\u00bbpreset1&#8243; _i=\u00bb0&#8243; _address=\u00bb0.0.0.0&#8243;][\/et_pb_post_title][et_pb_text _builder_version=\u00bb3.29.3&#8243; hover_enabled=\u00bb0&#8243; _i=\u00bb1&#8243; _address=\u00bb0.0.0.1&#8243;]<\/p>\n<h2><span style=\"font-weight: 400;\">Lola Alberdi Causse<\/span><\/h2>\n<p><span style=\"font-weight: 400;\">Profesora de Geograf\u00eda e Historia desde el 2001, he trabajado durante 12 a\u00f1os como cargo directivo. <\/span><\/p>\n<p><span style=\"font-weight: 400;\">Durante la mayor parte de mi trayectoria profesional he tenido la suerte de que casi nada de lo que he hecho ha sido sola, sino en grupo. <\/span><\/p>\n<p><span style=\"font-weight: 400;\">Convencida de que en educaci\u00f3n hay que sumar, no restar. Actualmente Jefa de Servicio de Cedec.<\/span><\/p>\n<p>[\/et_pb_text][et_pb_text _builder_version=\u00bb3.29.3&#8243; hover_enabled=\u00bb0&#8243; _i=\u00bb1&#8243; _address=\u00bb0.0.0.1&#8243;]<\/p>\n<h2><span style=\"font-weight: 400;\">Cristina Valdera L\u00f3pez<\/span><\/h2>\n<p><span style=\"font-weight: 400;\">Profesora de Organizaci\u00f3n y Gesti\u00f3n Comercial desde el 2005 y actualmente directora del Centro Nacional de Desarrollo Curricular en Sistemas no Propietarios. <\/span><\/p>\n<p><span style=\"font-weight: 400;\">Con un sentido pr\u00e1ctico de la educaci\u00f3n, creo firmemente que los proyectos compartidos pueden dotar de sentido a la educaci\u00f3n hoy d\u00eda.<\/span><\/p>\n<p>[\/et_pb_text][\/et_pb_column][et_pb_column type=\u00bb1_2&#8243; _builder_version=\u00bb3.29.3&#8243; _i=\u00bb1&#8243; _address=\u00bb0.0.1&#8243;][et_pb_divider show_divider=\u00bboff\u00bb _builder_version=\u00bb3.29.3&#8243; _i=\u00bb0&#8243; _address=\u00bb0.0.1.0&#8243;][\/et_pb_divider][et_pb_divider show_divider=\u00bboff\u00bb _builder_version=\u00bb3.29.3&#8243; _i=\u00bb1&#8243; _address=\u00bb0.0.1.1&#8243;][\/et_pb_divider][et_pb_divider show_divider=\u00bboff\u00bb _builder_version=\u00bb3.29.3&#8243; _i=\u00bb1&#8243; _address=\u00bb0.0.1.1&#8243;][\/et_pb_divider][et_pb_divider show_divider=\u00bboff\u00bb _builder_version=\u00bb3.29.3&#8243; _i=\u00bb1&#8243; _address=\u00bb0.0.1.1&#8243;][\/et_pb_divider][et_pb_divider show_divider=\u00bboff\u00bb _builder_version=\u00bb3.29.3&#8243; _i=\u00bb2&#8243; _address=\u00bb0.0.1.2&#8243;][\/et_pb_divider][et_pb_divider show_divider=\u00bboff\u00bb _builder_version=\u00bb3.29.3&#8243; _i=\u00bb2&#8243; _address=\u00bb0.0.1.2&#8243;][\/et_pb_divider][et_pb_divider show_divider=\u00bboff\u00bb _builder_version=\u00bb3.29.3&#8243; _i=\u00bb2&#8243; _address=\u00bb0.0.1.2&#8243;][\/et_pb_divider][et_pb_image align=\u00bbcenter\u00bb _builder_version=\u00bb3.29.3&#8243; hover_enabled=\u00bb0&#8243; _i=\u00bb3&#8243; _address=\u00bb0.0.1.3&#8243; src=\u00bbhttps:\/\/ed.aulablog.com\/plasencia2020\/wp-content\/uploads\/sites\/11\/2019\/11\/Cristina_Valdera_y_Lola_Alberdi_x236.jpg\u00bb][\/et_pb_image][\/et_pb_column][\/et_pb_row][\/et_pb_section]<\/p>\n","protected":false},"excerpt":{"rendered":"<p>Lola Alberdi Causse Profesora de Geograf\u00eda e Historia desde el 2001, he trabajado durante 12 a\u00f1os como cargo directivo. Durante la mayor parte de mi trayectoria profesional he tenido la suerte de que casi nada de lo que he hecho ha sido sola, sino en grupo. Convencida de que en educaci\u00f3n hay que sumar, no [&hellip;]<\/p>\n","protected":false},"author":2,"featured_media":0,"parent":4470,"menu_order":0,"comment_status":"closed","ping_status":"closed","template":"","meta":{"_et_pb_use_builder":"on","_et_pb_old_content":"","_et_gb_content_width":"","footnotes":""},"class_list":["post-4558","page","type-page","status-publish","hentry"],"_links":{"self":[{"href":"https:\/\/ed.aulablog.com\/plasencia2020\/wp-json\/wp\/v2\/pages\/4558","targetHints":{"allow":["GET"]}}],"collection":[{"href":"https:\/\/ed.aulablog.com\/plasencia2020\/wp-json\/wp\/v2\/pages"}],"about":[{"href":"https:\/\/ed.aulablog.com\/plasencia2020\/wp-json\/wp\/v2\/types\/page"}],"author":[{"embeddable":true,"href":"https:\/\/ed.aulablog.com\/plasencia2020\/wp-json\/wp\/v2\/users\/2"}],"replies":[{"embeddable":true,"href":"https:\/\/ed.aulablog.com\/plasencia2020\/wp-json\/wp\/v2\/comments?post=4558"}],"version-history":[{"count":3,"href":"https:\/\/ed.aulablog.com\/plasencia2020\/wp-json\/wp\/v2\/pages\/4558\/revisions"}],"predecessor-version":[{"id":4565,"href":"https:\/\/ed.aulablog.com\/plasencia2020\/wp-json\/wp\/v2\/pages\/4558\/revisions\/4565"}],"up":[{"embeddable":true,"href":"https:\/\/ed.aulablog.com\/plasencia2020\/wp-json\/wp\/v2\/pages\/4470"}],"wp:attachment":[{"href":"https:\/\/ed.aulablog.com\/plasencia2020\/wp-json\/wp\/v2\/media?parent=4558"}],"curies":[{"name":"wp","href":"https:\/\/api.w.org\/{rel}","templated":true}]}}