{"id":4569,"date":"2019-11-27T16:18:30","date_gmt":"2019-11-27T15:18:30","guid":{"rendered":"https:\/\/ed.aulablog.com\/plasencia2020\/?page_id=4569"},"modified":"2019-11-27T16:18:58","modified_gmt":"2019-11-27T15:18:58","slug":"ismael-gomez-gutierrez","status":"publish","type":"page","link":"https:\/\/ed.aulablog.com\/plasencia2020\/portada\/ponentes\/ismael-gomez-gutierrez\/","title":{"rendered":"Ismael G\u00f3mez Guti\u00e9rrez"},"content":{"rendered":"<p>[et_pb_section fb_built=\u00bb1&#8243; _builder_version=\u00bb3.29.3&#8243; fb_built=\u00bb1&#8243; _i=\u00bb0&#8243; _address=\u00bb0&#8243;][et_pb_row column_structure=\u00bb1_2,1_2&#8243; _builder_version=\u00bb3.29.3&#8243; _i=\u00bb0&#8243; _address=\u00bb0.0&#8243;][et_pb_column type=\u00bb1_2&#8243; _builder_version=\u00bb3.29.3&#8243; _i=\u00bb0&#8243; _address=\u00bb0.0.0&#8243;][et_pb_post_title author=\u00bboff\u00bb date=\u00bboff\u00bb text_color=\u00bblight\u00bb _builder_version=\u00bb3.29.3&#8243; background_color=\u00bb#0c71c3&#8243; text_shadow_style=\u00bbpreset1&#8243; _i=\u00bb0&#8243; _address=\u00bb0.0.0.0&#8243;][\/et_pb_post_title][et_pb_text _builder_version=\u00bb3.29.3&#8243; hover_enabled=\u00bb0&#8243; _i=\u00bb1&#8243; _address=\u00bb0.0.0.1&#8243;]<\/p>\n<p><span style=\"font-weight: 400;\">Ismael, o Teacher Ismael como le gusta que le llame su alumnado, comenz\u00f3 su andadura como docente en el 2005. En diferentes destinos conoci\u00f3 y comparti\u00f3 con otros docentes kil\u00f3metros y kil\u00f3metros de carreteras que dan para mucha conversaci\u00f3n sobre aulas, ni\u00f1os y ni\u00f1as, programaciones, evaluaci\u00f3n, etc.\u00a0<\/span><\/p>\n<p><span style=\"font-weight: 400;\">Teacher Ismael es un profe de cuento, que te lleva a la f\u00e1brica de Chocolate, a recorrer galaxias con su Star Class o aprendes idiomas con ayuda de los Minions.<\/span><\/p>\n<p><span style=\"font-weight: 400;\">Participa en diversos proyectos relacionados con metodolog\u00edas activas, posee un master en educaci\u00f3n biling\u00fce y ha obtenido diferentes reconocimientos: Premio Joaqu\u00edn Sama y tres Sellos de Buenas Pr\u00e1cticas TIC.\u00a0<\/span><\/p>\n<p><span style=\"font-weight: 400;\">Fiel defensor de una educaci\u00f3n que emocione.\u00a0<\/span><\/p>\n<p>Blog: <a href=\"http:\/\/laclasedelteacherismael.blogspot.com\/\" target=\"_blank\" rel=\"noopener noreferrer\">La clase del teacher Ismael<\/a><\/p>\n<p><span style=\"font-weight: 400;\">Twitter:\u00a0<span class=\"username u-dir\" dir=\"ltr\" style=\"color: #0000ff;\">@teacherismael<\/span><\/span><\/p>\n<p>[\/et_pb_text][\/et_pb_column][et_pb_column type=\u00bb1_2&#8243; _builder_version=\u00bb3.29.3&#8243; _i=\u00bb1&#8243; _address=\u00bb0.0.1&#8243;][et_pb_divider show_divider=\u00bboff\u00bb _builder_version=\u00bb3.29.3&#8243; _i=\u00bb0&#8243; _address=\u00bb0.0.1.0&#8243;][\/et_pb_divider][et_pb_divider show_divider=\u00bboff\u00bb _builder_version=\u00bb3.29.3&#8243; _i=\u00bb1&#8243; _address=\u00bb0.0.1.1&#8243;][\/et_pb_divider][et_pb_divider show_divider=\u00bboff\u00bb _builder_version=\u00bb3.29.3&#8243; _i=\u00bb2&#8243; _address=\u00bb0.0.1.2&#8243;][\/et_pb_divider][et_pb_image align=\u00bbcenter\u00bb _builder_version=\u00bb3.29.3&#8243; hover_enabled=\u00bb0&#8243; _i=\u00bb3&#8243; _address=\u00bb0.0.1.3&#8243; src=\u00bbhttps:\/\/ed.aulablog.com\/plasencia2020\/wp-content\/uploads\/sites\/11\/2019\/11\/IsmaelGomezGutierrez_x236.jpg\u00bb][\/et_pb_image][\/et_pb_column][\/et_pb_row][\/et_pb_section]<\/p>\n","protected":false},"excerpt":{"rendered":"<p>Ismael, o Teacher Ismael como le gusta que le llame su alumnado, comenz\u00f3 su andadura como docente en el 2005. En diferentes destinos conoci\u00f3 y comparti\u00f3 con otros docentes kil\u00f3metros y kil\u00f3metros de carreteras que dan para mucha conversaci\u00f3n sobre aulas, ni\u00f1os y ni\u00f1as, programaciones, evaluaci\u00f3n, etc.\u00a0 Teacher Ismael es un profe de cuento, que [&hellip;]<\/p>\n","protected":false},"author":2,"featured_media":0,"parent":4470,"menu_order":0,"comment_status":"closed","ping_status":"closed","template":"","meta":{"_et_pb_use_builder":"on","_et_pb_old_content":"","_et_gb_content_width":"","footnotes":""},"class_list":["post-4569","page","type-page","status-publish","hentry"],"_links":{"self":[{"href":"https:\/\/ed.aulablog.com\/plasencia2020\/wp-json\/wp\/v2\/pages\/4569","targetHints":{"allow":["GET"]}}],"collection":[{"href":"https:\/\/ed.aulablog.com\/plasencia2020\/wp-json\/wp\/v2\/pages"}],"about":[{"href":"https:\/\/ed.aulablog.com\/plasencia2020\/wp-json\/wp\/v2\/types\/page"}],"author":[{"embeddable":true,"href":"https:\/\/ed.aulablog.com\/plasencia2020\/wp-json\/wp\/v2\/users\/2"}],"replies":[{"embeddable":true,"href":"https:\/\/ed.aulablog.com\/plasencia2020\/wp-json\/wp\/v2\/comments?post=4569"}],"version-history":[{"count":2,"href":"https:\/\/ed.aulablog.com\/plasencia2020\/wp-json\/wp\/v2\/pages\/4569\/revisions"}],"predecessor-version":[{"id":4573,"href":"https:\/\/ed.aulablog.com\/plasencia2020\/wp-json\/wp\/v2\/pages\/4569\/revisions\/4573"}],"up":[{"embeddable":true,"href":"https:\/\/ed.aulablog.com\/plasencia2020\/wp-json\/wp\/v2\/pages\/4470"}],"wp:attachment":[{"href":"https:\/\/ed.aulablog.com\/plasencia2020\/wp-json\/wp\/v2\/media?parent=4569"}],"curies":[{"name":"wp","href":"https:\/\/api.w.org\/{rel}","templated":true}]}}