{"id":4580,"date":"2019-11-27T16:34:14","date_gmt":"2019-11-27T15:34:14","guid":{"rendered":"https:\/\/ed.aulablog.com\/plasencia2020\/?page_id=4580"},"modified":"2019-11-27T16:34:46","modified_gmt":"2019-11-27T15:34:46","slug":"ramon-besonias","status":"publish","type":"page","link":"https:\/\/ed.aulablog.com\/plasencia2020\/portada\/ponentes\/ramon-besonias\/","title":{"rendered":"Ram\u00f3n Beson\u00edas"},"content":{"rendered":"<p>[et_pb_section fb_built=\u00bb1&#8243; _builder_version=\u00bb3.29.3&#8243; fb_built=\u00bb1&#8243; _i=\u00bb0&#8243; _address=\u00bb0&#8243;][et_pb_row column_structure=\u00bb1_2,1_2&#8243; _builder_version=\u00bb3.29.3&#8243; _i=\u00bb0&#8243; _address=\u00bb0.0&#8243;][et_pb_column type=\u00bb1_2&#8243; _builder_version=\u00bb3.29.3&#8243; _i=\u00bb0&#8243; _address=\u00bb0.0.0&#8243;][et_pb_post_title author=\u00bboff\u00bb date=\u00bboff\u00bb text_color=\u00bblight\u00bb _builder_version=\u00bb3.29.3&#8243; background_color=\u00bb#0c71c3&#8243; text_shadow_style=\u00bbpreset1&#8243; _i=\u00bb0&#8243; _address=\u00bb0.0.0.0&#8243;][\/et_pb_post_title][et_pb_text _builder_version=\u00bb3.29.3&#8243; hover_enabled=\u00bb0&#8243; _i=\u00bb1&#8243; _address=\u00bb0.0.0.1&#8243;]<\/p>\n<p><span>Profesor en el instituto San Jos\u00e9 de Badajoz. <\/span><\/p>\n<p><span>Incansable dinamizador, a favor de una educaci\u00f3n activa y motivadora. <\/span><\/p>\n<p><span>Promotor del Visual Thinking en Extremadura, cofundador del proyecto colaborativo <\/span><i><span>Dib\u00fajamelas<\/span><\/i><span> o coordinador activo de <\/span><i><span>Radio San Jos\u00e9<\/span><\/i><span> son algunos de sus retos m\u00e1s conocidos, pero no dud\u00e9is de que habr\u00e1 muchos m\u00e1s, rotulador en mano, anim\u00e1ndote a desaprender.<\/span><\/p>\n<p><span>Blog: <a href=\"https:\/\/mejordibujamelo.wordpress.com\/\" target=\"_blank\" rel=\"noopener noreferrer\">Mejor dib\u00fajamelo<\/a><\/span><\/p>\n<p><span>Twitter:\u00a0<span class=\"username u-dir\" dir=\"ltr\" style=\"color: #0000ff;\">@ramon_besonias<\/span><\/span><\/p>\n<p>[\/et_pb_text][\/et_pb_column][et_pb_column type=\u00bb1_2&#8243; _builder_version=\u00bb3.29.3&#8243; _i=\u00bb1&#8243; _address=\u00bb0.0.1&#8243;][et_pb_divider show_divider=\u00bboff\u00bb _builder_version=\u00bb3.29.3&#8243; _i=\u00bb0&#8243; _address=\u00bb0.0.1.0&#8243;][\/et_pb_divider][et_pb_divider show_divider=\u00bboff\u00bb _builder_version=\u00bb3.29.3&#8243; _i=\u00bb1&#8243; _address=\u00bb0.0.1.1&#8243;][\/et_pb_divider][et_pb_divider show_divider=\u00bboff\u00bb _builder_version=\u00bb3.29.3&#8243; _i=\u00bb2&#8243; _address=\u00bb0.0.1.2&#8243;][\/et_pb_divider][et_pb_image align=\u00bbcenter\u00bb _builder_version=\u00bb3.29.3&#8243; hover_enabled=\u00bb0&#8243; _i=\u00bb3&#8243; _address=\u00bb0.0.1.3&#8243; src=\u00bbhttps:\/\/ed.aulablog.com\/plasencia2020\/wp-content\/uploads\/sites\/11\/2019\/11\/ramon_besonias._x236jpg.jpg\u00bb][\/et_pb_image][\/et_pb_column][\/et_pb_row][\/et_pb_section]<\/p>\n","protected":false},"excerpt":{"rendered":"<p>Profesor en el instituto San Jos\u00e9 de Badajoz. Incansable dinamizador, a favor de una educaci\u00f3n activa y motivadora. Promotor del Visual Thinking en Extremadura, cofundador del proyecto colaborativo Dib\u00fajamelas o coordinador activo de Radio San Jos\u00e9 son algunos de sus retos m\u00e1s conocidos, pero no dud\u00e9is de que habr\u00e1 muchos m\u00e1s, rotulador en mano, anim\u00e1ndote [&hellip;]<\/p>\n","protected":false},"author":2,"featured_media":0,"parent":4470,"menu_order":0,"comment_status":"closed","ping_status":"closed","template":"","meta":{"_et_pb_use_builder":"on","_et_pb_old_content":"","_et_gb_content_width":"","footnotes":""},"class_list":["post-4580","page","type-page","status-publish","hentry"],"_links":{"self":[{"href":"https:\/\/ed.aulablog.com\/plasencia2020\/wp-json\/wp\/v2\/pages\/4580","targetHints":{"allow":["GET"]}}],"collection":[{"href":"https:\/\/ed.aulablog.com\/plasencia2020\/wp-json\/wp\/v2\/pages"}],"about":[{"href":"https:\/\/ed.aulablog.com\/plasencia2020\/wp-json\/wp\/v2\/types\/page"}],"author":[{"embeddable":true,"href":"https:\/\/ed.aulablog.com\/plasencia2020\/wp-json\/wp\/v2\/users\/2"}],"replies":[{"embeddable":true,"href":"https:\/\/ed.aulablog.com\/plasencia2020\/wp-json\/wp\/v2\/comments?post=4580"}],"version-history":[{"count":3,"href":"https:\/\/ed.aulablog.com\/plasencia2020\/wp-json\/wp\/v2\/pages\/4580\/revisions"}],"predecessor-version":[{"id":4586,"href":"https:\/\/ed.aulablog.com\/plasencia2020\/wp-json\/wp\/v2\/pages\/4580\/revisions\/4586"}],"up":[{"embeddable":true,"href":"https:\/\/ed.aulablog.com\/plasencia2020\/wp-json\/wp\/v2\/pages\/4470"}],"wp:attachment":[{"href":"https:\/\/ed.aulablog.com\/plasencia2020\/wp-json\/wp\/v2\/media?parent=4580"}],"curies":[{"name":"wp","href":"https:\/\/api.w.org\/{rel}","templated":true}]}}